{"id":100,"date":"2024-10-21T09:42:49","date_gmt":"2024-10-21T09:42:49","guid":{"rendered":"https:\/\/test.lbase.software\/?page_id=100"},"modified":"2026-04-13T15:02:19","modified_gmt":"2026-04-13T15:02:19","slug":"inventory-tracking-management","status":"publish","type":"page","link":"https:\/\/lbase.software\/en\/bestandsverfolgung-und-verwaltung\/","title":{"rendered":"Inventory tracking \/ Management"},"content":{"rendered":"<div class=\"wp-block-cover alignfull is-style-default has-base-color has-text-color has-link-color wp-elements-543ad394b9ab368106344919fac3bc4b\" style=\"padding-top:var(--wp--preset--spacing--80);padding-bottom:var(--wp--preset--spacing--80);min-height:25vw;aspect-ratio:unset;\"><span aria-hidden=\"true\" class=\"wp-block-cover__background has-contrast-background-color has-background-dim\"><\/span><img loading=\"lazy\" decoding=\"async\" width=\"1536\" height=\"600\" src=\"https:\/\/lbase.software\/wp-content\/uploads\/Bestand_lbaseWsite_iSt_1386599849.jpg\" class=\"wp-block-cover__image-background wp-post-image\" alt=\"Bestandverfolgung Bestandsverwaltung lbase, Axians, WMS Warehouse-Management System\" data-object-fit=\"cover\" srcset=\"https:\/\/lbase.software\/wp-content\/uploads\/Bestand_lbaseWsite_iSt_1386599849.jpg 1536w, https:\/\/lbase.software\/wp-content\/uploads\/Bestand_lbaseWsite_iSt_1386599849-300x117.jpg 300w, https:\/\/lbase.software\/wp-content\/uploads\/Bestand_lbaseWsite_iSt_1386599849-1024x400.jpg 1024w, https:\/\/lbase.software\/wp-content\/uploads\/Bestand_lbaseWsite_iSt_1386599849-768x300.jpg 768w, https:\/\/lbase.software\/wp-content\/uploads\/Bestand_lbaseWsite_iSt_1386599849-18x7.jpg 18w\" sizes=\"auto, (max-width: 1536px) 100vw, 1536px\" \/><div class=\"wp-block-cover__inner-container is-layout-flow wp-block-cover-is-layout-flow\"><h2 class=\"has-text-align-center has-link-color wp-elements-6185a3863d3d479784602f2f05360429 wp-block-post-title has-text-color has-base-color\">Inventory tracking \/ Management<\/h2><\/div><\/div>\n\n\n\n<div class=\"wp-block-group alignfull has-global-padding is-layout-constrained wp-container-core-group-is-layout-2cb48cf1 wp-block-group-is-layout-constrained has-background\" style=\"margin-top:var(--wp--preset--spacing--80);margin-bottom:var(--wp--preset--spacing--80);background-image:url(&apos;https:\/\/lbase.software\/wp-content\/uploads\/Helix.png&apos;);background-position:0% 50%;background-repeat:no-repeat;background-size:contain;\">\n<div class=\"wp-block-group alignfull has-large-font-size has-global-padding is-layout-constrained wp-block-group-is-layout-constrained\">\n<p class=\"has-large-font-size\">Keeping an eye on current stock levels is a key challenge and requirement for every production and trading company. Our warehouse management software supports you in this by managing and monitoring stock levels in real time. Modern technology optimises warehouse processes, records incoming and outgoing goods precisely and enables real-time requirements planning.&nbsp;<\/p>\n<\/div>\n\n\n\n<div class=\"wp-block-group is-layout-grid wp-container-core-group-is-layout-bec8567f wp-block-group-is-layout-grid\">\n<div class=\"wp-block-group has-global-padding is-layout-constrained wp-block-group-is-layout-constrained\">\n<h2 class=\"wp-block-heading has-large-font-size\" id=\"h-ihre-herausforderung-nbsp\"><strong>Your challenge<\/strong>&nbsp;<\/h2>\n\n\n\n<p>To avoid bottlenecks or excess stock, you need precise stock figures, reliable forecasts and early warnings. Seamless tracking of deliveries to and from your warehouse is crucial for efficient warehouse and transport processes.&nbsp;<\/p>\n<\/div>\n\n\n\n<div class=\"wp-block-group has-global-padding is-layout-constrained wp-block-group-is-layout-constrained\">\n<h2 class=\"wp-block-heading has-large-font-size\" id=\"h-unsere-losung-nbsp\"><strong>Our solution<\/strong>&nbsp;<\/h2>\n\n\n\n<p>Our WMS software for inventory tracking and warehouse management provides you with accurate stock figures with real-time stock monitoring. Automated reordering is triggered directly when required and blockchain back-tracing ensures complete traceability.&nbsp;<\/p>\n<\/div>\n\n\n\n<div class=\"wp-block-group has-global-padding is-layout-constrained wp-block-group-is-layout-constrained\">\n<h2 class=\"wp-block-heading has-large-font-size\" id=\"h-die-zukunftsaussichten-nbsp\"><strong>The future prospects<\/strong>&nbsp;<\/h2>\n\n\n\n<p>With our inventory and warehouse optimisation software, you can rely on future-oriented technologies today. Seamless integration - also via our eco-partners - allows you to utilise the latest approaches from the fields of AI, IoT and environmental protection.&nbsp;<\/p>\n<\/div>\n<\/div>\n<\/div>\n\n\n\n<div class=\"wp-block-group alignfull has-white-color has-luminous-vivid-amber-to-luminous-vivid-orange-gradient-background has-text-color has-background has-x-large-font-size is-layout-flow wp-block-group-is-layout-flow\" style=\"padding-top:var(--wp--preset--spacing--60);padding-right:var(--wp--preset--spacing--60);padding-bottom:var(--wp--preset--spacing--60);padding-left:var(--wp--preset--spacing--60)\">\n<div class=\"wp-block-group has-global-padding is-layout-constrained wp-block-group-is-layout-constrained\">\n<div class=\"wp-block-columns is-layout-flex wp-container-core-columns-is-layout-f24b2f23 wp-block-columns-is-layout-flex\" style=\"padding-top:var(--wp--preset--spacing--80);padding-bottom:var(--wp--preset--spacing--80)\">\n<div class=\"wp-block-column is-layout-flow wp-container-core-column-is-layout-f751d6c2 wp-block-column-is-layout-flow\" style=\"flex-basis:75%\">\n<div class=\"wp-block-group is-vertical is-layout-flex wp-container-core-group-is-layout-cd86aea5 wp-block-group-is-layout-flex\">\n<p>Inventory tracking is constantly evolving and brings with it new requirements for your company. With us, you stay up to date and are optimally prepared for future challenges.&nbsp;<\/p>\n\n\n\n<div class=\"wp-block-buttons is-layout-flex wp-block-buttons-is-layout-flex\">\n<div class=\"wp-block-button is-style-fill\"><a class=\"wp-block-button__link has-secondary-color has-white-background-color has-text-color has-background has-link-color wp-element-button\" href=\"https:\/\/lbase.software\/en\/contact\/\" style=\"border-style:none;border-width:0px\">CONTACT US<\/a><\/div>\n<\/div>\n<\/div>\n<\/div>\n\n\n\n<div class=\"wp-block-column is-layout-flow wp-block-column-is-layout-flow\" style=\"flex-basis:25%\">\n<div style=\"height:49px\" aria-hidden=\"true\" class=\"wp-block-spacer\"><\/div>\n<\/div>\n<\/div>\n<\/div>\n<\/div>","protected":false},"excerpt":{"rendered":"<p>Den aktuellen Lagerbestand im Blick zu behalten, ist eine zentrale Herausforderung und Anforderung f\u00fcr jedes Produktions- und Handelsunternehmen. Unsere Lagermanagement-Software unterst\u00fctzt Sie dabei, indem sie die Verwaltung und \u00dcberwachung des Lagerbestandes in Echtzeit \u00fcbernimmt. Moderne Technologie optimiert Lagerprozesse, erfasst Wareneingang und Warenausgang pr\u00e4zise und erm\u00f6glicht eine Bedarfsplanung in Echtzeit.&nbsp; Ihre Herausforderung&nbsp; Um Engp\u00e4sse oder \u00dcberbest\u00e4nde [&hellip;]<\/p>\n","protected":false},"author":1,"featured_media":2558,"parent":0,"menu_order":0,"comment_status":"closed","ping_status":"closed","template":"","meta":{"_acf_changed":false,"content-type":"","footnotes":""},"categories":[],"tags":[],"class_list":["post-100","page","type-page","status-publish","has-post-thumbnail","hentry"],"acf":[],"_links":{"self":[{"href":"https:\/\/lbase.software\/en\/wp-json\/wp\/v2\/pages\/100","targetHints":{"allow":["GET"]}}],"collection":[{"href":"https:\/\/lbase.software\/en\/wp-json\/wp\/v2\/pages"}],"about":[{"href":"https:\/\/lbase.software\/en\/wp-json\/wp\/v2\/types\/page"}],"author":[{"embeddable":true,"href":"https:\/\/lbase.software\/en\/wp-json\/wp\/v2\/users\/1"}],"replies":[{"embeddable":true,"href":"https:\/\/lbase.software\/en\/wp-json\/wp\/v2\/comments?post=100"}],"version-history":[{"count":16,"href":"https:\/\/lbase.software\/en\/wp-json\/wp\/v2\/pages\/100\/revisions"}],"predecessor-version":[{"id":4718,"href":"https:\/\/lbase.software\/en\/wp-json\/wp\/v2\/pages\/100\/revisions\/4718"}],"wp:featuredmedia":[{"embeddable":true,"href":"https:\/\/lbase.software\/en\/wp-json\/wp\/v2\/media\/2558"}],"wp:attachment":[{"href":"https:\/\/lbase.software\/en\/wp-json\/wp\/v2\/media?parent=100"}],"wp:term":[{"taxonomy":"category","embeddable":true,"href":"https:\/\/lbase.software\/en\/wp-json\/wp\/v2\/categories?post=100"},{"taxonomy":"post_tag","embeddable":true,"href":"https:\/\/lbase.software\/en\/wp-json\/wp\/v2\/tags?post=100"}],"curies":[{"name":"wp","href":"https:\/\/api.w.org\/{rel}","templated":true}]}}