{"id":110,"date":"2024-10-21T09:44:48","date_gmt":"2024-10-21T09:44:48","guid":{"rendered":"https:\/\/test.lbase.software\/?page_id=110"},"modified":"2026-04-13T15:05:59","modified_gmt":"2026-04-13T15:05:59","slug":"security-and-compliance-management","status":"publish","type":"page","link":"https:\/\/lbase.software\/en\/sicherheits-und-compliance-management\/","title":{"rendered":"Security and compliance management\u00a0"},"content":{"rendered":"<div class=\"wp-block-cover alignfull is-style-default has-base-color has-text-color has-link-color wp-elements-b13992dabf3be2c7fcdb885fbf959e12\" style=\"padding-top:var(--wp--preset--spacing--80);padding-bottom:var(--wp--preset--spacing--80);min-height:25vw;aspect-ratio:unset;\"><span aria-hidden=\"true\" class=\"wp-block-cover__background has-contrast-background-color has-background-dim\"><\/span><img loading=\"lazy\" decoding=\"async\" width=\"1536\" height=\"600\" src=\"https:\/\/lbase.software\/wp-content\/uploads\/Compliance_WMS_lbaseWsite_FRP_30589263.jpg\" class=\"wp-block-cover__image-background wp-post-image\" alt=\"\" data-object-fit=\"cover\" data-object-position=\"55% 18%\" style=\"object-position:55% 18%;\" srcset=\"https:\/\/lbase.software\/wp-content\/uploads\/Compliance_WMS_lbaseWsite_FRP_30589263.jpg 1536w, https:\/\/lbase.software\/wp-content\/uploads\/Compliance_WMS_lbaseWsite_FRP_30589263-300x117.jpg 300w, https:\/\/lbase.software\/wp-content\/uploads\/Compliance_WMS_lbaseWsite_FRP_30589263-1024x400.jpg 1024w, https:\/\/lbase.software\/wp-content\/uploads\/Compliance_WMS_lbaseWsite_FRP_30589263-768x300.jpg 768w, https:\/\/lbase.software\/wp-content\/uploads\/Compliance_WMS_lbaseWsite_FRP_30589263-18x7.jpg 18w\" sizes=\"auto, (max-width: 1536px) 100vw, 1536px\" \/><div class=\"wp-block-cover__inner-container is-layout-flow wp-block-cover-is-layout-flow\"><h2 class=\"has-text-align-center has-link-color wp-elements-6185a3863d3d479784602f2f05360429 wp-block-post-title has-text-color has-base-color\">Security and compliance management\u00a0<\/h2><\/div><\/div>\n\n\n\n<div class=\"wp-block-group alignfull has-global-padding is-layout-constrained wp-container-core-group-is-layout-2cb48cf1 wp-block-group-is-layout-constrained has-background\" style=\"margin-top:var(--wp--preset--spacing--80);margin-bottom:var(--wp--preset--spacing--80);background-image:url(&apos;https:\/\/lbase.software\/wp-content\/uploads\/Helix.png&apos;);background-position:0% 50%;background-repeat:no-repeat;background-size:contain;\">\n<p class=\"has-large-font-size\">Compliance requirements such as adherence to safety standards and legal regulations in warehouse operations are of central importance for companies in Europe. Our compliance management software helps you to implement automated processes and regular checks to ensure the integrity of goods and reliably fulfil legal requirements.&nbsp;<\/p>\n\n\n\n<div class=\"wp-block-group is-layout-grid wp-container-core-group-is-layout-bec8567f wp-block-group-is-layout-grid\">\n<div class=\"wp-block-group has-global-padding is-layout-constrained wp-block-group-is-layout-constrained\">\n<h2 class=\"wp-block-heading has-large-font-size\" id=\"h-ihre-herausforderung-nbsp\"><strong>Your challenge<\/strong>&nbsp;<\/h2>\n\n\n\n<p>Legal requirements in warehouse management and transport require continuous control and monitoring. This takes time and ties up resources that are needed elsewhere.&nbsp;<\/p>\n<\/div>\n\n\n\n<div class=\"wp-block-group has-global-padding is-layout-constrained wp-block-group-is-layout-constrained\">\n<h2 class=\"wp-block-heading has-large-font-size\" id=\"h-unsere-losung-nbsp\"><strong>Our solution<\/strong>&nbsp;<\/h2>\n\n\n\n<p>Our compliance management software ensures compliance with all legal requirements through automated processes. It offers reliable monitoring, making it easier to deal with complex requirements.&nbsp;<\/p>\n<\/div>\n\n\n\n<div class=\"wp-block-group has-global-padding is-layout-constrained wp-block-group-is-layout-constrained\">\n<h2 class=\"wp-block-heading has-large-font-size\" id=\"h-die-zukunftsaussichten-nbsp\"><strong>The future prospects<\/strong>&nbsp;<\/h2>\n\n\n\n<p>In future, the use of AI will further simplify the analysis and implementation of compliance requirements. We attach particular importance to the ethical use and transparency of AI in order to make optimisations safe and traceable.&nbsp;<\/p>\n<\/div>\n<\/div>\n<\/div>\n\n\n\n<div class=\"wp-block-group alignfull has-white-color has-luminous-vivid-amber-to-luminous-vivid-orange-gradient-background has-text-color has-background has-x-large-font-size is-layout-flow wp-block-group-is-layout-flow\" style=\"padding-top:var(--wp--preset--spacing--60);padding-right:var(--wp--preset--spacing--60);padding-bottom:var(--wp--preset--spacing--60);padding-left:var(--wp--preset--spacing--60)\">\n<div class=\"wp-block-group has-global-padding is-layout-constrained wp-block-group-is-layout-constrained\">\n<div class=\"wp-block-columns is-layout-flex wp-container-core-columns-is-layout-f24b2f23 wp-block-columns-is-layout-flex\" style=\"padding-top:var(--wp--preset--spacing--80);padding-bottom:var(--wp--preset--spacing--80)\">\n<div class=\"wp-block-column is-layout-flow wp-container-core-column-is-layout-f751d6c2 wp-block-column-is-layout-flow\" style=\"flex-basis:75%\">\n<div class=\"wp-block-group is-vertical is-layout-flex wp-container-core-group-is-layout-cd86aea5 wp-block-group-is-layout-flex\">\n<p>With our WMS software, you can keep track of your compliance requirements now and in the future. Automated controls and suggestions for improvement help you to act efficiently and legally compliant.&nbsp;<\/p>\n\n\n\n<div class=\"wp-block-buttons is-layout-flex wp-block-buttons-is-layout-flex\">\n<div class=\"wp-block-button is-style-fill\"><a class=\"wp-block-button__link has-secondary-color has-white-background-color has-text-color has-background has-link-color wp-element-button\" href=\"https:\/\/lbase.software\/en\/contact\/\" style=\"border-style:none;border-width:0px\">CONTACT US<\/a><\/div>\n<\/div>\n<\/div>\n<\/div>\n\n\n\n<div class=\"wp-block-column is-layout-flow wp-block-column-is-layout-flow\" style=\"flex-basis:25%\">\n<div style=\"height:49px\" aria-hidden=\"true\" class=\"wp-block-spacer\"><\/div>\n<\/div>\n<\/div>\n<\/div>\n<\/div>","protected":false},"excerpt":{"rendered":"<p>Compliance-Anforderungen wie die Einhaltung von Sicherheitsstandards und gesetzlichen Vorschriften im Lagerbetrieb sind f\u00fcr Unternehmen in Europa von zentraler Bedeutung. Unsere Compliance-Management-Software hilft Ihnen dabei, automatisierte Prozesse und regelm\u00e4\u00dfige Kontrollen zu implementieren, um die Warenintegrit\u00e4t zu sichern und rechtliche Anforderungen zuverl\u00e4ssig zu erf\u00fcllen.&nbsp; Ihre Herausforderung&nbsp; Rechtliche Vorgaben im Lagermanagement und Transport erfordern eine kontinuierliche Kontrolle und [&hellip;]<\/p>\n","protected":false},"author":1,"featured_media":3950,"parent":0,"menu_order":0,"comment_status":"closed","ping_status":"closed","template":"","meta":{"_acf_changed":false,"content-type":"","footnotes":""},"categories":[],"tags":[],"class_list":["post-110","page","type-page","status-publish","has-post-thumbnail","hentry"],"acf":[],"_links":{"self":[{"href":"https:\/\/lbase.software\/en\/wp-json\/wp\/v2\/pages\/110","targetHints":{"allow":["GET"]}}],"collection":[{"href":"https:\/\/lbase.software\/en\/wp-json\/wp\/v2\/pages"}],"about":[{"href":"https:\/\/lbase.software\/en\/wp-json\/wp\/v2\/types\/page"}],"author":[{"embeddable":true,"href":"https:\/\/lbase.software\/en\/wp-json\/wp\/v2\/users\/1"}],"replies":[{"embeddable":true,"href":"https:\/\/lbase.software\/en\/wp-json\/wp\/v2\/comments?post=110"}],"version-history":[{"count":14,"href":"https:\/\/lbase.software\/en\/wp-json\/wp\/v2\/pages\/110\/revisions"}],"predecessor-version":[{"id":4722,"href":"https:\/\/lbase.software\/en\/wp-json\/wp\/v2\/pages\/110\/revisions\/4722"}],"wp:featuredmedia":[{"embeddable":true,"href":"https:\/\/lbase.software\/en\/wp-json\/wp\/v2\/media\/3950"}],"wp:attachment":[{"href":"https:\/\/lbase.software\/en\/wp-json\/wp\/v2\/media?parent=110"}],"wp:term":[{"taxonomy":"category","embeddable":true,"href":"https:\/\/lbase.software\/en\/wp-json\/wp\/v2\/categories?post=110"},{"taxonomy":"post_tag","embeddable":true,"href":"https:\/\/lbase.software\/en\/wp-json\/wp\/v2\/tags?post=110"}],"curies":[{"name":"wp","href":"https:\/\/api.w.org\/{rel}","templated":true}]}}