{"id":114,"date":"2024-10-21T09:45:17","date_gmt":"2024-10-21T09:45:17","guid":{"rendered":"https:\/\/test.lbase.software\/?page_id=114"},"modified":"2025-02-21T21:53:18","modified_gmt":"2025-02-21T21:53:18","slug":"saas-for-logistics","status":"publish","type":"page","link":"https:\/\/lbase.software\/en\/saas-fuer-logistik\/","title":{"rendered":"SaaS for logistics"},"content":{"rendered":"<div class=\"wp-block-cover alignfull is-style-default has-base-color has-text-color has-link-color wp-elements-543ad394b9ab368106344919fac3bc4b\" style=\"padding-top:var(--wp--preset--spacing--80);padding-bottom:var(--wp--preset--spacing--80);min-height:25vw;aspect-ratio:unset;\"><span aria-hidden=\"true\" class=\"wp-block-cover__background has-contrast-background-color has-background-dim\"><\/span><img loading=\"lazy\" decoding=\"async\" width=\"1536\" height=\"600\" src=\"https:\/\/lbase.software\/wp-content\/uploads\/SaaS_lbase_Wsite_iSt_1053092732.jpg\" class=\"wp-block-cover__image-background wp-post-image\" alt=\"SaaS f\u00fcr die Logistik lbase Axians\" data-object-fit=\"cover\" srcset=\"https:\/\/lbase.software\/wp-content\/uploads\/SaaS_lbase_Wsite_iSt_1053092732.jpg 1536w, https:\/\/lbase.software\/wp-content\/uploads\/SaaS_lbase_Wsite_iSt_1053092732-300x117.jpg 300w, https:\/\/lbase.software\/wp-content\/uploads\/SaaS_lbase_Wsite_iSt_1053092732-1024x400.jpg 1024w, https:\/\/lbase.software\/wp-content\/uploads\/SaaS_lbase_Wsite_iSt_1053092732-768x300.jpg 768w, https:\/\/lbase.software\/wp-content\/uploads\/SaaS_lbase_Wsite_iSt_1053092732-18x7.jpg 18w\" sizes=\"auto, (max-width: 1536px) 100vw, 1536px\" \/><div class=\"wp-block-cover__inner-container is-layout-flow wp-block-cover-is-layout-flow\"><h2 class=\"has-text-align-center has-link-color wp-elements-6185a3863d3d479784602f2f05360429 wp-block-post-title has-text-color has-base-color\">SaaS for logistics<\/h2><\/div><\/div>\n\n\n\n<div class=\"wp-block-group alignfull has-large-font-size has-global-padding is-layout-constrained wp-block-group-is-layout-constrained\" style=\"margin-top:var(--wp--preset--spacing--80);margin-bottom:var(--wp--preset--spacing--80)\">\n<p>Software-as-a-Service (SaaS) solutions are indispensable in modern logistics. They reduce complexity, simplify administration and enable real-time data to be analysed. In this way, they support data-based decisions and optimise processes. Our SaaS solutions - operated in European data centres - impress with their scalability, flexibility, data security, up-to-dateness and cost efficiency. We offer an integrated end-to-end solution that seamlessly combines SaaS hosting, operational management, third-party licences and maintenance. This allows you to significantly reduce the complexity of your IT landscape and relieve the strain on your internal resources. Less effort means more time for your core business.<\/p>\n\n\n\n<p>Artificial intelligence (AI), IoT, machine learning and sustainable optimisation models will continue to play a central role in SaaS solutions in logistics and warehouse management. Our aim is therefore to continuously develop these technologies in order to provide you with future-proof and powerful software solutions.<\/p>\n<\/div>\n\n\n\n<div class=\"wp-block-group alignfull has-global-padding is-layout-constrained wp-block-group-is-layout-constrained has-background\" style=\"margin-top:var(--wp--preset--spacing--80);margin-bottom:var(--wp--preset--spacing--80);background-image:url(&apos;https:\/\/lbase.software\/wp-content\/uploads\/Helix.png&apos;);background-position:0% 50%;background-repeat:no-repeat;background-size:contain;\">\n<h2 class=\"wp-block-heading\" id=\"h-cloud-solutions\">Cloud Solutions<\/h2>\n\n\n\n<p>Mit den Cloud-Solutions bietet die Marke addHelix webbasierte L\u00f6sungen, mit denen Sie jederzeit und von jedem Endger\u00e4t auf Ihre Logistikdaten zugreifen k\u00f6nnen. Ob Routenplanung, Verkehrsdaten oder Echtzeit-Updates \u2013 digitale L\u00f6sungen wie die von addHelix erm\u00f6glichen Ihnen schnelle und flexible Reaktionen auf t\u00e4gliche Herausforderungen. Unsere webbasierten Cloud-Solutions bieten Ihnen eine intuitive Bedienung und eine einfache Integration in Ihre bestehende IT-Architektur. Profitieren Sie so von neuesten Technologien in Ihrer Logistik- und Lagerverwaltung und bleiben Sie Ihrer Konkurrenz stets einen Schritt voraus.<\/p>\n\n\n\n<div class=\"wp-block-group is-layout-grid wp-container-core-group-is-layout-b1d7f5a4 wp-block-group-is-layout-grid\" style=\"margin-top:var(--wp--preset--spacing--60);margin-bottom:var(--wp--preset--spacing--60)\">\n<div class=\"wp-block-group has-global-padding is-layout-constrained wp-block-group-is-layout-constrained\">\n<h3 class=\"wp-block-heading\" id=\"h-data-max\">Data Max<\/h3>\n\n\n\n<p>We provide you with a software solution for data management that fulfils all security standards and GDPR requirements. Our servers in Austria guarantee maximum data security. With Data Max, you get a reliable basis for fact-based decisions and a significant simplification of your data management.<\/p>\n\n\n\n<div class=\"wp-block-buttons is-layout-flex wp-block-buttons-is-layout-flex\" style=\"margin-top:var(--wp--preset--spacing--60);margin-bottom:var(--wp--preset--spacing--60)\">\n<div class=\"wp-block-button is-style-outline is-style-outline--1\"><a class=\"wp-block-button__link has-base-color has-custom-color-3-gradient-background has-text-color has-background has-link-color wp-element-button\" href=\"https:\/\/www.addhelix.com\/services\/data-max\/\" target=\"_blank\" rel=\"noreferrer noopener\">More about DATA MAX<\/a><\/div>\n<\/div>\n<\/div>\n\n\n\n<div class=\"wp-block-group has-global-padding is-layout-constrained wp-block-group-is-layout-constrained\">\n<h3 class=\"wp-block-heading\" id=\"h-road\">Road<\/h3>\n\n\n\n<p>For small and medium-sized companies, the intelligent route planner Road combines logistical expertise with a responsive, user-friendly interface. Functions such as resource management, optimised route planning and live tracking ensure more efficient fleet management - whether for goods or passenger transport.<\/p>\n\n\n\n<div class=\"wp-block-buttons is-layout-flex wp-block-buttons-is-layout-flex\" style=\"margin-top:var(--wp--preset--spacing--60);margin-bottom:var(--wp--preset--spacing--60)\">\n<div class=\"wp-block-button is-style-fill\"><a class=\"wp-block-button__link has-custom-color-3-gradient-background has-background wp-element-button\" href=\"https:\/\/www.addhelix.com\/roadrunner\/\" target=\"_blank\" rel=\"noreferrer noopener\">More about ROAD<\/a><\/div>\n<\/div>\n<\/div>\n<\/div>\n<\/div>\n\n\n\n<div class=\"wp-block-group has-global-padding is-layout-constrained wp-container-core-group-is-layout-9438b2ca wp-block-group-is-layout-constrained\" style=\"margin-top:var(--wp--preset--spacing--80);margin-bottom:var(--wp--preset--spacing--80)\">\n<h2 class=\"wp-block-heading\" id=\"h-webservices\">Webservices<\/h2>\n\n\n\n<p>There are new challenges every day in the demanding world of logistics and delivery services, including heavy traffic, roadworks and geographical features such as mountain passes, multiple route stops and the planning of complex supply chains involving many stakeholders. The web-based addHelix services enable you to meet your logistics needs with route planning, geo-fencing, real-time data, map visualisation and digital data management from any device. In addition to our cloud services, with addHelix we offer a variety of other web services that make your processes more efficient.<\/p>\n\n\n\n<p>The web service modules from addHelix are a flexible, scalable solution to save time and resources.<\/p>\n\n\n\n<div class=\"wp-block-buttons is-layout-flex wp-block-buttons-is-layout-flex\" style=\"margin-top:var(--wp--preset--spacing--60);margin-bottom:var(--wp--preset--spacing--60)\">\n<div class=\"wp-block-button is-style-fill\"><a class=\"wp-block-button__link has-custom-color-3-gradient-background has-background wp-element-button\" href=\"https:\/\/www.addhelix.com\/\" target=\"_blank\" rel=\"noreferrer noopener\">More about the web services from ADDHELIX<\/a><\/div>\n<\/div>\n<\/div>\n\n\n\n<div class=\"wp-block-group alignfull has-white-color has-text-color has-background is-layout-flow wp-block-group-is-layout-flow\" style=\"background:linear-gradient(224deg,rgb(65,192,240) 0%,rgb(162,0,103) 100%);margin-top:0;margin-bottom:0;padding-top:var(--wp--preset--spacing--60);padding-right:var(--wp--preset--spacing--60);padding-bottom:var(--wp--preset--spacing--60);padding-left:var(--wp--preset--spacing--60)\">\n<div class=\"wp-block-group has-global-padding is-layout-constrained wp-block-group-is-layout-constrained\">\n<div class=\"wp-block-columns is-layout-flex wp-container-core-columns-is-layout-f24b2f23 wp-block-columns-is-layout-flex\" style=\"padding-top:var(--wp--preset--spacing--80);padding-bottom:var(--wp--preset--spacing--80)\">\n<div class=\"wp-block-column is-layout-flow wp-container-core-column-is-layout-9f77543f wp-block-column-is-layout-flow\" style=\"flex-basis:75%\">\n<div class=\"wp-block-group is-vertical is-layout-flex wp-container-core-group-is-layout-c35747d5 wp-block-group-is-layout-flex\">\n<h2 class=\"wp-block-heading\" id=\"h-integrieren-sie-die-services-von-addhelix-in-ihre-bestehende-architektur\" style=\"line-height:1.25\">Integrate our services into your existing architecture!<\/h2>\n\n\n\n<p class=\"has-medium-font-size\">What sets us apart is our prompt availability and many years of expertise in the logistics sector. We know what is important and our software solutions are the result of this in-depth understanding.<\/p>\n<\/div>\n\n\n\n<div class=\"wp-block-buttons is-layout-flex wp-block-buttons-is-layout-flex\">\n<div class=\"wp-block-button is-style-fill\"><a class=\"wp-block-button__link has-secondary-color has-white-background-color has-text-color has-background has-link-color wp-element-button\" href=\"https:\/\/lbase.software\/en\/contact\/\" style=\"border-style:none;border-width:0px\">CONTACT US<\/a><\/div>\n<\/div>\n<\/div>\n\n\n\n<div class=\"wp-block-column is-layout-flow wp-block-column-is-layout-flow\" style=\"flex-basis:25%\">\n<div style=\"height:49px\" aria-hidden=\"true\" class=\"wp-block-spacer\"><\/div>\n<\/div>\n<\/div>\n<\/div>\n<\/div>","protected":false},"excerpt":{"rendered":"<p>In der modernen Logistik sind Software-as-a-Service-L\u00f6sungen (SaaS) unverzichtbar. Sie reduzieren Komplexit\u00e4t, erleichtern die Verwaltung und erm\u00f6glichen die Analyse von Echtzeit-Daten. So unterst\u00fctzen sie datenbasierte Entscheidungen und optimieren Prozesse. Unsere SaaS-L\u00f6sungen \u2013 betrieben in europ\u00e4ischen Rechenzentren \u2013 \u00fcberzeugen durch ihre Skalierbarkeit, Flexibilit\u00e4t, Datensicherheit, Aktualit\u00e4t und Kosteneffizienz. Wir bieten daf\u00fcr eine integrierte Komplettl\u00f6sung, die SaaS-Hosting, Operational Management, [&hellip;]<\/p>\n","protected":false},"author":1,"featured_media":2564,"parent":0,"menu_order":0,"comment_status":"closed","ping_status":"closed","template":"","meta":{"_acf_changed":false,"content-type":"","footnotes":""},"categories":[],"tags":[],"class_list":["post-114","page","type-page","status-publish","has-post-thumbnail","hentry"],"acf":[],"_links":{"self":[{"href":"https:\/\/lbase.software\/en\/wp-json\/wp\/v2\/pages\/114","targetHints":{"allow":["GET"]}}],"collection":[{"href":"https:\/\/lbase.software\/en\/wp-json\/wp\/v2\/pages"}],"about":[{"href":"https:\/\/lbase.software\/en\/wp-json\/wp\/v2\/types\/page"}],"author":[{"embeddable":true,"href":"https:\/\/lbase.software\/en\/wp-json\/wp\/v2\/users\/1"}],"replies":[{"embeddable":true,"href":"https:\/\/lbase.software\/en\/wp-json\/wp\/v2\/comments?post=114"}],"version-history":[{"count":41,"href":"https:\/\/lbase.software\/en\/wp-json\/wp\/v2\/pages\/114\/revisions"}],"predecessor-version":[{"id":3515,"href":"https:\/\/lbase.software\/en\/wp-json\/wp\/v2\/pages\/114\/revisions\/3515"}],"wp:featuredmedia":[{"embeddable":true,"href":"https:\/\/lbase.software\/en\/wp-json\/wp\/v2\/media\/2564"}],"wp:attachment":[{"href":"https:\/\/lbase.software\/en\/wp-json\/wp\/v2\/media?parent=114"}],"wp:term":[{"taxonomy":"category","embeddable":true,"href":"https:\/\/lbase.software\/en\/wp-json\/wp\/v2\/categories?post=114"},{"taxonomy":"post_tag","embeddable":true,"href":"https:\/\/lbase.software\/en\/wp-json\/wp\/v2\/tags?post=114"}],"curies":[{"name":"wp","href":"https:\/\/api.w.org\/{rel}","templated":true}]}}