{"id":122,"date":"2024-10-21T10:07:51","date_gmt":"2024-10-21T10:07:51","guid":{"rendered":"https:\/\/test.lbase.software\/?page_id=122"},"modified":"2025-07-02T07:07:07","modified_gmt":"2025-07-02T07:07:07","slug":"partners-certifications","status":"publish","type":"page","link":"https:\/\/lbase.software\/en\/partner-zertifizierungen\/","title":{"rendered":"Partners &amp; Certifications"},"content":{"rendered":"<div class=\"wp-block-cover alignfull is-style-default has-base-color has-text-color has-link-color wp-elements-8e5d4b64796af7f0b557a99393b6d0aa\" style=\"padding-top:var(--wp--preset--spacing--80);padding-bottom:var(--wp--preset--spacing--80);min-height:25vw;aspect-ratio:unset;\"><span aria-hidden=\"true\" class=\"wp-block-cover__background has-contrast-background-color has-background-dim-30 has-background-dim\"><\/span><img loading=\"lazy\" decoding=\"async\" width=\"1536\" height=\"600\" src=\"https:\/\/lbase.software\/wp-content\/uploads\/Schulungen_Infocenter_lbasse_Wsite_iSt_1672473126.jpg\" class=\"wp-block-cover__image-background wp-post-image\" alt=\"Schulungen lbase Axians\" data-object-fit=\"cover\" data-object-position=\"64% 33%\" style=\"object-position:64% 33%;\" srcset=\"https:\/\/lbase.software\/wp-content\/uploads\/Schulungen_Infocenter_lbasse_Wsite_iSt_1672473126.jpg 1536w, https:\/\/lbase.software\/wp-content\/uploads\/Schulungen_Infocenter_lbasse_Wsite_iSt_1672473126-300x117.jpg 300w, https:\/\/lbase.software\/wp-content\/uploads\/Schulungen_Infocenter_lbasse_Wsite_iSt_1672473126-1024x400.jpg 1024w, https:\/\/lbase.software\/wp-content\/uploads\/Schulungen_Infocenter_lbasse_Wsite_iSt_1672473126-768x300.jpg 768w, https:\/\/lbase.software\/wp-content\/uploads\/Schulungen_Infocenter_lbasse_Wsite_iSt_1672473126-18x7.jpg 18w\" sizes=\"auto, (max-width: 1536px) 100vw, 1536px\" \/><div class=\"wp-block-cover__inner-container is-layout-flow wp-block-cover-is-layout-flow\"><h1 class=\"has-text-align-center has-link-color wp-elements-8ad2f30048310261dbacf72256c7f0a4 wp-block-post-title has-text-color has-base-color\">Partners &amp; Certifications<\/h1><\/div><\/div>\n\n\n\n<div class=\"wp-block-group alignfull has-global-padding is-layout-constrained wp-container-core-group-is-layout-2cb48cf1 wp-block-group-is-layout-constrained\" style=\"margin-top:var(--wp--preset--spacing--80);margin-bottom:var(--wp--preset--spacing--80)\">\n<div class=\"wp-block-group has-global-padding is-layout-constrained wp-container-core-group-is-layout-92b9201d wp-block-group-is-layout-constrained\">\n<h2 class=\"wp-block-heading\" id=\"h-unsere-eco-partner\" style=\"margin-top:0;margin-bottom:0\">Our ECO partners<\/h2>\n\n\n\n<p class=\"has-large-font-size\">Our aim is to provide you with the most powerful applications and services for logistics in a best-of-breed approach. That's why we combine our expertise with the innovative services of our ECO partners.<br>Your advantage: You don't just opt for a good solution, but for the best solution that is perfectly tailored to your requirements. Let us inspire you with an excerpt from our successful collaborations.<\/p>\n<\/div>\n\n\n\n<div class=\"wp-block-group is-layout-grid wp-container-core-group-is-layout-bb95667d wp-block-group-is-layout-grid\">\n<div class=\"wp-block-group has-global-padding is-layout-constrained wp-block-group-is-layout-constrained\">\n<div class=\"wp-block-group has-border-color has-sixth-border-color has-global-padding is-layout-constrained wp-container-core-group-is-layout-80fb368b wp-block-group-is-layout-constrained\" style=\"border-width:1px;padding-top:var(--wp--preset--spacing--30);padding-right:var(--wp--preset--spacing--30);padding-bottom:var(--wp--preset--spacing--30);padding-left:var(--wp--preset--spacing--30)\">\n<figure class=\"wp-block-image size-full\"><img loading=\"lazy\" decoding=\"async\" width=\"1144\" height=\"640\" src=\"https:\/\/lbase.software\/wp-content\/uploads\/collectgo.png\" alt=\"\" class=\"wp-image-161\" style=\"aspect-ratio:16\/9;object-fit:contain\" srcset=\"https:\/\/lbase.software\/wp-content\/uploads\/collectgo.png 1144w, https:\/\/lbase.software\/wp-content\/uploads\/collectgo-300x168.png 300w, https:\/\/lbase.software\/wp-content\/uploads\/collectgo-1024x573.png 1024w, https:\/\/lbase.software\/wp-content\/uploads\/collectgo-768x430.png 768w, https:\/\/lbase.software\/wp-content\/uploads\/collectgo-18x10.png 18w\" sizes=\"auto, (max-width: 1144px) 100vw, 1144px\" \/><\/figure>\n<\/div>\n\n\n\n<p><a href=\"https:\/\/collectgo.eu\/de\/\" target=\"_blank\" rel=\"noreferrer noopener\">Collect + Go<\/a> offers an e-CMR solution with ISO certification for global logistics, which we have integrated into our systems. This tool facilitates planning for greater efficiency and sustainability.<\/p>\n<\/div>\n\n\n\n<div class=\"wp-block-group has-global-padding is-layout-constrained wp-block-group-is-layout-constrained\">\n<div class=\"wp-block-group has-border-color has-sixth-border-color has-global-padding is-layout-constrained wp-container-core-group-is-layout-80fb368b wp-block-group-is-layout-constrained\" style=\"border-width:1px;padding-top:var(--wp--preset--spacing--30);padding-right:var(--wp--preset--spacing--30);padding-bottom:var(--wp--preset--spacing--30);padding-left:var(--wp--preset--spacing--30)\">\n<figure class=\"wp-block-image size-full\"><img loading=\"lazy\" decoding=\"async\" width=\"1144\" height=\"640\" src=\"https:\/\/lbase.software\/wp-content\/uploads\/ecotransit.png\" alt=\"\" class=\"wp-image-162\" style=\"aspect-ratio:16\/9;object-fit:contain\" srcset=\"https:\/\/lbase.software\/wp-content\/uploads\/ecotransit.png 1144w, https:\/\/lbase.software\/wp-content\/uploads\/ecotransit-300x168.png 300w, https:\/\/lbase.software\/wp-content\/uploads\/ecotransit-1024x573.png 1024w, https:\/\/lbase.software\/wp-content\/uploads\/ecotransit-768x430.png 768w, https:\/\/lbase.software\/wp-content\/uploads\/ecotransit-18x10.png 18w\" sizes=\"auto, (max-width: 1144px) 100vw, 1144px\" \/><\/figure>\n<\/div>\n\n\n\n<p>With the GLEC framework from <a href=\"https:\/\/www.ecotransit.org\/de\/\" target=\"_blank\" rel=\"noreferrer noopener\">EcoTransIT<\/a>a global solution for calculating emissions from freight transportation, we bring clarity and transparency to the calculation of your sustainability.<\/p>\n<\/div>\n\n\n\n<div class=\"wp-block-group has-global-padding is-layout-constrained wp-block-group-is-layout-constrained\">\n<div class=\"wp-block-group has-border-color has-sixth-border-color has-global-padding is-layout-constrained wp-container-core-group-is-layout-80fb368b wp-block-group-is-layout-constrained\" style=\"border-width:1px;padding-top:var(--wp--preset--spacing--30);padding-right:var(--wp--preset--spacing--30);padding-bottom:var(--wp--preset--spacing--30);padding-left:var(--wp--preset--spacing--30)\">\n<figure class=\"wp-block-image size-large\"><img loading=\"lazy\" decoding=\"async\" width=\"1024\" height=\"573\" src=\"https:\/\/lbase.software\/wp-content\/uploads\/ibm-1024x573.png\" alt=\"\" class=\"wp-image-169\" style=\"aspect-ratio:16\/9;object-fit:contain\" srcset=\"https:\/\/lbase.software\/wp-content\/uploads\/ibm-1024x573.png 1024w, https:\/\/lbase.software\/wp-content\/uploads\/ibm-300x168.png 300w, https:\/\/lbase.software\/wp-content\/uploads\/ibm-768x430.png 768w, https:\/\/lbase.software\/wp-content\/uploads\/ibm-18x10.png 18w, https:\/\/lbase.software\/wp-content\/uploads\/ibm.png 1144w\" sizes=\"auto, (max-width: 1024px) 100vw, 1024px\" \/><\/figure>\n<\/div>\n\n\n\n<p>We are <a href=\"https:\/\/www.ibm.com\/cloud\" target=\"_blank\" rel=\"noreferrer noopener\">IBM<\/a>-Platinum Partner and can guarantee high investment security, agility and reliability through the use of cloud solutions in the data center.<\/p>\n<\/div>\n\n\n\n<div class=\"wp-block-group has-global-padding is-layout-constrained wp-block-group-is-layout-constrained\">\n<div class=\"wp-block-group has-border-color has-sixth-border-color has-global-padding is-layout-constrained wp-container-core-group-is-layout-80fb368b wp-block-group-is-layout-constrained\" style=\"border-width:1px;padding-top:var(--wp--preset--spacing--30);padding-right:var(--wp--preset--spacing--30);padding-bottom:var(--wp--preset--spacing--30);padding-left:var(--wp--preset--spacing--30)\">\n<figure class=\"wp-block-image size-full\"><img loading=\"lazy\" decoding=\"async\" width=\"1144\" height=\"640\" src=\"https:\/\/lbase.software\/wp-content\/uploads\/jitpay.png\" alt=\"\" class=\"wp-image-168\" style=\"aspect-ratio:16\/9;object-fit:contain\" srcset=\"https:\/\/lbase.software\/wp-content\/uploads\/jitpay.png 1144w, https:\/\/lbase.software\/wp-content\/uploads\/jitpay-300x168.png 300w, https:\/\/lbase.software\/wp-content\/uploads\/jitpay-1024x573.png 1024w, https:\/\/lbase.software\/wp-content\/uploads\/jitpay-768x430.png 768w, https:\/\/lbase.software\/wp-content\/uploads\/jitpay-18x10.png 18w\" sizes=\"auto, (max-width: 1144px) 100vw, 1144px\" \/><\/figure>\n<\/div>\n\n\n\n<p><a href=\"https:\/\/www.jitpay.eu\/de\/home-de\/\" target=\"_blank\" rel=\"noreferrer noopener\">JITpay<\/a> optimizes logistics invoicing as an integral part of our lbase software solutions and thus improves your liquidity with an advanced digital invoicing and factoring solution.<\/p>\n<\/div>\n\n\n\n<div class=\"wp-block-group has-global-padding is-layout-constrained wp-block-group-is-layout-constrained\">\n<div class=\"wp-block-group has-border-color has-sixth-border-color has-global-padding is-layout-constrained wp-container-core-group-is-layout-80fb368b wp-block-group-is-layout-constrained\" style=\"border-width:1px;padding-top:var(--wp--preset--spacing--30);padding-right:var(--wp--preset--spacing--30);padding-bottom:var(--wp--preset--spacing--30);padding-left:var(--wp--preset--spacing--30)\">\n<figure class=\"wp-block-image size-full\"><img loading=\"lazy\" decoding=\"async\" width=\"1144\" height=\"640\" src=\"https:\/\/lbase.software\/wp-content\/uploads\/tls.png\" alt=\"\" class=\"wp-image-163\" style=\"aspect-ratio:16\/9;object-fit:contain\" srcset=\"https:\/\/lbase.software\/wp-content\/uploads\/tls.png 1144w, https:\/\/lbase.software\/wp-content\/uploads\/tls-300x168.png 300w, https:\/\/lbase.software\/wp-content\/uploads\/tls-1024x573.png 1024w, https:\/\/lbase.software\/wp-content\/uploads\/tls-768x430.png 768w, https:\/\/lbase.software\/wp-content\/uploads\/tls-18x10.png 18w\" sizes=\"auto, (max-width: 1144px) 100vw, 1144px\" \/><\/figure>\n<\/div>\n\n\n\n<p>Our partnership with <a href=\"https:\/\/www.btls-world.com\/\" target=\"_blank\" rel=\"noreferrer noopener\">Karim Bousbia<\/a> takes our service further. The company supports us in advising and presenting our products through a fundamental understanding of logistics and lbase.<\/p>\n<\/div>\n\n\n\n<div class=\"wp-block-group has-global-padding is-layout-constrained wp-block-group-is-layout-constrained\">\n<div class=\"wp-block-group has-border-color has-sixth-border-color has-global-padding is-layout-constrained wp-container-core-group-is-layout-a35945ca wp-block-group-is-layout-constrained\" style=\"border-width:1px;padding-top:var(--wp--preset--spacing--30);padding-right:var(--wp--preset--spacing--30);padding-bottom:var(--wp--preset--spacing--30);padding-left:var(--wp--preset--spacing--30)\">\n<figure class=\"wp-block-image size-full\"><img loading=\"lazy\" decoding=\"async\" width=\"790\" height=\"151\" src=\"https:\/\/lbase.software\/wp-content\/uploads\/envalor_logo.png\" alt=\"Klimahelden Envalor Klimanetralit\u00e4t\" class=\"wp-image-4150\" style=\"aspect-ratio:16\/9;object-fit:contain\" srcset=\"https:\/\/lbase.software\/wp-content\/uploads\/envalor_logo.png 790w, https:\/\/lbase.software\/wp-content\/uploads\/envalor_logo-300x57.png 300w, https:\/\/lbase.software\/wp-content\/uploads\/envalor_logo-768x147.png 768w, https:\/\/lbase.software\/wp-content\/uploads\/envalor_logo-18x3.png 18w\" sizes=\"auto, (max-width: 790px) 100vw, 790px\" \/><\/figure>\n<\/div>\n\n\n\n<p>Climate neutrality is in demand. That's why, together with our partner <a href=\"https:\/\/envalor.com\/de\/\" target=\"_blank\" rel=\"noreferrer noopener\">Envalor<\/a> (formerly Klimahelden) solutions to make companies in the logistics sector climate-neutral, thereby setting new standards for environmentally friendly transportation.<\/p>\n<\/div>\n\n\n\n<div class=\"wp-block-group has-global-padding is-layout-constrained wp-block-group-is-layout-constrained\">\n<div class=\"wp-block-group has-border-color has-sixth-border-color has-global-padding is-layout-constrained wp-container-core-group-is-layout-80fb368b wp-block-group-is-layout-constrained\" style=\"border-width:1px;padding-top:var(--wp--preset--spacing--30);padding-right:var(--wp--preset--spacing--30);padding-bottom:var(--wp--preset--spacing--30);padding-left:var(--wp--preset--spacing--30)\">\n<figure class=\"wp-block-image size-large\"><img loading=\"lazy\" decoding=\"async\" width=\"1024\" height=\"217\" src=\"https:\/\/lbase.software\/wp-content\/uploads\/logo_PTV-Logistics_2024_WHITE-1024x217.png\" alt=\"PTV Logistics Partner Axians\" class=\"wp-image-4152\" style=\"aspect-ratio:16\/9;object-fit:contain\" srcset=\"https:\/\/lbase.software\/wp-content\/uploads\/logo_PTV-Logistics_2024_WHITE-1024x217.png 1024w, https:\/\/lbase.software\/wp-content\/uploads\/logo_PTV-Logistics_2024_WHITE-300x63.png 300w, https:\/\/lbase.software\/wp-content\/uploads\/logo_PTV-Logistics_2024_WHITE-768x163.png 768w, https:\/\/lbase.software\/wp-content\/uploads\/logo_PTV-Logistics_2024_WHITE-18x4.png 18w, https:\/\/lbase.software\/wp-content\/uploads\/logo_PTV-Logistics_2024_WHITE.png 1087w\" sizes=\"auto, (max-width: 1024px) 100vw, 1024px\" \/><\/figure>\n<\/div>\n\n\n\n<p>Climate is a major issue in logistics, and one that will only become more important in the future. Our partner<br><a href=\"https:\/\/www.ptvgroup.com\/de\" target=\"_blank\" rel=\"noreferrer noopener\">PTV Logistics<\/a> helps us to make logistics processes climate-neutral and protect the environment at the same time.<\/p>\n<\/div>\n\n\n\n<div class=\"wp-block-group has-global-padding is-layout-constrained wp-block-group-is-layout-constrained\">\n<div class=\"wp-block-group has-border-color has-sixth-border-color has-global-padding is-layout-constrained wp-container-core-group-is-layout-80fb368b wp-block-group-is-layout-constrained\" style=\"border-width:1px;padding-top:var(--wp--preset--spacing--30);padding-right:var(--wp--preset--spacing--30);padding-bottom:var(--wp--preset--spacing--30);padding-left:var(--wp--preset--spacing--30)\">\n<figure class=\"wp-block-image size-full\"><img loading=\"lazy\" decoding=\"async\" width=\"1144\" height=\"640\" src=\"https:\/\/lbase.software\/wp-content\/uploads\/smartlane.png\" alt=\"\" class=\"wp-image-164\" style=\"aspect-ratio:16\/9;object-fit:contain\" srcset=\"https:\/\/lbase.software\/wp-content\/uploads\/smartlane.png 1144w, https:\/\/lbase.software\/wp-content\/uploads\/smartlane-300x168.png 300w, https:\/\/lbase.software\/wp-content\/uploads\/smartlane-1024x573.png 1024w, https:\/\/lbase.software\/wp-content\/uploads\/smartlane-768x430.png 768w, https:\/\/lbase.software\/wp-content\/uploads\/smartlane-18x10.png 18w\" sizes=\"auto, (max-width: 1144px) 100vw, 1144px\" \/><\/figure>\n<\/div>\n\n\n\n<p>AI has also become an integral part of transportation planning and warehouse management. With <a href=\"https:\/\/smartlane.ai\/de\/\" target=\"_blank\" rel=\"noreferrer noopener\">SMARTLANE<\/a> our software solutions are being enhanced with AI for greater efficiency, speed and sustainability.<\/p>\n<\/div>\n\n\n\n<div class=\"wp-block-group has-global-padding is-layout-constrained wp-block-group-is-layout-constrained\">\n<div class=\"wp-block-group has-border-color has-sixth-border-color has-global-padding is-layout-constrained wp-container-core-group-is-layout-a35945ca wp-block-group-is-layout-constrained\" style=\"border-width:1px;padding-top:var(--wp--preset--spacing--30);padding-right:var(--wp--preset--spacing--30);padding-bottom:var(--wp--preset--spacing--30);padding-left:var(--wp--preset--spacing--30)\">\n<figure class=\"wp-block-image size-large\"><img loading=\"lazy\" decoding=\"async\" width=\"1024\" height=\"573\" src=\"https:\/\/lbase.software\/wp-content\/uploads\/mathtec-1024x573.png\" alt=\"\" class=\"wp-image-167\" style=\"aspect-ratio:16\/9;object-fit:contain\" srcset=\"https:\/\/lbase.software\/wp-content\/uploads\/mathtec-1024x573.png 1024w, https:\/\/lbase.software\/wp-content\/uploads\/mathtec-300x168.png 300w, https:\/\/lbase.software\/wp-content\/uploads\/mathtec-768x430.png 768w, https:\/\/lbase.software\/wp-content\/uploads\/mathtec-18x10.png 18w, https:\/\/lbase.software\/wp-content\/uploads\/mathtec.png 1144w\" sizes=\"auto, (max-width: 1024px) 100vw, 1024px\" \/><\/figure>\n<\/div>\n\n\n\n<p>Mathematical models support our software in the development and calculation of e.g. optimal capacity utilization in transport and warehouse management. <a href=\"https:\/\/mathtec.at\/\" target=\"_blank\" rel=\"noreferrer noopener\">MathTec<\/a> offers mathematical optimization and increases the efficiency of lbase solutions.<\/p>\n<\/div>\n\n\n\n<div class=\"wp-block-group has-global-padding is-layout-constrained wp-block-group-is-layout-constrained\">\n<div class=\"wp-block-group has-border-color has-sixth-border-color has-global-padding is-layout-constrained wp-container-core-group-is-layout-a35945ca wp-block-group-is-layout-constrained\" style=\"border-width:1px;padding-top:var(--wp--preset--spacing--30);padding-right:var(--wp--preset--spacing--30);padding-bottom:var(--wp--preset--spacing--30);padding-left:var(--wp--preset--spacing--30)\">\n<figure class=\"wp-block-image size-large\"><img loading=\"lazy\" decoding=\"async\" width=\"1024\" height=\"537\" src=\"https:\/\/lbase.software\/wp-content\/uploads\/Intex_Logo_1144x600-1024x537.png\" alt=\"Intex partner Logo\" class=\"wp-image-370\" style=\"aspect-ratio:16\/9;object-fit:contain\" srcset=\"https:\/\/lbase.software\/wp-content\/uploads\/Intex_Logo_1144x600-1024x537.png 1024w, https:\/\/lbase.software\/wp-content\/uploads\/Intex_Logo_1144x600-300x157.png 300w, https:\/\/lbase.software\/wp-content\/uploads\/Intex_Logo_1144x600-768x403.png 768w, https:\/\/lbase.software\/wp-content\/uploads\/Intex_Logo_1144x600-18x9.png 18w, https:\/\/lbase.software\/wp-content\/uploads\/Intex_Logo_1144x600.png 1144w\" sizes=\"auto, (max-width: 1024px) 100vw, 1024px\" \/><\/figure>\n<\/div>\n\n\n\n<p><a href=\"https:\/\/intex.software\/\" target=\"_blank\" rel=\"noreferrer noopener\">intex Informations-Systeme<\/a> supports us as an experienced partner in logistics for enterprise content management (ECM), document management (DMS) and electronic archiving. These services are seamlessly integrated into the lbase software.<\/p>\n<\/div>\n\n\n\n<div class=\"wp-block-group has-global-padding is-layout-constrained wp-block-group-is-layout-constrained\">\n<div class=\"wp-block-group has-border-color has-sixth-border-color has-global-padding is-layout-constrained wp-container-core-group-is-layout-a35945ca wp-block-group-is-layout-constrained\" style=\"border-width:1px;padding-top:var(--wp--preset--spacing--30);padding-right:var(--wp--preset--spacing--30);padding-bottom:var(--wp--preset--spacing--30);padding-left:var(--wp--preset--spacing--30)\">\n<figure class=\"wp-block-image size-large\"><img loading=\"lazy\" decoding=\"async\" width=\"1024\" height=\"537\" src=\"https:\/\/lbase.software\/wp-content\/uploads\/Dacosoft_Logo_1144x600-1024x537.png\" alt=\"Partner DacoSoft Logo\" class=\"wp-image-375\" style=\"aspect-ratio:16\/9;object-fit:contain\" srcset=\"https:\/\/lbase.software\/wp-content\/uploads\/Dacosoft_Logo_1144x600-1024x537.png 1024w, https:\/\/lbase.software\/wp-content\/uploads\/Dacosoft_Logo_1144x600-300x157.png 300w, https:\/\/lbase.software\/wp-content\/uploads\/Dacosoft_Logo_1144x600-768x403.png 768w, https:\/\/lbase.software\/wp-content\/uploads\/Dacosoft_Logo_1144x600-18x9.png 18w, https:\/\/lbase.software\/wp-content\/uploads\/Dacosoft_Logo_1144x600.png 1144w\" sizes=\"auto, (max-width: 1024px) 100vw, 1024px\" \/><\/figure>\n<\/div>\n\n\n\n<p>The subject of customs in Switzerland is complex and subject to constant change. <a href=\"https:\/\/wp.dacosoft.ch\/\" target=\"_blank\" rel=\"noreferrer noopener\">DacoSoft<\/a> offer a comprehensive service portfolio, certified by the Swiss Federal Customs Administration, which we have optimally integrated into lbase.<\/p>\n<\/div>\n<\/div>\n<\/div>\n\n\n\n<div class=\"wp-block-group alignfull has-white-color has-text-color has-background is-layout-flow wp-block-group-is-layout-flow\" style=\"background:linear-gradient(224deg,rgb(65,192,240) 0%,rgb(162,0,103) 100%);margin-top:0;margin-bottom:0;padding-top:var(--wp--preset--spacing--60);padding-right:var(--wp--preset--spacing--60);padding-bottom:var(--wp--preset--spacing--60);padding-left:var(--wp--preset--spacing--60)\">\n<div class=\"wp-block-group has-global-padding is-layout-constrained wp-block-group-is-layout-constrained\">\n<div class=\"wp-block-columns are-vertically-aligned-bottom is-layout-flex wp-container-core-columns-is-layout-f24b2f23 wp-block-columns-is-layout-flex\" style=\"padding-top:var(--wp--preset--spacing--80);padding-bottom:var(--wp--preset--spacing--80)\">\n<div class=\"wp-block-column is-vertically-aligned-bottom is-layout-flow wp-container-core-column-is-layout-9f77543f wp-block-column-is-layout-flow\" style=\"flex-basis:75%\">\n<div class=\"wp-block-group is-vertical is-layout-flex wp-container-core-group-is-layout-c35747d5 wp-block-group-is-layout-flex\">\n<h2 class=\"wp-block-heading\" id=\"h-axians-zertifikate-geprufte-qualitat\"> Axians certificates: Tested quality.<\/h2>\n\n\n\n<p class=\"has-medium-font-size\">We are part of Axians ICT Austria. Our services and products are certified according to international standards. Put your success in our hands with confidence.<\/p>\n<\/div>\n\n\n\n<div class=\"wp-block-buttons is-content-justification-left is-layout-flex wp-container-core-buttons-is-layout-f3afa3a0 wp-block-buttons-is-layout-flex\">\n<div class=\"wp-block-button\"><a class=\"wp-block-button__link has-secondary-color has-white-background-color has-text-color has-background has-link-color wp-element-button\" href=\"https:\/\/www.axians.at\/das-sind-wir\/partner-hersteller-zertifizierungen\/\" style=\"padding-top:var(--wp--preset--spacing--30);padding-right:var(--wp--preset--spacing--70);padding-bottom:var(--wp--preset--spacing--30);padding-left:var(--wp--preset--spacing--70)\" target=\"_blank\" rel=\"noreferrer noopener\">TO THE CERTIFICATIONS<\/a><\/div>\n<\/div>\n<\/div>\n\n\n\n<div class=\"wp-block-column is-vertically-aligned-bottom is-layout-flow wp-container-core-column-is-layout-8a368f38 wp-block-column-is-layout-flow\" style=\"flex-basis:25%\"><\/div>\n<\/div>\n<\/div>\n<\/div>","protected":false},"excerpt":{"rendered":"<p>Unsere ECO-Partner Unser Ziel ist es, Ihnen die leistungsst\u00e4rksten Anwendungen und Services f\u00fcr die Logistik im Best-of-Breed-Ansatz bereitzustellen. Deshalb kombinieren wir unsere Expertise mit den innovativen Services unserer ECO-Partner.Ihr Vorteil: Sie entscheiden sich nicht nur f\u00fcr eine gute L\u00f6sung, sondern f\u00fcr die beste L\u00f6sung, die perfekt auf Ihre Anforderungen zugeschnitten ist. Lassen Sie sich von [&hellip;]<\/p>\n","protected":false},"author":1,"featured_media":3057,"parent":0,"menu_order":0,"comment_status":"closed","ping_status":"closed","template":"","meta":{"_acf_changed":false,"content-type":"","footnotes":""},"categories":[],"tags":[],"class_list":["post-122","page","type-page","status-publish","has-post-thumbnail","hentry"],"acf":[],"_links":{"self":[{"href":"https:\/\/lbase.software\/en\/wp-json\/wp\/v2\/pages\/122","targetHints":{"allow":["GET"]}}],"collection":[{"href":"https:\/\/lbase.software\/en\/wp-json\/wp\/v2\/pages"}],"about":[{"href":"https:\/\/lbase.software\/en\/wp-json\/wp\/v2\/types\/page"}],"author":[{"embeddable":true,"href":"https:\/\/lbase.software\/en\/wp-json\/wp\/v2\/users\/1"}],"replies":[{"embeddable":true,"href":"https:\/\/lbase.software\/en\/wp-json\/wp\/v2\/comments?post=122"}],"version-history":[{"count":34,"href":"https:\/\/lbase.software\/en\/wp-json\/wp\/v2\/pages\/122\/revisions"}],"predecessor-version":[{"id":4154,"href":"https:\/\/lbase.software\/en\/wp-json\/wp\/v2\/pages\/122\/revisions\/4154"}],"wp:featuredmedia":[{"embeddable":true,"href":"https:\/\/lbase.software\/en\/wp-json\/wp\/v2\/media\/3057"}],"wp:attachment":[{"href":"https:\/\/lbase.software\/en\/wp-json\/wp\/v2\/media?parent=122"}],"wp:term":[{"taxonomy":"category","embeddable":true,"href":"https:\/\/lbase.software\/en\/wp-json\/wp\/v2\/categories?post=122"},{"taxonomy":"post_tag","embeddable":true,"href":"https:\/\/lbase.software\/en\/wp-json\/wp\/v2\/tags?post=122"}],"curies":[{"name":"wp","href":"https:\/\/api.w.org\/{rel}","templated":true}]}}