{"id":123,"date":"2024-10-21T10:07:42","date_gmt":"2024-10-21T10:07:42","guid":{"rendered":"https:\/\/test.lbase.software\/?page_id=123"},"modified":"2025-02-20T21:40:06","modified_gmt":"2025-02-20T21:40:06","slug":"about-us","status":"publish","type":"page","link":"https:\/\/lbase.software\/en\/ueber-uns\/","title":{"rendered":"About us"},"content":{"rendered":"<div class=\"wp-block-cover alignfull is-style-default has-base-color has-text-color has-link-color wp-elements-b28fc247312e25559a2bd32e97ef3025\" style=\"padding-top:var(--wp--preset--spacing--80);padding-bottom:var(--wp--preset--spacing--80);min-height:25vw;aspect-ratio:unset;\"><span aria-hidden=\"true\" class=\"wp-block-cover__background has-contrast-background-color has-background-dim-30 has-background-dim\"><\/span><img loading=\"lazy\" decoding=\"async\" width=\"1536\" height=\"600\" src=\"https:\/\/lbase.software\/wp-content\/uploads\/Website_ueber_uns_Axians.jpg\" class=\"wp-block-cover__image-background wp-post-image\" alt=\"lbase Axians \u00fcber uns Team\" data-object-fit=\"cover\" data-object-position=\"46% 31%\" style=\"object-position:46% 31%;\" srcset=\"https:\/\/lbase.software\/wp-content\/uploads\/Website_ueber_uns_Axians.jpg 1536w, https:\/\/lbase.software\/wp-content\/uploads\/Website_ueber_uns_Axians-300x117.jpg 300w, https:\/\/lbase.software\/wp-content\/uploads\/Website_ueber_uns_Axians-1024x400.jpg 1024w, https:\/\/lbase.software\/wp-content\/uploads\/Website_ueber_uns_Axians-768x300.jpg 768w, https:\/\/lbase.software\/wp-content\/uploads\/Website_ueber_uns_Axians-18x7.jpg 18w\" sizes=\"auto, (max-width: 1536px) 100vw, 1536px\" \/><div class=\"wp-block-cover__inner-container is-layout-flow wp-block-cover-is-layout-flow\"><h1 class=\"has-text-align-center has-link-color wp-elements-8ad2f30048310261dbacf72256c7f0a4 wp-block-post-title has-text-color has-base-color\">About us<\/h1><\/div><\/div>\n\n\n\n<div class=\"wp-block-group alignfull has-global-padding is-layout-constrained wp-container-core-group-is-layout-2cb48cf1 wp-block-group-is-layout-constrained has-background\" style=\"margin-top:var(--wp--preset--spacing--80);margin-bottom:var(--wp--preset--spacing--80);background-image:url(&apos;https:\/\/lbase.software\/wp-content\/uploads\/Helix.png&apos;);background-position:0% 50%;background-repeat:no-repeat;background-size:contain;\">\n<div class=\"wp-block-group has-large-font-size has-global-padding is-layout-constrained wp-block-group-is-layout-constrained\">\n<p>Logistics is indispensable in the globalised economy - no sector can function without it. However, this central role also brings challenges: the pressure to save time and costs is constantly growing and effective solutions are needed. This is exactly where we come in.<\/p>\n\n\n\n<p>lbase means \"We think logistics further\". We are experienced logistics software providers and offer you innovative solutions that meet the requirements of the modern business world. We are part of the successful global Axians Group and retain the flexibility of an agile team. Our extensive and in-depth expertise in logistics forms the basis of our work.<\/p>\n<\/div>\n\n\n\n<div class=\"wp-block-group has-global-padding is-layout-constrained wp-block-group-is-layout-constrained\">\n<div class=\"wp-block-columns is-layout-flex wp-container-core-columns-is-layout-28f84493 wp-block-columns-is-layout-flex\">\n<div class=\"wp-block-column is-layout-flow wp-block-column-is-layout-flow\" style=\"flex-basis:33.34%\">\n<div class=\"wp-block-group has-global-padding is-layout-constrained wp-block-group-is-layout-constrained\">\n<h2 class=\"wp-block-heading has-large-font-size\"><strong>Our mission<\/strong><\/h2>\n\n\n\n<p>The challenges in supply chain management motivate us. We combine customer centricity, reliability and adaptability to create a unique hybrid approach in our scheduling software solutions.<\/p>\n<\/div>\n<\/div>\n\n\n\n<div class=\"wp-block-column is-layout-flow wp-block-column-is-layout-flow\" style=\"flex-basis:33.34%\">\n<div class=\"wp-block-group has-global-padding is-layout-constrained wp-block-group-is-layout-constrained\">\n<h2 class=\"wp-block-heading has-large-font-size\"><strong>Our background<\/strong><\/h2>\n\n\n\n<div class=\"wp-block-group has-global-padding is-layout-constrained wp-block-group-is-layout-constrained\">\n<p>Thanks to our extensive expertise in freight forwarding software, we are one of the leading software providers in Europe. As part of a global technology company, our customers benefit from the advantages of the VINCI Energies global network.<\/p>\n<\/div>\n<\/div>\n<\/div>\n\n\n\n<div class=\"wp-block-column is-layout-flow wp-block-column-is-layout-flow\" style=\"flex-basis:33.33%\">\n<h2 class=\"wp-block-heading has-large-font-size\"><strong>Our solutions<\/strong><\/h2>\n\n\n\n<p>Whether you use our tried-and-tested lbase transport and warehouse management system, our addHelix web service or our cloud solutions such as Road or Data Max from European data centres - with lbase you are ideally equipped for the future of logistics.<\/p>\n<\/div>\n<\/div>\n<\/div>\n\n\n\n<div class=\"wp-block-group has-global-padding is-layout-constrained wp-block-group-is-layout-constrained\">\n<h2 class=\"wp-block-heading has-large-font-size\"><strong>Our history<\/strong><\/h2>\n\n\n\n<p>With lbase, a business division of the international company Axians, as your partner, you are more than equal to the challenges of the market. As experts in logistics software with almost 30 years of experience, we are actively shaping the future of logistics. Originating from a logistics company on Lake Constance, we are now one of the leading developers of practice-orientated software solutions in Europe.<\/p>\n\n\n\n<p>With our lbase transport management and warehouse management system, which we are constantly developing and adapting to current and future challenges, we support you in staying one step ahead of market requirements.<\/p>\n<\/div>\n<\/div>\n\n\n\n<div class=\"wp-block-group alignfull video-container is-layout-flow wp-block-group-is-layout-flow\">\n <div class=\"brlbs-cmpnt-container brlbs-cmpnt-content-blocker brlbs-cmpnt-with-individual-styles\" data-borlabs-cookie-content-blocker-id=\"youtube-content-blocker\" data-borlabs-cookie-content=\"PGlmcmFtZSB3aWR0aD0iMTAwJSIgc3R5bGU9ImFzcGVjdC1yYXRpbzogMTYgIC8gOTsiIHNyYz0iaHR0cHM6Ly93d3cueW91dHViZS1ub2Nvb2tpZS5jb20vZW1iZWQvNnhjS0xHNWJKQk0\/c2k9Z1h2U3FMVFVSOUV5NENwdSZhdXRvcGxheT0xJm11dGU9MSZjb250cm9scz0wJmxvb3A9MSZhdXRvaGlkZT0xJnJlbD0wJnNob3dpbmZvPTAmaGQ9MSZtb2Rlc3RicmFuZGluZz0xJnBsYXlsaXN0PTZ4Y0tMRzViSkJNIiB0aXRsZT0iWW91VHViZSB2aWRlbyBwbGF5ZXIiIGZyYW1lYm9yZGVyPSIwIiBhbGxvdz0iYWNjZWxlcm9tZXRlcjsgYXV0b3BsYXk7IGxvb3A7IGNsaXBib2FyZC13cml0ZTsgZW5jcnlwdGVkLW1lZGlhOyBneXJvc2NvcGU7IHBpY3R1cmUtaW4tcGljdHVyZTsgd2ViLXNoYXJlIiByZWZlcnJlcnBvbGljeT0ic3RyaWN0LW9yaWdpbi13aGVuLWNyb3NzLW9yaWdpbiIgYWxsb3dmdWxsc2NyZWVuPjwvaWZyYW1lPg==\"><div class=\"brlbs-cmpnt-cb-preset-c brlbs-cmpnt-cb-youtube\"> <div class=\"brlbs-cmpnt-cb-thumbnail\" style=\"background-image: url('https:\/\/lbase.software\/wp-content\/uploads\/borlabs-cookie\/1\/yt_6xcKLG5bJBM_hqdefault.jpg')\"><\/div> <div class=\"brlbs-cmpnt-cb-main\"> <div class=\"brlbs-cmpnt-cb-play-button\"><\/div> <div class=\"brlbs-cmpnt-cb-content\"> <p class=\"brlbs-cmpnt-cb-description\">You are currently viewing a placeholder content from <strong>YouTube<\/strong>. To access the actual content, click the button below. Please note that doing so will share data with third-party providers.<\/p> <a class=\"brlbs-cmpnt-cb-provider-toggle\" href=\"#\" data-borlabs-cookie-show-provider-information role=\"button\">More Information<\/a> <\/div> <div class=\"brlbs-cmpnt-cb-buttons\"> <a class=\"brlbs-cmpnt-cb-btn\" href=\"#\" data-borlabs-cookie-unblock role=\"button\">Unblock content<\/a> <a class=\"brlbs-cmpnt-cb-btn\" href=\"#\" data-borlabs-cookie-accept-service role=\"button\" style=\"display: inherit\">Accept required service and unblock content<\/a> <\/div> <\/div> <\/div><\/div>\n<\/div>\n\n\n\n<div class=\"wp-block-group alignfull has-global-padding is-layout-constrained wp-block-group-is-layout-constrained has-background\" style=\"margin-top:var(--wp--preset--spacing--80);margin-bottom:var(--wp--preset--spacing--80);padding-top:var(--wp--preset--spacing--80);padding-bottom:var(--wp--preset--spacing--80);background-image:url(&apos;https:\/\/lbase.software\/wp-content\/uploads\/Helix.png&apos;);background-position:0% 50%;background-repeat:no-repeat;background-size:contain;\">\n<div class=\"wp-block-group has-global-padding is-layout-constrained wp-container-core-group-is-layout-c5bbea69 wp-block-group-is-layout-constrained\">\n<h2 class=\"wp-block-heading has-text-align-center\">Our promise<\/h2>\n\n\n\n<div class=\"wp-block-columns is-layout-flex wp-container-core-columns-is-layout-66fad18a wp-block-columns-is-layout-flex\">\n<div class=\"wp-block-column is-layout-flow wp-container-core-column-is-layout-f5bb311e wp-block-column-is-layout-flow\">\n<div class=\"wp-block-group has-global-padding is-layout-constrained wp-container-core-group-is-layout-80fb368b wp-block-group-is-layout-constrained\" style=\"min-height:100%;padding-top:var(--wp--preset--spacing--30);padding-right:var(--wp--preset--spacing--30);padding-bottom:var(--wp--preset--spacing--30);padding-left:var(--wp--preset--spacing--30)\">\n<h3 class=\"wp-block-heading has-large-font-size\">Comprehensive transport and warehouse software<\/h3>\n\n\n\n<p>Our software solutions cover all logistics requirements - from transport and the planning of warehouse and material flows to the organisation of express logistics. With our solutions for transport planning and warehouse management, we offer you an all-round solution for the highest demands.<\/p>\n<\/div>\n<\/div>\n\n\n\n<div class=\"wp-block-column is-layout-flow wp-container-core-column-is-layout-f5bb311e wp-block-column-is-layout-flow\">\n<div class=\"wp-block-group has-global-padding is-layout-constrained wp-container-core-group-is-layout-80fb368b wp-block-group-is-layout-constrained\" style=\"border-radius:0.5rem;min-height:100%;padding-top:var(--wp--preset--spacing--30);padding-right:var(--wp--preset--spacing--30);padding-bottom:var(--wp--preset--spacing--30);padding-left:var(--wp--preset--spacing--30)\">\n<h3 class=\"wp-block-heading has-large-font-size\">IT services for every company size<\/h3>\n\n\n\n<p>Our services are customised to your company. We will find a customised solution for complex requirements. Our flexible addHelix web service is suitable for small and medium-sized companies in the field of goods and passenger transport. We offer flexible and scalable solutions that can be seamlessly integrated into your existing systems.<\/p>\n<\/div>\n<\/div>\n\n\n\n<div class=\"wp-block-column is-layout-flow wp-container-core-column-is-layout-f5bb311e wp-block-column-is-layout-flow\">\n<div class=\"wp-block-group has-global-padding is-layout-constrained wp-container-core-group-is-layout-80fb368b wp-block-group-is-layout-constrained\" style=\"min-height:100%;padding-top:var(--wp--preset--spacing--30);padding-right:var(--wp--preset--spacing--30);padding-bottom:var(--wp--preset--spacing--30);padding-left:var(--wp--preset--spacing--30)\">\n<h3 class=\"wp-block-heading has-large-font-size\">Local solution with an international background<\/h3>\n\n\n\n<p>As part of the international company Axians and the VINCI Energies Group, you benefit from an extensive international network. This strong connection enables us to develop innovative and future-orientated solutions with a global reach.<\/p>\n<\/div>\n<\/div>\n<\/div>\n<\/div>\n<\/div>\n\n\n\n<div class=\"wp-block-group alignfull has-white-color has-text-color has-background is-layout-flow wp-block-group-is-layout-flow\" style=\"background:linear-gradient(224deg,rgb(65,192,240) 0%,rgb(162,0,103) 100%);margin-top:0;margin-bottom:0;padding-top:var(--wp--preset--spacing--60);padding-right:var(--wp--preset--spacing--60);padding-bottom:var(--wp--preset--spacing--60);padding-left:var(--wp--preset--spacing--60)\">\n<div class=\"wp-block-group has-global-padding is-layout-constrained wp-block-group-is-layout-constrained\">\n<div class=\"wp-block-columns are-vertically-aligned-bottom is-layout-flex wp-container-core-columns-is-layout-f24b2f23 wp-block-columns-is-layout-flex\" style=\"padding-top:var(--wp--preset--spacing--80);padding-bottom:var(--wp--preset--spacing--80)\">\n<div class=\"wp-block-column is-vertically-aligned-bottom is-layout-flow wp-container-core-column-is-layout-9f77543f wp-block-column-is-layout-flow\" style=\"flex-basis:75%\">\n<div class=\"wp-block-group is-vertical is-layout-flex wp-container-core-group-is-layout-c35747d5 wp-block-group-is-layout-flex\">\n<h2 class=\"wp-block-heading\" id=\"h-sie-mochten-mit-uns-arbeiten\">Would you like to work with us?<\/h2>\n\n\n\n<p class=\"has-medium-font-size\">Together we will take your logistics to the next level and solve your daily challenges.<\/p>\n<\/div>\n\n\n\n<div class=\"wp-block-buttons is-content-justification-left is-layout-flex wp-container-core-buttons-is-layout-f3afa3a0 wp-block-buttons-is-layout-flex\">\n<div class=\"wp-block-button\"><a class=\"wp-block-button__link has-secondary-color has-white-background-color has-text-color has-background has-link-color wp-element-button\" href=\"https:\/\/lbase.software\/en\/contact\/\" style=\"padding-top:var(--wp--preset--spacing--30);padding-right:var(--wp--preset--spacing--70);padding-bottom:var(--wp--preset--spacing--30);padding-left:var(--wp--preset--spacing--70)\">CONTACT NOW<\/a><\/div>\n<\/div>\n<\/div>\n\n\n\n<div class=\"wp-block-column is-vertically-aligned-bottom is-layout-flow wp-container-core-column-is-layout-8a368f38 wp-block-column-is-layout-flow\" style=\"flex-basis:25%\"><\/div>\n<\/div>\n<\/div>\n<\/div>","protected":false},"excerpt":{"rendered":"<p>In der globalisierten Wirtschaft ist die Logistik unverzichtbar \u2013 kein Sektor kann ohne sie funktionieren. Doch diese zentrale Rolle bringt auch Herausforderungen mit sich: Der Druck, Zeit und Kosten zu sparen, w\u00e4chst stetig, und es werden effektive L\u00f6sungen ben\u00f6tigt. Genau hier setzen wir an. lbase bedeutet \u201eWir denken Logistik weiter\u201c. Wir sind erfahrene Logistiksoftware-Anbieter und [&hellip;]<\/p>\n","protected":false},"author":1,"featured_media":366,"parent":0,"menu_order":0,"comment_status":"closed","ping_status":"closed","template":"","meta":{"_acf_changed":false,"content-type":"","footnotes":""},"categories":[],"tags":[],"class_list":["post-123","page","type-page","status-publish","has-post-thumbnail","hentry"],"acf":[],"_links":{"self":[{"href":"https:\/\/lbase.software\/en\/wp-json\/wp\/v2\/pages\/123","targetHints":{"allow":["GET"]}}],"collection":[{"href":"https:\/\/lbase.software\/en\/wp-json\/wp\/v2\/pages"}],"about":[{"href":"https:\/\/lbase.software\/en\/wp-json\/wp\/v2\/types\/page"}],"author":[{"embeddable":true,"href":"https:\/\/lbase.software\/en\/wp-json\/wp\/v2\/users\/1"}],"replies":[{"embeddable":true,"href":"https:\/\/lbase.software\/en\/wp-json\/wp\/v2\/comments?post=123"}],"version-history":[{"count":50,"href":"https:\/\/lbase.software\/en\/wp-json\/wp\/v2\/pages\/123\/revisions"}],"predecessor-version":[{"id":4656,"href":"https:\/\/lbase.software\/en\/wp-json\/wp\/v2\/pages\/123\/revisions\/4656"}],"wp:featuredmedia":[{"embeddable":true,"href":"https:\/\/lbase.software\/en\/wp-json\/wp\/v2\/media\/366"}],"wp:attachment":[{"href":"https:\/\/lbase.software\/en\/wp-json\/wp\/v2\/media?parent=123"}],"wp:term":[{"taxonomy":"category","embeddable":true,"href":"https:\/\/lbase.software\/en\/wp-json\/wp\/v2\/categories?post=123"},{"taxonomy":"post_tag","embeddable":true,"href":"https:\/\/lbase.software\/en\/wp-json\/wp\/v2\/tags?post=123"}],"curies":[{"name":"wp","href":"https:\/\/api.w.org\/{rel}","templated":true}]}}