{"id":124,"date":"2024-10-21T10:08:10","date_gmt":"2024-10-21T10:08:10","guid":{"rendered":"https:\/\/test.lbase.software\/?page_id=124"},"modified":"2026-02-27T06:35:55","modified_gmt":"2026-02-27T06:35:55","slug":"transportmanagement","status":"publish","type":"page","link":"https:\/\/lbase.software\/en\/transportmanagement\/","title":{"rendered":"Transport management"},"content":{"rendered":"<div class=\"wp-block-cover alignfull is-style-default\" style=\"padding-top:var(--wp--preset--spacing--80);padding-bottom:var(--wp--preset--spacing--80);min-height:25vw;aspect-ratio:unset;\"><span aria-hidden=\"true\" class=\"wp-block-cover__background has-fifth-background-color has-background-dim-40 has-background-dim\"><\/span><img loading=\"lazy\" decoding=\"async\" width=\"1800\" height=\"771\" src=\"https:\/\/lbase.software\/wp-content\/uploads\/technological-futuristic-holograms-logistics-means-transport_23-2151663001.jpg\" class=\"wp-block-cover__image-background wp-post-image\" alt=\"\" data-object-fit=\"cover\" data-object-position=\"48% 0%\" style=\"object-position:48% 0%;\" srcset=\"https:\/\/lbase.software\/wp-content\/uploads\/technological-futuristic-holograms-logistics-means-transport_23-2151663001.jpg 1800w, https:\/\/lbase.software\/wp-content\/uploads\/technological-futuristic-holograms-logistics-means-transport_23-2151663001-300x129.jpg 300w, https:\/\/lbase.software\/wp-content\/uploads\/technological-futuristic-holograms-logistics-means-transport_23-2151663001-1024x439.jpg 1024w, https:\/\/lbase.software\/wp-content\/uploads\/technological-futuristic-holograms-logistics-means-transport_23-2151663001-768x329.jpg 768w, https:\/\/lbase.software\/wp-content\/uploads\/technological-futuristic-holograms-logistics-means-transport_23-2151663001-1536x658.jpg 1536w, https:\/\/lbase.software\/wp-content\/uploads\/technological-futuristic-holograms-logistics-means-transport_23-2151663001-18x8.jpg 18w\" sizes=\"auto, (max-width: 1800px) 100vw, 1800px\" \/><div class=\"wp-block-cover__inner-container is-layout-flow wp-block-cover-is-layout-flow\"><h1 class=\"has-text-align-center has-link-color wp-elements-8ad2f30048310261dbacf72256c7f0a4 wp-block-post-title has-text-color has-base-color\">Transport management<\/h1><\/div><\/div>\n\n\n\n<div class=\"wp-block-group has-large-font-size has-global-padding is-layout-constrained wp-block-group-is-layout-constrained\" style=\"margin-top:var(--wp--preset--spacing--80);margin-bottom:var(--wp--preset--spacing--80)\">\n<p>Logistics faces a variety of challenges such as complex supply chains, international transport and the efficient use of different modes of transport. Whether contract logistics, general cargo and freight transport (LTL\/FTL), cross-border cooperation or intermodal solutions with air, sea and rail freight - precise planning, real-time monitoring and optimised use of resources are crucial. Cross-docking approaches also enable goods to be forwarded directly without intermediate storage, while express logistics ensures fast delivery through live tracking and automated processes.<\/p>\n\n\n\n<p>The transport management systems from lbase offer flexible and scalable solutions for this. The interfaces to partner networks and the integration of state-of-the-art technology such as AI, IoT and forecasting models ensure further efficiency - whether for long-term contract logistics concepts, international flows of goods or time-critical shipments.<\/p>\n<\/div>\n\n\n\n<div class=\"wp-block-group is-layout-grid wp-container-core-group-is-layout-4aec44c5 wp-block-group-is-layout-grid\" style=\"margin-top:var(--wp--preset--spacing--80);margin-bottom:var(--wp--preset--spacing--80)\">\n<div class=\"wp-block-group has-global-padding is-layout-constrained wp-container-core-group-is-layout-346627ba wp-block-group-is-layout-constrained\">\n<figure class=\"wp-block-image size-large has-custom-border\"><a href=\"https:\/\/lbase.software\/en\/contract-logistics\/\"><img loading=\"lazy\" decoding=\"async\" width=\"1024\" height=\"400\" src=\"https:\/\/lbase.software\/wp-content\/uploads\/Kontraktlogistik_lbase_Freepik_186749462-1024x400.jpg\" alt=\"Kontraktlogistik Transport Management TMS lbase Axians\" class=\"wp-image-2069\" style=\"border-radius:0.5rem\" srcset=\"https:\/\/lbase.software\/wp-content\/uploads\/Kontraktlogistik_lbase_Freepik_186749462-1024x400.jpg 1024w, https:\/\/lbase.software\/wp-content\/uploads\/Kontraktlogistik_lbase_Freepik_186749462-300x117.jpg 300w, https:\/\/lbase.software\/wp-content\/uploads\/Kontraktlogistik_lbase_Freepik_186749462-768x300.jpg 768w, https:\/\/lbase.software\/wp-content\/uploads\/Kontraktlogistik_lbase_Freepik_186749462-18x7.jpg 18w, https:\/\/lbase.software\/wp-content\/uploads\/Kontraktlogistik_lbase_Freepik_186749462.jpg 1536w\" sizes=\"auto, (max-width: 1024px) 100vw, 1024px\" \/><\/a><\/figure>\n\n\n\n<div class=\"wp-block-group has-global-padding is-layout-constrained wp-container-core-group-is-layout-19e250f3 wp-block-group-is-layout-constrained\">\n<h3 class=\"wp-block-heading has-large-font-size\" id=\"h-kontraktlogistik\"><a href=\"https:\/\/lbase.software\/en\/contract-logistics\/\" data-type=\"page\" data-id=\"80\">Contract logistics<\/a><\/h3>\n\n\n\n<p>Combine warehouse management and transport management software that seamlessly connects and improves your contract logistics.<\/p>\n<\/div>\n\n\n\n<div class=\"wp-block-buttons is-layout-flex wp-block-buttons-is-layout-flex\">\n<div class=\"wp-block-button is-style-text-display is-style-text-display--1\"><a class=\"wp-block-button__link wp-element-button\" href=\"https:\/\/lbase.software\/en\/contract-logistics\/\">LEARN MORE \u2192<\/a><\/div>\n<\/div>\n<\/div>\n\n\n\n<div class=\"wp-block-group has-global-padding is-layout-constrained wp-container-core-group-is-layout-346627ba wp-block-group-is-layout-constrained\">\n<figure class=\"wp-block-image size-large has-custom-border\"><a href=\"https:\/\/lbase.software\/en\/collaborative-logistics\/\"><img loading=\"lazy\" decoding=\"async\" width=\"1024\" height=\"400\" src=\"https:\/\/lbase.software\/wp-content\/uploads\/Kooperationen_lbase_iSt_1412676783-1024x400.jpg\" alt=\"Kooperationen Kooperationsverkehre lbase Axians TMS Transport Management\" class=\"wp-image-2088\" style=\"border-radius:0.5rem\" srcset=\"https:\/\/lbase.software\/wp-content\/uploads\/Kooperationen_lbase_iSt_1412676783-1024x400.jpg 1024w, https:\/\/lbase.software\/wp-content\/uploads\/Kooperationen_lbase_iSt_1412676783-300x117.jpg 300w, https:\/\/lbase.software\/wp-content\/uploads\/Kooperationen_lbase_iSt_1412676783-768x300.jpg 768w, https:\/\/lbase.software\/wp-content\/uploads\/Kooperationen_lbase_iSt_1412676783-18x7.jpg 18w, https:\/\/lbase.software\/wp-content\/uploads\/Kooperationen_lbase_iSt_1412676783.jpg 1536w\" sizes=\"auto, (max-width: 1024px) 100vw, 1024px\" \/><\/a><\/figure>\n\n\n\n<div class=\"wp-block-group has-global-padding is-layout-constrained wp-container-core-group-is-layout-19e250f3 wp-block-group-is-layout-constrained\">\n<h3 class=\"wp-block-heading has-large-font-size\" id=\"h-kooperationsverkehre\"><a href=\"https:\/\/lbase.software\/en\/collaborative-logistics\/\" data-type=\"page\" data-id=\"86\">Collaborative Logistics<\/a><\/h3>\n\n\n\n<p>Plan, control and monitor your international transports efficiently and in real time with our lbase transport management software.<\/p>\n<\/div>\n\n\n\n<div class=\"wp-block-buttons is-layout-flex wp-block-buttons-is-layout-flex\">\n<div class=\"wp-block-button is-style-text-display is-style-text-display--2\"><a class=\"wp-block-button__link wp-element-button\" href=\"https:\/\/lbase.software\/en\/collaborative-logistics\/\">LEARN MORE \u2192<\/a><\/div>\n<\/div>\n<\/div>\n\n\n\n<div class=\"wp-block-group has-global-padding is-layout-constrained wp-container-core-group-is-layout-346627ba wp-block-group-is-layout-constrained\">\n<figure class=\"wp-block-image size-large has-custom-border\"><a href=\"https:\/\/lbase.software\/en\/general-cargo\/\"><img loading=\"lazy\" decoding=\"async\" width=\"1024\" height=\"400\" src=\"https:\/\/lbase.software\/wp-content\/uploads\/Stueckgut_lbase_iSt_1339565092-1024x400.jpg\" alt=\"St\u00fcckgut, L\u00f6sungen, TMS, Transport Mangement System, lbase, Axians\" class=\"wp-image-2100\" style=\"border-radius:0.5rem\" srcset=\"https:\/\/lbase.software\/wp-content\/uploads\/Stueckgut_lbase_iSt_1339565092-1024x400.jpg 1024w, https:\/\/lbase.software\/wp-content\/uploads\/Stueckgut_lbase_iSt_1339565092-300x117.jpg 300w, https:\/\/lbase.software\/wp-content\/uploads\/Stueckgut_lbase_iSt_1339565092-768x300.jpg 768w, https:\/\/lbase.software\/wp-content\/uploads\/Stueckgut_lbase_iSt_1339565092-18x7.jpg 18w, https:\/\/lbase.software\/wp-content\/uploads\/Stueckgut_lbase_iSt_1339565092.jpg 1536w\" sizes=\"auto, (max-width: 1024px) 100vw, 1024px\" \/><\/a><\/figure>\n\n\n\n<div class=\"wp-block-group has-global-padding is-layout-constrained wp-container-core-group-is-layout-19e250f3 wp-block-group-is-layout-constrained\">\n<h3 class=\"wp-block-heading has-large-font-size\" id=\"h-stuckgut\"><a href=\"https:\/\/lbase.software\/en\/general-cargo\/\" data-type=\"page\" data-id=\"88\">General cargo<\/a><\/h3>\n\n\n\n<p>With the TMS software from lbase, you can optimise your groupage shipments as groupage transport that uses the entire loading capacity of your vehicles.<\/p>\n<\/div>\n\n\n\n<div class=\"wp-block-buttons is-layout-flex wp-block-buttons-is-layout-flex\">\n<div class=\"wp-block-button is-style-text-display is-style-text-display--3\"><a class=\"wp-block-button__link wp-element-button\" href=\"https:\/\/lbase.software\/en\/general-cargo\/\">LEARN MORE \u2192<\/a><\/div>\n<\/div>\n<\/div>\n\n\n\n<div class=\"wp-block-group has-global-padding is-layout-constrained wp-container-core-group-is-layout-346627ba wp-block-group-is-layout-constrained\">\n<figure class=\"wp-block-image size-full has-custom-border\"><a href=\"https:\/\/lbase.software\/en\/ftl-ltl\/\"><img loading=\"lazy\" decoding=\"async\" width=\"1536\" height=\"600\" src=\"https:\/\/lbase.software\/wp-content\/uploads\/FTL_LTL_lbase_Wsite_Playgr.jpg\" alt=\"FTL Full Truck Load LTL Less Than Truckload lbase Axians TMS\" class=\"wp-image-2565\" style=\"border-radius:0.5rem\" srcset=\"https:\/\/lbase.software\/wp-content\/uploads\/FTL_LTL_lbase_Wsite_Playgr.jpg 1536w, https:\/\/lbase.software\/wp-content\/uploads\/FTL_LTL_lbase_Wsite_Playgr-300x117.jpg 300w, https:\/\/lbase.software\/wp-content\/uploads\/FTL_LTL_lbase_Wsite_Playgr-1024x400.jpg 1024w, https:\/\/lbase.software\/wp-content\/uploads\/FTL_LTL_lbase_Wsite_Playgr-768x300.jpg 768w, https:\/\/lbase.software\/wp-content\/uploads\/FTL_LTL_lbase_Wsite_Playgr-18x7.jpg 18w\" sizes=\"auto, (max-width: 1536px) 100vw, 1536px\" \/><\/a><\/figure>\n\n\n\n<div class=\"wp-block-group has-global-padding is-layout-constrained wp-container-core-group-is-layout-19e250f3 wp-block-group-is-layout-constrained\">\n<h3 class=\"wp-block-heading has-large-font-size\" id=\"h-ltl-ftl\"><a href=\"https:\/\/lbase.software\/en\/ftl-ltl\/\" data-type=\"page\" data-id=\"90\">LTL \/ FTL<\/a><\/h3>\n\n\n\n<p>Our software solution is specially optimised for the special requirements of freight calculation and direct load services for part and full truck loads (LTL\/FTL).<\/p>\n<\/div>\n\n\n\n<div class=\"wp-block-buttons is-layout-flex wp-block-buttons-is-layout-flex\">\n<div class=\"wp-block-button is-style-text-display is-style-text-display--4\"><a class=\"wp-block-button__link wp-element-button\" href=\"https:\/\/lbase.software\/en\/ftl-ltl\/\">LEARN MORE \u2192<\/a><\/div>\n<\/div>\n<\/div>\n\n\n\n<div class=\"wp-block-group has-global-padding is-layout-constrained wp-container-core-group-is-layout-346627ba wp-block-group-is-layout-constrained\">\n<figure class=\"wp-block-image size-large has-custom-border\"><a href=\"https:\/\/lbase.software\/en\/cross-docking\/\"><img loading=\"lazy\" decoding=\"async\" width=\"1024\" height=\"400\" src=\"https:\/\/lbase.software\/wp-content\/uploads\/Cross_Docking_lbase_Website_FPik-1024x400.jpg\" alt=\"Cross Docking, Warenprozesse, TMS Transport Management System lbase axians\" class=\"wp-image-2538\" style=\"border-radius:0.5rem\" srcset=\"https:\/\/lbase.software\/wp-content\/uploads\/Cross_Docking_lbase_Website_FPik-1024x400.jpg 1024w, https:\/\/lbase.software\/wp-content\/uploads\/Cross_Docking_lbase_Website_FPik-300x117.jpg 300w, https:\/\/lbase.software\/wp-content\/uploads\/Cross_Docking_lbase_Website_FPik-768x300.jpg 768w, https:\/\/lbase.software\/wp-content\/uploads\/Cross_Docking_lbase_Website_FPik-18x7.jpg 18w, https:\/\/lbase.software\/wp-content\/uploads\/Cross_Docking_lbase_Website_FPik.jpg 1536w\" sizes=\"auto, (max-width: 1024px) 100vw, 1024px\" \/><\/a><\/figure>\n\n\n\n<div class=\"wp-block-group has-global-padding is-layout-constrained wp-container-core-group-is-layout-19e250f3 wp-block-group-is-layout-constrained\">\n<h3 class=\"wp-block-heading has-large-font-size\" id=\"h-cross-docking\"><a href=\"https:\/\/lbase.software\/en\/cross-docking\/\" data-type=\"page\" data-id=\"92\">Cross-Docking<\/a><\/h3>\n\n\n\n<p>Improve your flow of goods through cross-docking. Our software supports you in planning, checking and forwarding goods without intermediate storage.<\/p>\n<\/div>\n\n\n\n<div class=\"wp-block-buttons is-layout-flex wp-block-buttons-is-layout-flex\">\n<div class=\"wp-block-button is-style-text-display is-style-text-display--5\"><a class=\"wp-block-button__link wp-element-button\" href=\"https:\/\/lbase.software\/en\/cross-docking\/\">LEARN MORE \u2192<\/a><\/div>\n<\/div>\n<\/div>\n\n\n\n<div class=\"wp-block-group has-global-padding is-layout-constrained wp-container-core-group-is-layout-346627ba wp-block-group-is-layout-constrained\">\n<figure class=\"wp-block-image size-large has-custom-border\"><a href=\"https:\/\/lbase.software\/en\/intermodal-logistics\/\"><img loading=\"lazy\" decoding=\"async\" width=\"1024\" height=\"400\" src=\"https:\/\/lbase.software\/wp-content\/uploads\/Intermodal_lbase_Freepik_236218595-1024x400.jpg\" alt=\"Intermodale Logistik lbase TMS Transport Management Axians\" class=\"wp-image-2074\" style=\"border-radius:0.5rem\" srcset=\"https:\/\/lbase.software\/wp-content\/uploads\/Intermodal_lbase_Freepik_236218595-1024x400.jpg 1024w, https:\/\/lbase.software\/wp-content\/uploads\/Intermodal_lbase_Freepik_236218595-300x117.jpg 300w, https:\/\/lbase.software\/wp-content\/uploads\/Intermodal_lbase_Freepik_236218595-768x300.jpg 768w, https:\/\/lbase.software\/wp-content\/uploads\/Intermodal_lbase_Freepik_236218595-18x7.jpg 18w, https:\/\/lbase.software\/wp-content\/uploads\/Intermodal_lbase_Freepik_236218595.jpg 1536w\" sizes=\"auto, (max-width: 1024px) 100vw, 1024px\" \/><\/a><\/figure>\n\n\n\n<div class=\"wp-block-group has-global-padding is-layout-constrained wp-container-core-group-is-layout-19e250f3 wp-block-group-is-layout-constrained\">\n<h3 class=\"wp-block-heading has-large-font-size\" id=\"h-intermodale-logistik\"><a href=\"https:\/\/lbase.software\/en\/intermodal-logistics\/\" data-type=\"page\" data-id=\"94\">Intermodal Logistics<\/a><\/h3>\n\n\n\n<p>Intermodal coordination of air, sea and rail freight is crucial for global supply chains. Our TMS software facilitates planning and monitoring.<\/p>\n<\/div>\n\n\n\n<div class=\"wp-block-buttons is-layout-flex wp-block-buttons-is-layout-flex\">\n<div class=\"wp-block-button is-style-text-display is-style-text-display--6\"><a class=\"wp-block-button__link wp-element-button\" href=\"https:\/\/lbase.software\/en\/intermodal-logistics\/\">LEARN MORE \u2192<\/a><\/div>\n<\/div>\n<\/div>\n\n\n\n<div class=\"wp-block-group has-global-padding is-layout-constrained wp-container-core-group-is-layout-346627ba wp-block-group-is-layout-constrained\">\n<figure class=\"wp-block-image size-large has-custom-border\"><a href=\"https:\/\/lbase.software\/en\/express-logistics\/\"><img loading=\"lazy\" decoding=\"async\" width=\"1024\" height=\"400\" src=\"https:\/\/lbase.software\/wp-content\/uploads\/iStock-480286794-scaled-2-1024x400.jpg\" alt=\"\" class=\"wp-image-2795\" style=\"border-radius:0.5rem\" srcset=\"https:\/\/lbase.software\/wp-content\/uploads\/iStock-480286794-scaled-2-1024x400.jpg 1024w, https:\/\/lbase.software\/wp-content\/uploads\/iStock-480286794-scaled-2-300x117.jpg 300w, https:\/\/lbase.software\/wp-content\/uploads\/iStock-480286794-scaled-2-768x300.jpg 768w, https:\/\/lbase.software\/wp-content\/uploads\/iStock-480286794-scaled-2-1536x600.jpg 1536w, https:\/\/lbase.software\/wp-content\/uploads\/iStock-480286794-scaled-2-2048x800.jpg 2048w, https:\/\/lbase.software\/wp-content\/uploads\/iStock-480286794-scaled-2-18x7.jpg 18w\" sizes=\"auto, (max-width: 1024px) 100vw, 1024px\" \/><\/a><\/figure>\n\n\n\n<div class=\"wp-block-group has-global-padding is-layout-constrained wp-container-core-group-is-layout-19e250f3 wp-block-group-is-layout-constrained\">\n<h3 class=\"wp-block-heading has-large-font-size\" id=\"h-expresslogistik\"><a href=\"https:\/\/lbase.software\/en\/express-logistics\/\" data-type=\"page\" data-id=\"96\">Express Logistics<\/a><\/h3>\n\n\n\n<p>Speed, flexibility and real-time tracking are crucial for CEP services. Our software offers live data up to proof of delivery (POD) and route optimisation.<\/p>\n<\/div>\n\n\n\n<div class=\"wp-block-buttons is-layout-flex wp-block-buttons-is-layout-flex\">\n<div class=\"wp-block-button is-style-text-display is-style-text-display--7\"><a class=\"wp-block-button__link wp-element-button\" href=\"https:\/\/lbase.software\/en\/express-logistics\/\">LEARN MORE \u2192<\/a><\/div>\n<\/div>\n<\/div>\n<\/div>","protected":false},"excerpt":{"rendered":"<p>Die Logistik steht vor vielf\u00e4ltigen Herausforderungen wie komplexen Lieferketten, internationalen Transporten und der effizienten Nutzung verschiedener Verkehrstr\u00e4ger. Ob Kontraktlogistik, St\u00fcckgut- und Ladungsverkehr (LTL\/FTL), grenz\u00fcberschreitende Kooperationen oder intermodale L\u00f6sungen mit Luft-, See- und Bahnfracht \u2013 eine pr\u00e4zise Planung, Echtzeit-\u00dcberwachung und optimierte Ressourcennutzung sind entscheidend. Cross-Docking-Ans\u00e4tze erm\u00f6glichen zudem die direkte Weiterleitung von Waren ohne Zwischenlagerung, w\u00e4hrend Express-Logistik [&hellip;]<\/p>\n","protected":false},"author":1,"featured_media":1997,"parent":0,"menu_order":0,"comment_status":"closed","ping_status":"closed","template":"","meta":{"_acf_changed":false,"content-type":"","footnotes":""},"categories":[],"tags":[],"class_list":["post-124","page","type-page","status-publish","has-post-thumbnail","hentry"],"acf":[],"_links":{"self":[{"href":"https:\/\/lbase.software\/en\/wp-json\/wp\/v2\/pages\/124","targetHints":{"allow":["GET"]}}],"collection":[{"href":"https:\/\/lbase.software\/en\/wp-json\/wp\/v2\/pages"}],"about":[{"href":"https:\/\/lbase.software\/en\/wp-json\/wp\/v2\/types\/page"}],"author":[{"embeddable":true,"href":"https:\/\/lbase.software\/en\/wp-json\/wp\/v2\/users\/1"}],"replies":[{"embeddable":true,"href":"https:\/\/lbase.software\/en\/wp-json\/wp\/v2\/comments?post=124"}],"version-history":[{"count":54,"href":"https:\/\/lbase.software\/en\/wp-json\/wp\/v2\/pages\/124\/revisions"}],"predecessor-version":[{"id":4649,"href":"https:\/\/lbase.software\/en\/wp-json\/wp\/v2\/pages\/124\/revisions\/4649"}],"wp:featuredmedia":[{"embeddable":true,"href":"https:\/\/lbase.software\/en\/wp-json\/wp\/v2\/media\/1997"}],"wp:attachment":[{"href":"https:\/\/lbase.software\/en\/wp-json\/wp\/v2\/media?parent=124"}],"wp:term":[{"taxonomy":"category","embeddable":true,"href":"https:\/\/lbase.software\/en\/wp-json\/wp\/v2\/categories?post=124"},{"taxonomy":"post_tag","embeddable":true,"href":"https:\/\/lbase.software\/en\/wp-json\/wp\/v2\/tags?post=124"}],"curies":[{"name":"wp","href":"https:\/\/api.w.org\/{rel}","templated":true}]}}