{"id":3566,"date":"2025-03-20T09:51:44","date_gmt":"2025-03-20T09:51:44","guid":{"rendered":"https:\/\/lbase.software\/?page_id=3566"},"modified":"2025-03-24T13:37:59","modified_gmt":"2025-03-24T13:37:59","slug":"entwicklung","status":"publish","type":"page","link":"https:\/\/lbase.software\/en\/entwicklung\/","title":{"rendered":"Development"},"content":{"rendered":"<div class=\"wp-block-cover alignfull is-style-default has-base-color has-text-color has-link-color wp-elements-543ad394b9ab368106344919fac3bc4b\" style=\"padding-top:var(--wp--preset--spacing--80);padding-bottom:var(--wp--preset--spacing--80);min-height:25vw;aspect-ratio:unset;\"><span aria-hidden=\"true\" class=\"wp-block-cover__background has-contrast-background-color has-background-dim\"><\/span><img loading=\"lazy\" decoding=\"async\" width=\"1536\" height=\"600\" src=\"https:\/\/lbase.software\/wp-content\/uploads\/Services_Entwicklung_lbase_Wsite_sh_1024337068.jpg\" class=\"wp-block-cover__image-background wp-post-image\" alt=\"Services Entwicklung Axians lbase - Agil Produkte (weiter)entwickeln\" data-object-fit=\"cover\" srcset=\"https:\/\/lbase.software\/wp-content\/uploads\/Services_Entwicklung_lbase_Wsite_sh_1024337068.jpg 1536w, https:\/\/lbase.software\/wp-content\/uploads\/Services_Entwicklung_lbase_Wsite_sh_1024337068-300x117.jpg 300w, https:\/\/lbase.software\/wp-content\/uploads\/Services_Entwicklung_lbase_Wsite_sh_1024337068-1024x400.jpg 1024w, https:\/\/lbase.software\/wp-content\/uploads\/Services_Entwicklung_lbase_Wsite_sh_1024337068-768x300.jpg 768w, https:\/\/lbase.software\/wp-content\/uploads\/Services_Entwicklung_lbase_Wsite_sh_1024337068-18x7.jpg 18w\" sizes=\"auto, (max-width: 1536px) 100vw, 1536px\" \/><div class=\"wp-block-cover__inner-container is-layout-flow wp-block-cover-is-layout-flow\"><h2 class=\"has-text-align-center has-link-color wp-elements-6185a3863d3d479784602f2f05360429 wp-block-post-title has-text-color has-base-color\">Development<\/h2><\/div><\/div>\n\n\n\n<div class=\"wp-block-group alignfull has-global-padding is-layout-constrained wp-container-core-group-is-layout-2cb48cf1 wp-block-group-is-layout-constrained has-background\" style=\"margin-top:var(--wp--preset--spacing--80);margin-bottom:var(--wp--preset--spacing--80);background-image:url(&apos;https:\/\/lbase.software\/wp-content\/uploads\/Helix.png&apos;);background-position:0% 50%;background-repeat:no-repeat;background-size:contain;\">\n<p class=\"has-large-font-size\">The lbase development team is constantly working to offer you the best products and services. We develop cost-effective, standardised software packages that are constantly adapted to the ongoing and changing requirements of the market thanks to an agile approach. This ensures that we offer cloud-based solutions for the dynamic world of logistics that make your daily tasks easier.<\/p>\n\n\n\n<div class=\"wp-block-group is-layout-grid wp-container-core-group-is-layout-bec8567f wp-block-group-is-layout-grid\">\n<div class=\"wp-block-group has-global-padding is-layout-constrained wp-block-group-is-layout-constrained\">\n<h2 class=\"wp-block-heading has-large-font-size\" id=\"h-innovation-nach-mass\">Customised Innovation<\/h2>\n\n\n\n<p>At lbase, innovations are the result of a lively exchange. We work together with users during development and listen to their needs, daily challenges and wishes. We screen trends for them, conduct research, test technologies and create new solutions.<\/p>\n<\/div>\n\n\n\n<div class=\"wp-block-group has-global-padding is-layout-constrained wp-block-group-is-layout-constrained\">\n<h2 class=\"wp-block-heading has-large-font-size\" id=\"h-agil-produkte-weiter-entwickeln\">Agile product (further) development<\/h2>\n\n\n\n<p>Even though we offer standardised software products, our solutions are constantly being developed further. In terms of continuous deployment and continuous delivery, we react flexibly to market requirements. You therefore benefit from continuous improvements that take place in the background.<\/p>\n<\/div>\n\n\n\n<div class=\"wp-block-group has-global-padding is-layout-constrained wp-block-group-is-layout-constrained\">\n<h2 class=\"wp-block-heading has-large-font-size\" id=\"h-unser-ecosystem-fur-ihren-erfolg\">Our ecosystem for your success<\/h2>\n\n\n\n<p>In order to provide you with the best product, we maintain partnerships with numerous IT companies that contribute their expertise and complementary solutions to lbase. These include innovations in the fields of AI, customs administration and document management.<\/p>\n<\/div>\n<\/div>\n<\/div>\n\n\n\n<div class=\"wp-block-group has-global-padding is-layout-constrained wp-block-group-is-layout-constrained\" style=\"padding-top:var(--wp--preset--spacing--60);padding-bottom:var(--wp--preset--spacing--60)\">\n<div class=\"wp-block-columns is-layout-flex wp-container-core-columns-is-layout-28f84493 wp-block-columns-is-layout-flex\">\n<div class=\"wp-block-column is-layout-flow wp-block-column-is-layout-flow\">\n<h2 class=\"wp-block-heading\" id=\"h-ihr-mehrwert-durch-unsere-expertise-in-der-entwicklung\" style=\"line-height:1.1\">Your added value through our expertise in development<\/h2>\n\n\n\n<ul style=\"padding-top:var(--wp--preset--spacing--40);padding-bottom:var(--wp--preset--spacing--40)\" class=\"wp-block-list\">\n<li>Standardized products and services - flexibly adapted to your needs<\/li>\n\n\n\n<li>Continuous further development thanks to agile deployment and delivery<\/li>\n\n\n\n<li>Continuously up-to-date through updates<\/li>\n\n\n\n<li>Cloud-based solutions for daily logistical challenges<\/li>\n\n\n\n<li>Use of cloud-based solutions in a hybrid IT architecture<\/li>\n\n\n\n<li>Integration of the best solution thanks to a sophisticated partner network<\/li>\n<\/ul>\n<\/div>\n\n\n\n<div class=\"wp-block-column is-vertically-aligned-center is-layout-flow wp-block-column-is-layout-flow\">\n<div class=\"wp-block-columns is-not-stacked-on-mobile is-layout-flex wp-container-core-columns-is-layout-47c06fe3 wp-block-columns-is-layout-flex\">\n<div class=\"wp-block-column is-layout-flow wp-block-column-is-layout-flow\">\n<div class=\"wp-block-cover has-aspect-ratio\" style=\"border-radius:0.5rem;margin-top:var(--wp--preset--spacing--80);margin-bottom:var(--wp--preset--spacing--80);aspect-ratio:3\/4;min-height:unset;\"><span aria-hidden=\"true\" class=\"wp-block-cover__background has-background-dim-0 has-background-dim\" style=\"background-color:#84768c\"><\/span><img loading=\"lazy\" decoding=\"async\" width=\"2560\" height=\"1172\" class=\"wp-block-cover__image-background wp-image-3692\" alt=\"Services Entwicklung Axians lbase - Innovation nach Ma\u00df\" src=\"https:\/\/lbase.software\/wp-content\/uploads\/iStock-1492188414-scaled.jpg\" style=\"object-position:18% 52%\" data-object-fit=\"cover\" data-object-position=\"18% 52%\" srcset=\"https:\/\/lbase.software\/wp-content\/uploads\/iStock-1492188414-scaled.jpg 2560w, https:\/\/lbase.software\/wp-content\/uploads\/iStock-1492188414-300x137.jpg 300w, https:\/\/lbase.software\/wp-content\/uploads\/iStock-1492188414-1024x469.jpg 1024w, https:\/\/lbase.software\/wp-content\/uploads\/iStock-1492188414-768x352.jpg 768w, https:\/\/lbase.software\/wp-content\/uploads\/iStock-1492188414-1536x703.jpg 1536w, https:\/\/lbase.software\/wp-content\/uploads\/iStock-1492188414-2048x938.jpg 2048w, https:\/\/lbase.software\/wp-content\/uploads\/iStock-1492188414-18x8.jpg 18w\" sizes=\"auto, (max-width: 2560px) 100vw, 2560px\" \/><div class=\"wp-block-cover__inner-container is-layout-flow wp-block-cover-is-layout-flow\">\n<p class=\"has-text-align-center has-large-font-size\"><\/p>\n<\/div><\/div>\n<\/div>\n\n\n\n<div class=\"wp-block-column is-layout-flow wp-block-column-is-layout-flow\">\n<div class=\"wp-block-cover has-aspect-ratio\" style=\"border-radius:0.5rem;aspect-ratio:3\/4;min-height:unset;\"><span aria-hidden=\"true\" class=\"wp-block-cover__background has-background-dim-0 has-background-dim\"><\/span><img loading=\"lazy\" decoding=\"async\" width=\"2560\" height=\"1172\" class=\"wp-block-cover__image-background wp-image-3692\" alt=\"Services Entwicklung Axians lbase - Innovation nach Ma\u00df\" src=\"https:\/\/lbase.software\/wp-content\/uploads\/iStock-1492188414-scaled.jpg\" style=\"object-position:88% 44%\" data-object-fit=\"cover\" data-object-position=\"88% 44%\" srcset=\"https:\/\/lbase.software\/wp-content\/uploads\/iStock-1492188414-scaled.jpg 2560w, https:\/\/lbase.software\/wp-content\/uploads\/iStock-1492188414-300x137.jpg 300w, https:\/\/lbase.software\/wp-content\/uploads\/iStock-1492188414-1024x469.jpg 1024w, https:\/\/lbase.software\/wp-content\/uploads\/iStock-1492188414-768x352.jpg 768w, https:\/\/lbase.software\/wp-content\/uploads\/iStock-1492188414-1536x703.jpg 1536w, https:\/\/lbase.software\/wp-content\/uploads\/iStock-1492188414-2048x938.jpg 2048w, https:\/\/lbase.software\/wp-content\/uploads\/iStock-1492188414-18x8.jpg 18w\" sizes=\"auto, (max-width: 2560px) 100vw, 2560px\" \/><div class=\"wp-block-cover__inner-container is-layout-flow wp-block-cover-is-layout-flow\">\n<p class=\"has-text-align-center has-large-font-size\"><\/p>\n<\/div><\/div>\n<\/div>\n<\/div>\n<\/div>\n<\/div>\n<\/div>\n\n\n\n<div class=\"wp-block-group alignfull has-white-color has-text-color has-background has-x-large-font-size is-layout-flow wp-block-group-is-layout-flow\" style=\"background:linear-gradient(224deg,rgb(65,192,240) 0%,rgb(162,0,103) 100%);padding-top:var(--wp--preset--spacing--60);padding-right:var(--wp--preset--spacing--60);padding-bottom:var(--wp--preset--spacing--60);padding-left:var(--wp--preset--spacing--60)\">\n<div class=\"wp-block-group has-global-padding is-layout-constrained wp-block-group-is-layout-constrained\">\n<div class=\"wp-block-columns is-layout-flex wp-container-core-columns-is-layout-f24b2f23 wp-block-columns-is-layout-flex\" style=\"padding-top:var(--wp--preset--spacing--80);padding-bottom:var(--wp--preset--spacing--80)\">\n<div class=\"wp-block-column is-layout-flow wp-container-core-column-is-layout-f751d6c2 wp-block-column-is-layout-flow\" style=\"flex-basis:75%\">\n<div class=\"wp-block-group is-vertical is-layout-flex wp-container-core-group-is-layout-cd86aea5 wp-block-group-is-layout-flex\">\n<p>Our expertise in the development of cloud and web-based logistics software solutions will help you and your company move forward. We are happy to support you in digitalisation.<\/p>\n\n\n\n<div class=\"wp-block-buttons is-layout-flex wp-block-buttons-is-layout-flex\">\n<div class=\"wp-block-button is-style-fill\"><a class=\"wp-block-button__link has-secondary-color has-white-background-color has-text-color has-background has-link-color wp-element-button\" href=\"https:\/\/lbase.software\/en\/contact\/\" style=\"border-style:none;border-width:0px\">CONTACT US<\/a><\/div>\n<\/div>\n<\/div>\n<\/div>\n\n\n\n<div class=\"wp-block-column is-layout-flow wp-block-column-is-layout-flow\" style=\"flex-basis:25%\">\n<div style=\"height:49px\" aria-hidden=\"true\" class=\"wp-block-spacer\"><\/div>\n<\/div>\n<\/div>\n<\/div>\n<\/div>","protected":false},"excerpt":{"rendered":"<p>Das Entwicklungsteam von lbase arbeitet laufend daran, Ihnen die besten Produkte und Services anzubieten. Wir entwickeln wirtschaftliche, standardisierte Software-Pakete, die dank einem agilen Ansatz stetig an die fortw\u00e4hrenden und ver\u00e4nderten Anforderungen des Marktes angepasst werden. So k\u00f6nnen wir sicher gehen, dass wir f\u00fcr die dynamische Welt der Logistik cloudbasierte L\u00f6sungen bieten, die Ihre t\u00e4glichen Aufgaben [&hellip;]<\/p>\n","protected":false},"author":243,"featured_media":3694,"parent":0,"menu_order":0,"comment_status":"closed","ping_status":"closed","template":"","meta":{"_acf_changed":false,"content-type":"","footnotes":""},"categories":[],"tags":[],"class_list":["post-3566","page","type-page","status-publish","has-post-thumbnail","hentry"],"acf":[],"_links":{"self":[{"href":"https:\/\/lbase.software\/en\/wp-json\/wp\/v2\/pages\/3566","targetHints":{"allow":["GET"]}}],"collection":[{"href":"https:\/\/lbase.software\/en\/wp-json\/wp\/v2\/pages"}],"about":[{"href":"https:\/\/lbase.software\/en\/wp-json\/wp\/v2\/types\/page"}],"author":[{"embeddable":true,"href":"https:\/\/lbase.software\/en\/wp-json\/wp\/v2\/users\/243"}],"replies":[{"embeddable":true,"href":"https:\/\/lbase.software\/en\/wp-json\/wp\/v2\/comments?post=3566"}],"version-history":[{"count":13,"href":"https:\/\/lbase.software\/en\/wp-json\/wp\/v2\/pages\/3566\/revisions"}],"predecessor-version":[{"id":3750,"href":"https:\/\/lbase.software\/en\/wp-json\/wp\/v2\/pages\/3566\/revisions\/3750"}],"wp:featuredmedia":[{"embeddable":true,"href":"https:\/\/lbase.software\/en\/wp-json\/wp\/v2\/media\/3694"}],"wp:attachment":[{"href":"https:\/\/lbase.software\/en\/wp-json\/wp\/v2\/media?parent=3566"}],"wp:term":[{"taxonomy":"category","embeddable":true,"href":"https:\/\/lbase.software\/en\/wp-json\/wp\/v2\/categories?post=3566"},{"taxonomy":"post_tag","embeddable":true,"href":"https:\/\/lbase.software\/en\/wp-json\/wp\/v2\/tags?post=3566"}],"curies":[{"name":"wp","href":"https:\/\/api.w.org\/{rel}","templated":true}]}}