{"id":3572,"date":"2025-03-20T09:50:53","date_gmt":"2025-03-20T09:50:53","guid":{"rendered":"https:\/\/lbase.software\/?page_id=3572"},"modified":"2025-04-17T11:56:44","modified_gmt":"2025-04-17T11:56:44","slug":"projekte","status":"publish","type":"page","link":"https:\/\/lbase.software\/en\/projekte\/","title":{"rendered":"Projects"},"content":{"rendered":"<div class=\"wp-block-cover alignfull is-style-default has-base-color has-text-color has-link-color wp-elements-ffdf5eb9da04e463bfbd1aeb818f058c\" style=\"padding-top:var(--wp--preset--spacing--80);padding-bottom:var(--wp--preset--spacing--80);min-height:25vw;aspect-ratio:unset;\"><span aria-hidden=\"true\" class=\"wp-block-cover__background has-contrast-background-color has-background-dim\"><\/span><img loading=\"lazy\" decoding=\"async\" width=\"2560\" height=\"1707\" src=\"https:\/\/lbase.software\/wp-content\/uploads\/iStock-1465436152-1-scaled.jpg\" class=\"wp-block-cover__image-background wp-post-image\" alt=\"Services Projekte Axians lbase\" data-object-fit=\"cover\" data-object-position=\"51% 7%\" style=\"object-position:51% 7%;\" srcset=\"https:\/\/lbase.software\/wp-content\/uploads\/iStock-1465436152-1-scaled.jpg 2560w, https:\/\/lbase.software\/wp-content\/uploads\/iStock-1465436152-1-300x200.jpg 300w, https:\/\/lbase.software\/wp-content\/uploads\/iStock-1465436152-1-1024x683.jpg 1024w, https:\/\/lbase.software\/wp-content\/uploads\/iStock-1465436152-1-768x512.jpg 768w, https:\/\/lbase.software\/wp-content\/uploads\/iStock-1465436152-1-1536x1024.jpg 1536w, https:\/\/lbase.software\/wp-content\/uploads\/iStock-1465436152-1-2048x1365.jpg 2048w, https:\/\/lbase.software\/wp-content\/uploads\/iStock-1465436152-1-18x12.jpg 18w\" sizes=\"auto, (max-width: 2560px) 100vw, 2560px\" \/><div class=\"wp-block-cover__inner-container is-layout-flow wp-block-cover-is-layout-flow\"><h2 class=\"has-text-align-center has-link-color wp-elements-6185a3863d3d479784602f2f05360429 wp-block-post-title has-text-color has-base-color\">Projects<\/h2><\/div><\/div>\n\n\n\n<div class=\"wp-block-group alignfull has-global-padding is-layout-constrained wp-container-core-group-is-layout-2cb48cf1 wp-block-group-is-layout-constrained has-background\" style=\"margin-top:var(--wp--preset--spacing--80);margin-bottom:var(--wp--preset--spacing--80);background-image:url(&apos;https:\/\/lbase.software\/wp-content\/uploads\/Helix.png&apos;);background-position:0% 50%;background-repeat:no-repeat;background-size:contain;\">\n<p class=\"has-large-font-size\">From the planning to the evaluation of a project, our experts at lbase are at your side with individual consulting and well thought-out implementation. This is the only way we can ensure that our software solution is tailored to your needs and makes your day-to-day logistics easier. This enables us to achieve results quickly and you to get the best out of our software product.<\/p>\n\n\n\n<div class=\"wp-block-group is-layout-grid wp-container-core-group-is-layout-bec8567f wp-block-group-is-layout-grid\">\n<div class=\"wp-block-group has-global-padding is-layout-constrained wp-block-group-is-layout-constrained\">\n<h2 class=\"wp-block-heading has-large-font-size\" id=\"h-genaue-planung-rasche-umsetzung\">Precise planning, rapid implementation<\/h2>\n\n\n\n<p>At lbase, we combine the classic waterfall principle with an agile approach. After comprehensive consulting with an analysis and design phase, we drive our projects forward using modern scrum methods. This allows you to benefit from rapid progress and a high level of transparency at the same time.<\/p>\n<\/div>\n\n\n\n<div class=\"wp-block-group has-global-padding is-layout-constrained wp-block-group-is-layout-constrained\">\n<h2 class=\"wp-block-heading has-large-font-size\" id=\"h-unsere-spezialisten-fur-sie-im-einsatz\">Our specialists at work for you<\/h2>\n\n\n\n<p>Each lbase project is supported by two key people: they each have a contact person for content-related and commercial issues. This enables clear communication and saves time in coordination. If necessary, the team is supplemented by experts from the fields of transportation, logistics and software.<\/p>\n<\/div>\n\n\n\n<div class=\"wp-block-group has-global-padding is-layout-constrained wp-block-group-is-layout-constrained\">\n<h2 class=\"wp-block-heading has-large-font-size\" id=\"h-mit-enger-kooperation-zum-erfolg\">Success through close cooperation<\/h2>\n\n\n\n<p>We work closely with our customers throughout the entire process and, thanks to our many years of experience in the industry, we understand the challenges they face on a daily basis and can therefore offer customized advice. At lbase, we offer you standardized products with a high degree of flexibility. All workflows can be adapted to your needs.<\/p>\n<\/div>\n<\/div>\n<\/div>\n\n\n\n<div class=\"wp-block-group has-global-padding is-layout-constrained wp-block-group-is-layout-constrained\" style=\"padding-top:var(--wp--preset--spacing--60);padding-bottom:var(--wp--preset--spacing--60)\">\n<div class=\"wp-block-columns is-layout-flex wp-container-core-columns-is-layout-28f84493 wp-block-columns-is-layout-flex\">\n<div class=\"wp-block-column is-layout-flow wp-block-column-is-layout-flow\">\n<h2 class=\"wp-block-heading\" id=\"h-ihr-mehrwert-durch-unser-projektmanagement\" style=\"line-height:1.1\">Your added value through our project management<\/h2>\n\n\n\n<ul style=\"padding-top:var(--wp--preset--spacing--40);padding-bottom:var(--wp--preset--spacing--40)\" class=\"wp-block-list\">\n<li>More transparency and rapid implementation thanks to hybrid approach<\/li>\n\n\n\n<li>Clear contact persons for content-related and commercial questions<\/li>\n\n\n\n<li>Customised consulting with dedicated process and system consulting<\/li>\n\n\n\n<li>Close cooperation with the development team for customized results<\/li>\n\n\n\n<li>Cooperation with specialists in the areas of transportation, logistics and software<\/li>\n<\/ul>\n<\/div>\n\n\n\n<div class=\"wp-block-column is-vertically-aligned-center is-layout-flow wp-block-column-is-layout-flow\">\n<div class=\"wp-block-columns is-not-stacked-on-mobile is-layout-flex wp-container-core-columns-is-layout-47c06fe3 wp-block-columns-is-layout-flex\">\n<div class=\"wp-block-column is-layout-flow wp-block-column-is-layout-flow\">\n<div class=\"wp-block-cover has-aspect-ratio\" style=\"border-radius:0.5rem;margin-top:var(--wp--preset--spacing--80);margin-bottom:var(--wp--preset--spacing--80);aspect-ratio:3\/4;min-height:unset;\"><img loading=\"lazy\" decoding=\"async\" width=\"2560\" height=\"1350\" class=\"wp-block-cover__image-background wp-image-3689\" alt=\"Services Projekte Axians lbase - Genau Planung, rasche Umsetzung\" src=\"https:\/\/lbase.software\/wp-content\/uploads\/iStock-2195283773-scaled.jpg\" data-object-fit=\"cover\" srcset=\"https:\/\/lbase.software\/wp-content\/uploads\/iStock-2195283773-scaled.jpg 2560w, https:\/\/lbase.software\/wp-content\/uploads\/iStock-2195283773-300x158.jpg 300w, https:\/\/lbase.software\/wp-content\/uploads\/iStock-2195283773-1024x540.jpg 1024w, https:\/\/lbase.software\/wp-content\/uploads\/iStock-2195283773-768x405.jpg 768w, https:\/\/lbase.software\/wp-content\/uploads\/iStock-2195283773-1536x810.jpg 1536w, https:\/\/lbase.software\/wp-content\/uploads\/iStock-2195283773-2048x1080.jpg 2048w, https:\/\/lbase.software\/wp-content\/uploads\/iStock-2195283773-18x9.jpg 18w\" sizes=\"auto, (max-width: 2560px) 100vw, 2560px\" \/><span aria-hidden=\"true\" class=\"wp-block-cover__background has-background-dim-0 has-background-dim\" style=\"background-color:#616872\"><\/span><div class=\"wp-block-cover__inner-container is-layout-flow wp-block-cover-is-layout-flow\">\n<p class=\"has-text-align-center has-large-font-size\"><\/p>\n<\/div><\/div>\n<\/div>\n\n\n\n<div class=\"wp-block-column is-layout-flow wp-block-column-is-layout-flow\">\n<div class=\"wp-block-cover has-aspect-ratio\" style=\"border-radius:0.5rem;aspect-ratio:3\/4;min-height:unset;\"><img loading=\"lazy\" decoding=\"async\" width=\"2560\" height=\"1350\" class=\"wp-block-cover__image-background wp-image-3689\" alt=\"Services Projekte Axians lbase - Genau Planung, rasche Umsetzung\" src=\"https:\/\/lbase.software\/wp-content\/uploads\/iStock-2195283773-scaled.jpg\" style=\"object-position:100% 45%\" data-object-fit=\"cover\" data-object-position=\"100% 45%\" srcset=\"https:\/\/lbase.software\/wp-content\/uploads\/iStock-2195283773-scaled.jpg 2560w, https:\/\/lbase.software\/wp-content\/uploads\/iStock-2195283773-300x158.jpg 300w, https:\/\/lbase.software\/wp-content\/uploads\/iStock-2195283773-1024x540.jpg 1024w, https:\/\/lbase.software\/wp-content\/uploads\/iStock-2195283773-768x405.jpg 768w, https:\/\/lbase.software\/wp-content\/uploads\/iStock-2195283773-1536x810.jpg 1536w, https:\/\/lbase.software\/wp-content\/uploads\/iStock-2195283773-2048x1080.jpg 2048w, https:\/\/lbase.software\/wp-content\/uploads\/iStock-2195283773-18x9.jpg 18w\" sizes=\"auto, (max-width: 2560px) 100vw, 2560px\" \/><span aria-hidden=\"true\" class=\"wp-block-cover__background has-background-dim-0 has-background-dim\" style=\"background-color:#616872\"><\/span><div class=\"wp-block-cover__inner-container is-layout-flow wp-block-cover-is-layout-flow\">\n<p class=\"has-text-align-center has-large-font-size\"><\/p>\n<\/div><\/div>\n<\/div>\n<\/div>\n<\/div>\n<\/div>\n<\/div>\n\n\n\n<div class=\"wp-block-group alignfull has-white-color has-text-color has-background has-x-large-font-size is-layout-flow wp-block-group-is-layout-flow\" style=\"background:linear-gradient(224deg,rgb(65,192,240) 0%,rgb(162,0,103) 100%);padding-top:var(--wp--preset--spacing--60);padding-right:var(--wp--preset--spacing--60);padding-bottom:var(--wp--preset--spacing--60);padding-left:var(--wp--preset--spacing--60)\">\n<div class=\"wp-block-group has-global-padding is-layout-constrained wp-block-group-is-layout-constrained\">\n<div class=\"wp-block-columns is-layout-flex wp-container-core-columns-is-layout-f24b2f23 wp-block-columns-is-layout-flex\" style=\"padding-top:var(--wp--preset--spacing--80);padding-bottom:var(--wp--preset--spacing--80)\">\n<div class=\"wp-block-column is-layout-flow wp-container-core-column-is-layout-f751d6c2 wp-block-column-is-layout-flow\" style=\"flex-basis:75%\">\n<div class=\"wp-block-group is-vertical is-layout-flex wp-container-core-group-is-layout-cd86aea5 wp-block-group-is-layout-flex\">\n<p>Our expertise in the development of cloud and web-based logistics software solutions will help you and your company move forward. We are happy to support you in digitalisation.<\/p>\n\n\n\n<div class=\"wp-block-buttons is-layout-flex wp-block-buttons-is-layout-flex\">\n<div class=\"wp-block-button is-style-fill\"><a class=\"wp-block-button__link has-secondary-color has-white-background-color has-text-color has-background has-link-color wp-element-button\" href=\"https:\/\/lbase.software\/en\/contact\/\" style=\"border-style:none;border-width:0px\">CONTACT US<\/a><\/div>\n<\/div>\n<\/div>\n<\/div>\n\n\n\n<div class=\"wp-block-column is-layout-flow wp-block-column-is-layout-flow\" style=\"flex-basis:25%\">\n<div style=\"height:49px\" aria-hidden=\"true\" class=\"wp-block-spacer\"><\/div>\n<\/div>\n<\/div>\n<\/div>\n<\/div>","protected":false},"excerpt":{"rendered":"<p>Von der Planung bis zur Evaluierung eines Projektes stehen Ihnen bei lbase unsere Experten mit individuellem Consulting und durchdachter Umsetzung zur Seite. Nur so k\u00f6nnen wir sicherstellen, dass unsere Software-L\u00f6sung auf Ihre Bed\u00fcrfnisse zugeschnitten ist und Ihren Logistikalltag erleichtert. Damit erzielen wir rasch Ergebnisse und Sie holen das Beste aus unserem Softwareprodukt heraus. Genaue Planung, [&hellip;]<\/p>\n","protected":false},"author":243,"featured_media":3712,"parent":0,"menu_order":0,"comment_status":"closed","ping_status":"closed","template":"","meta":{"_acf_changed":false,"content-type":"","footnotes":""},"categories":[],"tags":[],"class_list":["post-3572","page","type-page","status-publish","has-post-thumbnail","hentry"],"acf":[],"_links":{"self":[{"href":"https:\/\/lbase.software\/en\/wp-json\/wp\/v2\/pages\/3572","targetHints":{"allow":["GET"]}}],"collection":[{"href":"https:\/\/lbase.software\/en\/wp-json\/wp\/v2\/pages"}],"about":[{"href":"https:\/\/lbase.software\/en\/wp-json\/wp\/v2\/types\/page"}],"author":[{"embeddable":true,"href":"https:\/\/lbase.software\/en\/wp-json\/wp\/v2\/users\/243"}],"replies":[{"embeddable":true,"href":"https:\/\/lbase.software\/en\/wp-json\/wp\/v2\/comments?post=3572"}],"version-history":[{"count":12,"href":"https:\/\/lbase.software\/en\/wp-json\/wp\/v2\/pages\/3572\/revisions"}],"predecessor-version":[{"id":3977,"href":"https:\/\/lbase.software\/en\/wp-json\/wp\/v2\/pages\/3572\/revisions\/3977"}],"wp:featuredmedia":[{"embeddable":true,"href":"https:\/\/lbase.software\/en\/wp-json\/wp\/v2\/media\/3712"}],"wp:attachment":[{"href":"https:\/\/lbase.software\/en\/wp-json\/wp\/v2\/media?parent=3572"}],"wp:term":[{"taxonomy":"category","embeddable":true,"href":"https:\/\/lbase.software\/en\/wp-json\/wp\/v2\/categories?post=3572"},{"taxonomy":"post_tag","embeddable":true,"href":"https:\/\/lbase.software\/en\/wp-json\/wp\/v2\/tags?post=3572"}],"curies":[{"name":"wp","href":"https:\/\/api.w.org\/{rel}","templated":true}]}}