{"id":3579,"date":"2025-03-20T09:51:04","date_gmt":"2025-03-20T09:51:04","guid":{"rendered":"https:\/\/lbase.software\/?page_id=3579"},"modified":"2025-03-20T10:19:03","modified_gmt":"2025-03-20T10:19:03","slug":"betrieb","status":"publish","type":"page","link":"https:\/\/lbase.software\/en\/betrieb\/","title":{"rendered":"Operations"},"content":{"rendered":"<div class=\"wp-block-cover alignfull is-light is-style-default has-base-color has-text-color has-link-color wp-elements-a01b22beb241bf5183a2bc5f979ca375\" style=\"padding-top:var(--wp--preset--spacing--80);padding-bottom:var(--wp--preset--spacing--80);min-height:25vw;aspect-ratio:unset;\"><span aria-hidden=\"true\" class=\"wp-block-cover__background has-contrast-background-color has-background-dim\"><\/span><img loading=\"lazy\" decoding=\"async\" width=\"1536\" height=\"600\" src=\"https:\/\/lbase.software\/wp-content\/uploads\/Services_Betrieb_lbase_Wsite_iSt_1131198374.jpg\" class=\"wp-block-cover__image-background wp-post-image\" alt=\"Services Betrieb - All-in-One SaaS-L\u00f6sung Axians lbase\" data-object-fit=\"cover\" data-object-position=\"51% 34%\" style=\"object-position:51% 34%;\" srcset=\"https:\/\/lbase.software\/wp-content\/uploads\/Services_Betrieb_lbase_Wsite_iSt_1131198374.jpg 1536w, https:\/\/lbase.software\/wp-content\/uploads\/Services_Betrieb_lbase_Wsite_iSt_1131198374-300x117.jpg 300w, https:\/\/lbase.software\/wp-content\/uploads\/Services_Betrieb_lbase_Wsite_iSt_1131198374-1024x400.jpg 1024w, https:\/\/lbase.software\/wp-content\/uploads\/Services_Betrieb_lbase_Wsite_iSt_1131198374-768x300.jpg 768w, https:\/\/lbase.software\/wp-content\/uploads\/Services_Betrieb_lbase_Wsite_iSt_1131198374-18x7.jpg 18w\" sizes=\"auto, (max-width: 1536px) 100vw, 1536px\" \/><div class=\"wp-block-cover__inner-container is-layout-flow wp-block-cover-is-layout-flow\"><h2 class=\"has-text-align-center has-link-color wp-elements-6185a3863d3d479784602f2f05360429 wp-block-post-title has-text-color has-base-color\">Operations<\/h2><\/div><\/div>\n\n\n\n<div class=\"wp-block-group alignfull has-global-padding is-layout-constrained wp-container-core-group-is-layout-2cb48cf1 wp-block-group-is-layout-constrained has-background\" style=\"margin-top:var(--wp--preset--spacing--80);margin-bottom:var(--wp--preset--spacing--80);background-image:url(&apos;https:\/\/lbase.software\/wp-content\/uploads\/Helix.png&apos;);background-position:0% 50%;background-repeat:no-repeat;background-size:contain;\">\n<p class=\"has-large-font-size\">So that you can concentrate on your core business, we take care of your IT administration, ongoing updates and security issues. We make this possible by offering you a complete all-in-one SaaS solution - operated in the certified Axians data centre in Vienna.<\/p>\n\n\n\n<div class=\"wp-block-group is-layout-grid wp-container-core-group-is-layout-bec8567f wp-block-group-is-layout-grid\">\n<div class=\"wp-block-group has-global-padding is-layout-constrained wp-block-group-is-layout-constrained\">\n<h2 class=\"wp-block-heading has-large-font-size\" id=\"h-ihr-rundum-sorglos-paket\">Your all-round carefree package<\/h2>\n\n\n\n<p>We take over the operation, maintenance and administration of the IT infrastructure and you simply use your system - scalable and future-proof. We offer maximum security and performance through hosting in an ISO-certified data centre in Austria. We also integrate third-party software and manage the operation of all required applications. Your software runs, we take care of the rest.<\/p>\n<\/div>\n\n\n\n<div class=\"wp-block-group has-global-padding is-layout-constrained wp-block-group-is-layout-constrained\">\n<h2 class=\"wp-block-heading has-large-font-size\" id=\"h-24-7-support-mit-unseren-it-kompetenzen\">24\/7 support with our IT expertise<\/h2>\n\n\n\n<p>We offer manufacturer-independent IT solutions that are tailored precisely to your needs and budget. Our services include the procurement of hardware and software from leading manufacturers as well as comprehensive support and maintenance during operation. Our experts offer round-the-clock support to resolve problems quickly and minimize downtime. With our disaster prevention, we ensure reliability, emergency planning, recovery and security tests.<\/p>\n<\/div>\n\n\n\n<div class=\"wp-block-group has-global-padding is-layout-constrained wp-block-group-is-layout-constrained\">\n<h2 class=\"wp-block-heading has-large-font-size\" id=\"h-hochwertiger-support-fur-legacy-systeme\">High-quality support for legacy systems<\/h2>\n\n\n\n<p>We also offer customised operating concepts for older software solutions that are no longer supported by the manufacturer. Our 24\/7 support ensures that your applications remain stable and perform well. Through continuous maintenance, security updates and customisation, we ensure the smooth and secure operation of your tried-and-tested software - without any complexity for your company.<\/p>\n<\/div>\n<\/div>\n<\/div>\n\n\n\n<div class=\"wp-block-group has-global-padding is-layout-constrained wp-block-group-is-layout-constrained\" style=\"padding-top:var(--wp--preset--spacing--60);padding-bottom:var(--wp--preset--spacing--60)\">\n<div class=\"wp-block-columns is-layout-flex wp-container-core-columns-is-layout-28f84493 wp-block-columns-is-layout-flex\">\n<div class=\"wp-block-column is-layout-flow wp-block-column-is-layout-flow\">\n<h2 class=\"wp-block-heading\" id=\"h-ihr-mehrwert-durch-unsere-betreuung-im-laufenden-betrieb\" style=\"line-height:1.1\">Your added value through our support during operation<\/h2>\n\n\n\n<ul style=\"padding-top:var(--wp--preset--spacing--40);padding-bottom:var(--wp--preset--spacing--40)\" class=\"wp-block-list\">\n<li>All-in-one SaaS solution - operated in the certified Axians data centre in Vienna<\/li>\n\n\n\n<li>Our experts are there for you 24\/7 with round-the-clock support<\/li>\n\n\n\n<li>The ideal solution for you with manufacturer-independent solutions from the best providers<\/li>\n\n\n\n<li>Disaster prevention with resilience, contingency planning and recovery tests for maximum security<\/li>\n\n\n\n<li>Legacy system support with customized solutions for older systems without manufacturer support<\/li>\n\n\n\n<li>Seamless integration during digitalisation and integration into your existing IT landscape<\/li>\n<\/ul>\n<\/div>\n\n\n\n<div class=\"wp-block-column is-vertically-aligned-center is-layout-flow wp-block-column-is-layout-flow\">\n<div class=\"wp-block-columns is-not-stacked-on-mobile is-layout-flex wp-container-core-columns-is-layout-47c06fe3 wp-block-columns-is-layout-flex\">\n<div class=\"wp-block-column is-layout-flow wp-block-column-is-layout-flow\">\n<figure class=\"wp-block-image size-full has-custom-border\" style=\"margin-top:var(--wp--preset--spacing--80);margin-bottom:var(--wp--preset--spacing--80)\"><img loading=\"lazy\" decoding=\"async\" width=\"650\" height=\"1016\" src=\"https:\/\/lbase.software\/wp-content\/uploads\/Bildschirmfoto-2025-03-19-um-10.18.50-e1742376051307.png\" alt=\"\" class=\"wp-image-3619\" style=\"border-radius:0.5rem;aspect-ratio:3\/4;object-fit:cover\" srcset=\"https:\/\/lbase.software\/wp-content\/uploads\/Bildschirmfoto-2025-03-19-um-10.18.50-e1742376051307.png 650w, https:\/\/lbase.software\/wp-content\/uploads\/Bildschirmfoto-2025-03-19-um-10.18.50-e1742376051307-192x300.png 192w, https:\/\/lbase.software\/wp-content\/uploads\/Bildschirmfoto-2025-03-19-um-10.18.50-e1742376051307-8x12.png 8w\" sizes=\"auto, (max-width: 650px) 100vw, 650px\" \/><\/figure>\n<\/div>\n\n\n\n<div class=\"wp-block-column is-layout-flow wp-block-column-is-layout-flow\">\n<figure class=\"wp-block-image size-full has-custom-border\"><img loading=\"lazy\" decoding=\"async\" width=\"500\" height=\"574\" src=\"https:\/\/lbase.software\/wp-content\/uploads\/Bildschirmfoto-2025-03-19-um-10.18.50-1-e1742376085811.png\" alt=\"\" class=\"wp-image-3620\" style=\"border-radius:0.5rem;aspect-ratio:3\/4;object-fit:cover\" srcset=\"https:\/\/lbase.software\/wp-content\/uploads\/Bildschirmfoto-2025-03-19-um-10.18.50-1-e1742376085811.png 500w, https:\/\/lbase.software\/wp-content\/uploads\/Bildschirmfoto-2025-03-19-um-10.18.50-1-e1742376085811-261x300.png 261w, https:\/\/lbase.software\/wp-content\/uploads\/Bildschirmfoto-2025-03-19-um-10.18.50-1-e1742376085811-10x12.png 10w\" sizes=\"auto, (max-width: 500px) 100vw, 500px\" \/><\/figure>\n<\/div>\n<\/div>\n<\/div>\n<\/div>\n<\/div>\n\n\n\n<div class=\"wp-block-group alignfull has-white-color has-text-color has-background has-x-large-font-size is-layout-flow wp-block-group-is-layout-flow\" style=\"background:linear-gradient(224deg,rgb(65,192,240) 0%,rgb(162,0,103) 100%);padding-top:var(--wp--preset--spacing--60);padding-right:var(--wp--preset--spacing--60);padding-bottom:var(--wp--preset--spacing--60);padding-left:var(--wp--preset--spacing--60)\">\n<div class=\"wp-block-group has-global-padding is-layout-constrained wp-block-group-is-layout-constrained\">\n<div class=\"wp-block-columns is-layout-flex wp-container-core-columns-is-layout-f24b2f23 wp-block-columns-is-layout-flex\" style=\"padding-top:var(--wp--preset--spacing--80);padding-bottom:var(--wp--preset--spacing--80)\">\n<div class=\"wp-block-column is-layout-flow wp-container-core-column-is-layout-f751d6c2 wp-block-column-is-layout-flow\" style=\"flex-basis:75%\">\n<div class=\"wp-block-group is-vertical is-layout-flex wp-container-core-group-is-layout-cd86aea5 wp-block-group-is-layout-flex\">\n<p>Our expertise in the development of cloud and web-based logistics software solutions will help you and your company move forward. We are happy to support you in digitalisation.<\/p>\n\n\n\n<div class=\"wp-block-buttons is-layout-flex wp-block-buttons-is-layout-flex\">\n<div class=\"wp-block-button is-style-fill\"><a class=\"wp-block-button__link has-secondary-color has-white-background-color has-text-color has-background has-link-color wp-element-button\" href=\"https:\/\/lbase.software\/en\/contact\/\" style=\"border-style:none;border-width:0px\">CONTACT US<\/a><\/div>\n<\/div>\n<\/div>\n<\/div>\n\n\n\n<div class=\"wp-block-column is-layout-flow wp-block-column-is-layout-flow\" style=\"flex-basis:25%\">\n<div style=\"height:49px\" aria-hidden=\"true\" class=\"wp-block-spacer\"><\/div>\n<\/div>\n<\/div>\n<\/div>\n<\/div>","protected":false},"excerpt":{"rendered":"<p>Damit Sie sich auf Ihr Kerngesch\u00e4ft konzentrieren k\u00f6nnen, \u00fcbernehmen wir Ihre IT-Administration, laufende Updates und k\u00fcmmern uns um Sicherheitsfragen. Dies ist m\u00f6glich, indem wir Ihnen eine komplette All-in-One SaaS-L\u00f6sung bieten \u2013 betrieben im zertifizierten Axians Rechenzentrum in Wien. Ihr Rundum-Sorglos-Paket Wir \u00fcbernehmen Betrieb, Wartung und Administration der IT-Infrastruktur und Sie nutzen einfach Ihr System \u2013 [&hellip;]<\/p>\n","protected":false},"author":243,"featured_media":3687,"parent":0,"menu_order":0,"comment_status":"closed","ping_status":"closed","template":"","meta":{"_acf_changed":false,"content-type":"","footnotes":""},"categories":[],"tags":[],"class_list":["post-3579","page","type-page","status-publish","has-post-thumbnail","hentry"],"acf":[],"_links":{"self":[{"href":"https:\/\/lbase.software\/en\/wp-json\/wp\/v2\/pages\/3579","targetHints":{"allow":["GET"]}}],"collection":[{"href":"https:\/\/lbase.software\/en\/wp-json\/wp\/v2\/pages"}],"about":[{"href":"https:\/\/lbase.software\/en\/wp-json\/wp\/v2\/types\/page"}],"author":[{"embeddable":true,"href":"https:\/\/lbase.software\/en\/wp-json\/wp\/v2\/users\/243"}],"replies":[{"embeddable":true,"href":"https:\/\/lbase.software\/en\/wp-json\/wp\/v2\/comments?post=3579"}],"version-history":[{"count":10,"href":"https:\/\/lbase.software\/en\/wp-json\/wp\/v2\/pages\/3579\/revisions"}],"predecessor-version":[{"id":3733,"href":"https:\/\/lbase.software\/en\/wp-json\/wp\/v2\/pages\/3579\/revisions\/3733"}],"wp:featuredmedia":[{"embeddable":true,"href":"https:\/\/lbase.software\/en\/wp-json\/wp\/v2\/media\/3687"}],"wp:attachment":[{"href":"https:\/\/lbase.software\/en\/wp-json\/wp\/v2\/media?parent=3579"}],"wp:term":[{"taxonomy":"category","embeddable":true,"href":"https:\/\/lbase.software\/en\/wp-json\/wp\/v2\/categories?post=3579"},{"taxonomy":"post_tag","embeddable":true,"href":"https:\/\/lbase.software\/en\/wp-json\/wp\/v2\/tags?post=3579"}],"curies":[{"name":"wp","href":"https:\/\/api.w.org\/{rel}","templated":true}]}}