{"id":360,"date":"2024-10-23T13:21:20","date_gmt":"2024-10-23T13:21:20","guid":{"rendered":"https:\/\/test.lbase.software\/?page_id=360"},"modified":"2026-01-22T08:30:44","modified_gmt":"2026-01-22T08:30:44","slug":"webcasts","status":"publish","type":"page","link":"https:\/\/lbase.software\/en\/aktuelles\/webcasts\/","title":{"rendered":"Webcasts"},"content":{"rendered":"<div class=\"wp-block-cover alignfull\" style=\"min-height:25vw;aspect-ratio:unset;\"><span aria-hidden=\"true\" class=\"wp-block-cover__background has-fifth-background-color has-background-dim-40 has-background-dim\"><\/span><img loading=\"lazy\" decoding=\"async\" width=\"1536\" height=\"600\" src=\"https:\/\/lbase.software\/wp-content\/uploads\/Webcast_Landingpage_lbaseWSite_FRP_56356821.jpg\" class=\"wp-block-cover__image-background wp-post-image\" alt=\"webcast events lbase Axians\" data-object-fit=\"cover\" srcset=\"https:\/\/lbase.software\/wp-content\/uploads\/Webcast_Landingpage_lbaseWSite_FRP_56356821.jpg 1536w, https:\/\/lbase.software\/wp-content\/uploads\/Webcast_Landingpage_lbaseWSite_FRP_56356821-300x117.jpg 300w, https:\/\/lbase.software\/wp-content\/uploads\/Webcast_Landingpage_lbaseWSite_FRP_56356821-1024x400.jpg 1024w, https:\/\/lbase.software\/wp-content\/uploads\/Webcast_Landingpage_lbaseWSite_FRP_56356821-768x300.jpg 768w, https:\/\/lbase.software\/wp-content\/uploads\/Webcast_Landingpage_lbaseWSite_FRP_56356821-18x7.jpg 18w\" sizes=\"auto, (max-width: 1536px) 100vw, 1536px\" \/><div class=\"wp-block-cover__inner-container is-layout-flow wp-block-cover-is-layout-flow\"><h1 class=\"has-text-align-center has-link-color wp-elements-8ad2f30048310261dbacf72256c7f0a4 wp-block-post-title has-text-color has-base-color\">Webcasts<\/h1><\/div><\/div>\n\n\n\n<div class=\"wp-block-group has-global-padding is-layout-constrained wp-block-group-is-layout-constrained\" style=\"margin-top:var(--wp--preset--spacing--80);margin-bottom:var(--wp--preset--spacing--80)\">\n<p class=\"has-large-font-size\">Hier finden Sie zuk\u00fcnftig alle Webcast Termine und k\u00f6nnen im Anschluss die <a href=\"https:\/\/lbase.software\/en\/webcast-mediathek\/\">Recordings of our webcasts<\/a> ansehen. Bleiben Sie informiert und verpassen Sie keine unserer spannenden Online Veranstaltungen! In unseren Webcasts zeigen wir Ihnen, wie unsere L\u00f6sungen in der Praxis funktionieren und wie sie angewendet werden k\u00f6nnen, um Ihre individuellen Anforderungen zu erf\u00fcllen.<\/p>\n<\/div>\n\n\n\n<div class=\"wp-block-query is-layout-flow wp-block-query-is-layout-flow\"><ul class=\"columns-3 wp-block-post-template is-layout-grid wp-container-core-post-template-is-layout-6d3fbd8f wp-block-post-template-is-layout-grid\"><li class=\"wp-block-post post-4671 post type-post status-publish format-standard has-post-thumbnail hentry category-webcast\">\n\n<div class=\"wp-block-group has-global-padding is-layout-constrained wp-container-core-group-is-layout-64f842fa wp-block-group-is-layout-constrained\" style=\"min-height:100%;padding-top:0;padding-bottom:0\"><figure class=\"wp-block-post-featured-image\"><a href=\"https:\/\/lbase.software\/en\/webcast-lbase-best-practices-planung-disposition-im-operativen-alltag\/\" target=\"_self\"  ><img loading=\"lazy\" decoding=\"async\" width=\"2560\" height=\"1707\" src=\"https:\/\/lbase.software\/wp-content\/uploads\/BestPractices_Webcast_CoPilot25032026.jpg\" class=\"attachment-post-thumbnail size-post-thumbnail wp-post-image\" alt=\"Webcast &#8211; lbase Best Practices: Planung &amp; Disposition im operativen Alltag\" style=\"border-radius:0.5rem;object-fit:cover;\" srcset=\"https:\/\/lbase.software\/wp-content\/uploads\/BestPractices_Webcast_CoPilot25032026.jpg 2560w, https:\/\/lbase.software\/wp-content\/uploads\/BestPractices_Webcast_CoPilot25032026-300x200.jpg 300w, https:\/\/lbase.software\/wp-content\/uploads\/BestPractices_Webcast_CoPilot25032026-1024x683.jpg 1024w, https:\/\/lbase.software\/wp-content\/uploads\/BestPractices_Webcast_CoPilot25032026-768x512.jpg 768w, https:\/\/lbase.software\/wp-content\/uploads\/BestPractices_Webcast_CoPilot25032026-1536x1024.jpg 1536w, https:\/\/lbase.software\/wp-content\/uploads\/BestPractices_Webcast_CoPilot25032026-2048x1366.jpg 2048w, https:\/\/lbase.software\/wp-content\/uploads\/BestPractices_Webcast_CoPilot25032026-18x12.jpg 18w\" sizes=\"auto, (max-width: 2560px) 100vw, 2560px\" \/><\/a><\/figure>\n\n\n<div class=\"wp-block-group has-global-padding is-layout-constrained wp-container-core-group-is-layout-92b9201d wp-block-group-is-layout-constrained\">\n<div class=\"wp-block-group has-global-padding is-layout-constrained wp-container-core-group-is-layout-19e250f3 wp-block-group-is-layout-constrained\"><h2 style=\"text-decoration:none;\" class=\"has-link-color wp-elements-a3904db4fa0ed1239f693daefff5ba41 wp-block-post-title has-text-color has-primary-color has-large-font-size\"><a href=\"https:\/\/lbase.software\/en\/webcast-lbase-best-practices-planung-disposition-im-operativen-alltag\/\" target=\"_self\" >Webcast &#8211; lbase Best Practices: Planung &amp; Disposition im operativen Alltag<\/a><\/h2>\n\n<div style=\"text-decoration:none\" class=\"taxonomy-category has-link-color wp-elements-97bea2da9d7222971d9ab3b3a9f15549 wp-block-post-terms has-text-color has-secondary-color\"><a href=\"https:\/\/lbase.software\/en\/category\/webcast\/\" rel=\"tag\">Webcast<\/a><\/div><\/div>\n\n\n<div style=\"background-color:#005fb800;\" class=\"has-link-color wp-elements-f0ea351e1c2c5cce067a6c15e707d8b0 wp-block-post-excerpt has-background\"><p class=\"wp-block-post-excerpt__excerpt\">Erhalten Sie einen kompakten \u00dcberblick, wie lbase operative Teams bei der t\u00e4glichen Planung und Disposition gezielt unterst\u00fctzt. <\/p><\/div><\/div>\n\n\n\n<div class=\"wp-block-group is-nowrap is-layout-flex wp-container-core-group-is-layout-6c531013 wp-block-group-is-layout-flex\"><a style=\"text-transform:uppercase; padding-top:0;padding-bottom:0;padding-left:0;padding-right:0;\" class=\"wp-elements-255724723a9d6b7d490d45b7e3167458 wp-block-read-more has-text-color has-secondary-color has-small-font-size\" href=\"https:\/\/lbase.software\/en\/webcast-lbase-best-practices-planung-disposition-im-operativen-alltag\/\" target=\"_self\">LEARN MORE \u2192<span class=\"screen-reader-text\">: Webcast &#8211; lbase Best Practices: Planung &amp; Disposition im operativen Alltag<\/span><\/a><\/div>\n<\/div>\n\n<\/li><\/ul>\n\n<\/div>\n\n\n\n<div style=\"height:var(--wp--preset--spacing--80)\" aria-hidden=\"true\" class=\"wp-block-spacer\"><\/div>","protected":false},"excerpt":{"rendered":"<p>Hier finden Sie zuk\u00fcnftig alle Webcast Termine und k\u00f6nnen im Anschluss die Aufnahmen unserer Webcasts ansehen. Bleiben Sie informiert und verpassen Sie keine unserer spannenden Online Veranstaltungen! In unseren Webcasts zeigen wir Ihnen, wie unsere L\u00f6sungen in der Praxis funktionieren und wie sie angewendet werden k\u00f6nnen, um Ihre individuellen Anforderungen zu erf\u00fcllen.<\/p>","protected":false},"author":1,"featured_media":3355,"parent":43,"menu_order":0,"comment_status":"closed","ping_status":"closed","template":"","meta":{"_acf_changed":false,"content-type":"","footnotes":""},"categories":[],"tags":[],"class_list":["post-360","page","type-page","status-publish","has-post-thumbnail","hentry"],"acf":[],"_links":{"self":[{"href":"https:\/\/lbase.software\/en\/wp-json\/wp\/v2\/pages\/360","targetHints":{"allow":["GET"]}}],"collection":[{"href":"https:\/\/lbase.software\/en\/wp-json\/wp\/v2\/pages"}],"about":[{"href":"https:\/\/lbase.software\/en\/wp-json\/wp\/v2\/types\/page"}],"author":[{"embeddable":true,"href":"https:\/\/lbase.software\/en\/wp-json\/wp\/v2\/users\/1"}],"replies":[{"embeddable":true,"href":"https:\/\/lbase.software\/en\/wp-json\/wp\/v2\/comments?post=360"}],"version-history":[{"count":24,"href":"https:\/\/lbase.software\/en\/wp-json\/wp\/v2\/pages\/360\/revisions"}],"predecessor-version":[{"id":4439,"href":"https:\/\/lbase.software\/en\/wp-json\/wp\/v2\/pages\/360\/revisions\/4439"}],"up":[{"embeddable":true,"href":"https:\/\/lbase.software\/en\/wp-json\/wp\/v2\/pages\/43"}],"wp:featuredmedia":[{"embeddable":true,"href":"https:\/\/lbase.software\/en\/wp-json\/wp\/v2\/media\/3355"}],"wp:attachment":[{"href":"https:\/\/lbase.software\/en\/wp-json\/wp\/v2\/media?parent=360"}],"wp:term":[{"taxonomy":"category","embeddable":true,"href":"https:\/\/lbase.software\/en\/wp-json\/wp\/v2\/categories?post=360"},{"taxonomy":"post_tag","embeddable":true,"href":"https:\/\/lbase.software\/en\/wp-json\/wp\/v2\/tags?post=360"}],"curies":[{"name":"wp","href":"https:\/\/api.w.org\/{rel}","templated":true}]}}