{"id":439,"date":"2024-11-01T09:59:18","date_gmt":"2024-11-01T09:59:18","guid":{"rendered":"https:\/\/test.lbase.software\/?page_id=439"},"modified":"2025-05-02T06:43:50","modified_gmt":"2025-05-02T06:43:50","slug":"webcast-mediathek","status":"publish","type":"page","link":"https:\/\/lbase.software\/en\/webcast-mediathek\/","title":{"rendered":"Webcast Mediathek"},"content":{"rendered":"<div class=\"wp-block-cover alignfull\" style=\"min-height:25vw;aspect-ratio:unset;\"><span aria-hidden=\"true\" class=\"wp-block-cover__background has-fourth-background-color has-background-dim-20 has-background-dim\"><\/span><img loading=\"lazy\" decoding=\"async\" width=\"1536\" height=\"600\" src=\"https:\/\/lbase.software\/wp-content\/uploads\/Webcast_Landingpage_lbaseWSite_FRP_56356821.jpg\" class=\"wp-block-cover__image-background wp-post-image\" alt=\"webcast events lbase Axians\" data-object-fit=\"cover\" srcset=\"https:\/\/lbase.software\/wp-content\/uploads\/Webcast_Landingpage_lbaseWSite_FRP_56356821.jpg 1536w, https:\/\/lbase.software\/wp-content\/uploads\/Webcast_Landingpage_lbaseWSite_FRP_56356821-300x117.jpg 300w, https:\/\/lbase.software\/wp-content\/uploads\/Webcast_Landingpage_lbaseWSite_FRP_56356821-1024x400.jpg 1024w, https:\/\/lbase.software\/wp-content\/uploads\/Webcast_Landingpage_lbaseWSite_FRP_56356821-768x300.jpg 768w, https:\/\/lbase.software\/wp-content\/uploads\/Webcast_Landingpage_lbaseWSite_FRP_56356821-18x7.jpg 18w\" sizes=\"auto, (max-width: 1536px) 100vw, 1536px\" \/><div class=\"wp-block-cover__inner-container is-layout-flow wp-block-cover-is-layout-flow\"><h1 class=\"has-text-align-center has-link-color wp-elements-8ad2f30048310261dbacf72256c7f0a4 wp-block-post-title has-text-color has-base-color\">Webcast Mediathek<\/h1><\/div><\/div>\n\n\n\n<div class=\"wp-block-group has-global-padding is-layout-constrained wp-block-group-is-layout-constrained\" style=\"margin-top:var(--wp--preset--spacing--80);margin-bottom:var(--wp--preset--spacing--80)\">\n<p class=\"has-large-font-size\">Don't miss any more important content. In our media library, you can conveniently watch all webcasts at a later date - anytime and anywhere. Immerse yourself in exciting topics and stay informed at all times. Also take a look at the preview of the planned webcasts.<\/p>\n<\/div>\n\n\n\n<div class=\"wp-block-group has-global-padding is-layout-constrained wp-block-group-is-layout-constrained\" style=\"margin-top:var(--wp--preset--spacing--80);margin-bottom:var(--wp--preset--spacing--80)\">\n<div class=\"wp-block-query is-layout-flow wp-block-query-is-layout-flow\"><ul class=\"columns-3 wp-block-post-template is-layout-grid wp-container-core-post-template-is-layout-6d3fbd8f wp-block-post-template-is-layout-grid\"><li class=\"wp-block-post post-4349 post type-post status-publish format-standard has-post-thumbnail hentry category-webcast-stream\">\n\n<div class=\"wp-block-group has-global-padding is-layout-constrained wp-container-core-group-is-layout-64f842fa wp-block-group-is-layout-constrained\" style=\"min-height:100%;padding-top:0;padding-bottom:0\"><figure style=\"aspect-ratio:16\/9;\" class=\"wp-block-post-featured-image\"><a href=\"https:\/\/lbase.software\/en\/webcast-lbase-release-7-7-highlights-im-ueberblick\/\" target=\"_self\"  ><img loading=\"lazy\" decoding=\"async\" width=\"1536\" height=\"600\" src=\"https:\/\/lbase.software\/wp-content\/uploads\/Webcast_Header_New_release_iStock-629170626.jpg\" class=\"attachment-post-thumbnail size-post-thumbnail wp-post-image\" alt=\"Webcast Stream: lbase Release 7.7 &#8211; Highlights im \u00dcberblick\" style=\"border-radius:0.5rem;width:100%;height:100%;object-fit:cover;\" srcset=\"https:\/\/lbase.software\/wp-content\/uploads\/Webcast_Header_New_release_iStock-629170626.jpg 1536w, https:\/\/lbase.software\/wp-content\/uploads\/Webcast_Header_New_release_iStock-629170626-300x117.jpg 300w, https:\/\/lbase.software\/wp-content\/uploads\/Webcast_Header_New_release_iStock-629170626-1024x400.jpg 1024w, https:\/\/lbase.software\/wp-content\/uploads\/Webcast_Header_New_release_iStock-629170626-768x300.jpg 768w, https:\/\/lbase.software\/wp-content\/uploads\/Webcast_Header_New_release_iStock-629170626-18x7.jpg 18w\" sizes=\"auto, (max-width: 1536px) 100vw, 1536px\" \/><\/a><\/figure>\n\n\n<div class=\"wp-block-group has-global-padding is-layout-constrained wp-container-core-group-is-layout-92b9201d wp-block-group-is-layout-constrained\">\n<div class=\"wp-block-group has-global-padding is-layout-constrained wp-container-core-group-is-layout-19e250f3 wp-block-group-is-layout-constrained\"><h2 style=\"text-decoration:none;\" class=\"has-link-color wp-elements-a3904db4fa0ed1239f693daefff5ba41 wp-block-post-title has-text-color has-primary-color has-large-font-size\"><a href=\"https:\/\/lbase.software\/en\/webcast-lbase-release-7-7-highlights-im-ueberblick\/\" target=\"_self\" >Webcast Stream: lbase Release 7.7 &#8211; Highlights im \u00dcberblick<\/a><\/h2>\n\n<div style=\"text-decoration:none\" class=\"taxonomy-category has-link-color wp-elements-97bea2da9d7222971d9ab3b3a9f15549 wp-block-post-terms has-text-color has-secondary-color\"><a href=\"https:\/\/lbase.software\/en\/category\/webcast-stream\/\" rel=\"tag\">Webcast Stream<\/a><\/div><\/div>\n\n\n<div style=\"background-color:#005fb800;\" class=\"has-link-color wp-elements-f0ea351e1c2c5cce067a6c15e707d8b0 wp-block-post-excerpt has-background\"><p class=\"wp-block-post-excerpt__excerpt\">Mit lbase 7.7 pr\u00e4sentieren wir ein Release, das Ihre t\u00e4gliche Arbeit sp\u00fcrbar erleichtert und Prozesse auf ein neues Level hebt. <\/p><\/div><\/div>\n\n\n\n<div class=\"wp-block-group is-nowrap is-layout-flex wp-container-core-group-is-layout-6c531013 wp-block-group-is-layout-flex\"><a style=\"text-transform:uppercase; padding-top:0;padding-bottom:0;padding-left:0;padding-right:0;\" class=\"wp-elements-255724723a9d6b7d490d45b7e3167458 wp-block-read-more has-text-color has-secondary-color has-small-font-size\" href=\"https:\/\/lbase.software\/en\/webcast-lbase-release-7-7-highlights-im-ueberblick\/\" target=\"_self\">LEARN MORE \u2192<span class=\"screen-reader-text\">: Webcast Stream: lbase Release 7.7 &#8211; Highlights im \u00dcberblick<\/span><\/a><\/div>\n<\/div>\n\n<\/li><li class=\"wp-block-post post-4245 post type-post status-publish format-standard has-post-thumbnail hentry category-webcast-stream\">\n\n<div class=\"wp-block-group has-global-padding is-layout-constrained wp-container-core-group-is-layout-64f842fa wp-block-group-is-layout-constrained\" style=\"min-height:100%;padding-top:0;padding-bottom:0\"><figure style=\"aspect-ratio:16\/9;\" class=\"wp-block-post-featured-image\"><a href=\"https:\/\/lbase.software\/en\/webcast-lbase-machts-moeglich-addhelix-smartlinkdata-nahtlos-integrieren\/\" target=\"_self\"  ><img loading=\"lazy\" decoding=\"async\" width=\"2560\" height=\"1707\" src=\"https:\/\/lbase.software\/wp-content\/uploads\/iStock-479436250-scaled.jpg\" class=\"attachment-post-thumbnail size-post-thumbnail wp-post-image\" alt=\"lbase macht\u2019s m\u00f6glich &#8211; addHelix SmartLink Data nahtlos integrieren\" style=\"border-radius:0.5rem;width:100%;height:100%;object-fit:cover;\" srcset=\"https:\/\/lbase.software\/wp-content\/uploads\/iStock-479436250-scaled.jpg 2560w, https:\/\/lbase.software\/wp-content\/uploads\/iStock-479436250-300x200.jpg 300w, https:\/\/lbase.software\/wp-content\/uploads\/iStock-479436250-1024x683.jpg 1024w, https:\/\/lbase.software\/wp-content\/uploads\/iStock-479436250-768x512.jpg 768w, https:\/\/lbase.software\/wp-content\/uploads\/iStock-479436250-1536x1024.jpg 1536w, https:\/\/lbase.software\/wp-content\/uploads\/iStock-479436250-2048x1365.jpg 2048w, https:\/\/lbase.software\/wp-content\/uploads\/iStock-479436250-18x12.jpg 18w\" sizes=\"auto, (max-width: 2560px) 100vw, 2560px\" \/><\/a><\/figure>\n\n\n<div class=\"wp-block-group has-global-padding is-layout-constrained wp-container-core-group-is-layout-92b9201d wp-block-group-is-layout-constrained\">\n<div class=\"wp-block-group has-global-padding is-layout-constrained wp-container-core-group-is-layout-19e250f3 wp-block-group-is-layout-constrained\"><h2 style=\"text-decoration:none;\" class=\"has-link-color wp-elements-a3904db4fa0ed1239f693daefff5ba41 wp-block-post-title has-text-color has-primary-color has-large-font-size\"><a href=\"https:\/\/lbase.software\/en\/webcast-lbase-machts-moeglich-addhelix-smartlinkdata-nahtlos-integrieren\/\" target=\"_self\" >lbase macht\u2019s m\u00f6glich &#8211; addHelix SmartLink Data nahtlos integrieren<\/a><\/h2>\n\n<div style=\"text-decoration:none\" class=\"taxonomy-category has-link-color wp-elements-97bea2da9d7222971d9ab3b3a9f15549 wp-block-post-terms has-text-color has-secondary-color\"><a href=\"https:\/\/lbase.software\/en\/category\/webcast-stream\/\" rel=\"tag\">Webcast Stream<\/a><\/div><\/div>\n\n\n<div style=\"background-color:#005fb800;\" class=\"has-link-color wp-elements-f0ea351e1c2c5cce067a6c15e707d8b0 wp-block-post-excerpt has-background\"><p class=\"wp-block-post-excerpt__excerpt\">Entdecken Sie in unserem Webcast, wie Statusmeldungen k\u00fcnftig noch einfacher und effizienter abgewickelt werden k\u00f6nnen \u2013 ganz ohne zus\u00e4tzliche App und ohne Registrierung. <\/p><\/div><\/div>\n\n\n\n<div class=\"wp-block-group is-nowrap is-layout-flex wp-container-core-group-is-layout-6c531013 wp-block-group-is-layout-flex\"><a style=\"text-transform:uppercase; padding-top:0;padding-bottom:0;padding-left:0;padding-right:0;\" class=\"wp-elements-255724723a9d6b7d490d45b7e3167458 wp-block-read-more has-text-color has-secondary-color has-small-font-size\" href=\"https:\/\/lbase.software\/en\/webcast-lbase-machts-moeglich-addhelix-smartlinkdata-nahtlos-integrieren\/\" target=\"_self\">LEARN MORE \u2192<span class=\"screen-reader-text\">: lbase macht\u2019s m\u00f6glich &#8211; addHelix SmartLink Data nahtlos integrieren<\/span><\/a><\/div>\n<\/div>\n\n<\/li><li class=\"wp-block-post post-4118 post type-post status-publish format-standard has-post-thumbnail hentry category-webcast-stream\">\n\n<div class=\"wp-block-group has-global-padding is-layout-constrained wp-container-core-group-is-layout-64f842fa wp-block-group-is-layout-constrained\" style=\"min-height:100%;padding-top:0;padding-bottom:0\"><figure style=\"aspect-ratio:16\/9;\" class=\"wp-block-post-featured-image\"><a href=\"https:\/\/lbase.software\/en\/webcast-lbase-schadensmanagement\/\" target=\"_self\"  ><img loading=\"lazy\" decoding=\"async\" width=\"1536\" height=\"600\" src=\"https:\/\/lbase.software\/wp-content\/uploads\/Schadensmanagement_lbase_WSite_iSt1215484506.jpg\" class=\"attachment-post-thumbnail size-post-thumbnail wp-post-image\" alt=\"Complaints rethought: lbase claims management\" style=\"border-radius:0.5rem;width:100%;height:100%;object-fit:cover;\" srcset=\"https:\/\/lbase.software\/wp-content\/uploads\/Schadensmanagement_lbase_WSite_iSt1215484506.jpg 1536w, https:\/\/lbase.software\/wp-content\/uploads\/Schadensmanagement_lbase_WSite_iSt1215484506-300x117.jpg 300w, https:\/\/lbase.software\/wp-content\/uploads\/Schadensmanagement_lbase_WSite_iSt1215484506-1024x400.jpg 1024w, https:\/\/lbase.software\/wp-content\/uploads\/Schadensmanagement_lbase_WSite_iSt1215484506-768x300.jpg 768w, https:\/\/lbase.software\/wp-content\/uploads\/Schadensmanagement_lbase_WSite_iSt1215484506-18x7.jpg 18w\" sizes=\"auto, (max-width: 1536px) 100vw, 1536px\" \/><\/a><\/figure>\n\n\n<div class=\"wp-block-group has-global-padding is-layout-constrained wp-container-core-group-is-layout-92b9201d wp-block-group-is-layout-constrained\">\n<div class=\"wp-block-group has-global-padding is-layout-constrained wp-container-core-group-is-layout-19e250f3 wp-block-group-is-layout-constrained\"><h2 style=\"text-decoration:none;\" class=\"has-link-color wp-elements-a3904db4fa0ed1239f693daefff5ba41 wp-block-post-title has-text-color has-primary-color has-large-font-size\"><a href=\"https:\/\/lbase.software\/en\/webcast-lbase-schadensmanagement\/\" target=\"_self\" >Complaints rethought: lbase claims management<\/a><\/h2>\n\n<div style=\"text-decoration:none\" class=\"taxonomy-category has-link-color wp-elements-97bea2da9d7222971d9ab3b3a9f15549 wp-block-post-terms has-text-color has-secondary-color\"><a href=\"https:\/\/lbase.software\/en\/category\/webcast-stream\/\" rel=\"tag\">Webcast Stream<\/a><\/div><\/div>\n\n\n<div style=\"background-color:#005fb800;\" class=\"has-link-color wp-elements-f0ea351e1c2c5cce067a6c15e707d8b0 wp-block-post-excerpt has-background\"><p class=\"wp-block-post-excerpt__excerpt\">Find out how to make claims and complaints processes efficient and transparent. <\/p><\/div><\/div>\n\n\n\n<div class=\"wp-block-group is-nowrap is-layout-flex wp-container-core-group-is-layout-6c531013 wp-block-group-is-layout-flex\"><a style=\"text-transform:uppercase; padding-top:0;padding-bottom:0;padding-left:0;padding-right:0;\" class=\"wp-elements-255724723a9d6b7d490d45b7e3167458 wp-block-read-more has-text-color has-secondary-color has-small-font-size\" href=\"https:\/\/lbase.software\/en\/webcast-lbase-schadensmanagement\/\" target=\"_self\">LEARN MORE \u2192<span class=\"screen-reader-text\">: Reklamationen neu gedacht: lbase Schadensmanagement<\/span><\/a><\/div>\n<\/div>\n\n<\/li><li class=\"wp-block-post post-3919 post type-post status-publish format-standard has-post-thumbnail hentry category-webcast-stream\">\n\n<div class=\"wp-block-group has-global-padding is-layout-constrained wp-container-core-group-is-layout-64f842fa wp-block-group-is-layout-constrained\" style=\"min-height:100%;padding-top:0;padding-bottom:0\"><figure style=\"aspect-ratio:16\/9;\" class=\"wp-block-post-featured-image\"><a href=\"https:\/\/lbase.software\/en\/maximale-flexibilitaet-mit-automatischer-abrechnung\/\" target=\"_self\"  ><img loading=\"lazy\" decoding=\"async\" width=\"2560\" height=\"1701\" src=\"https:\/\/lbase.software\/wp-content\/uploads\/automat_Abrechnung_Blog_lbase_Wsite_ASt_420740773-Kopie-scaled.jpeg\" class=\"attachment-post-thumbnail size-post-thumbnail wp-post-image\" alt=\"Maximum flexibility with automatic billing\" style=\"border-radius:0.5rem;width:100%;height:100%;object-fit:cover;\" srcset=\"https:\/\/lbase.software\/wp-content\/uploads\/automat_Abrechnung_Blog_lbase_Wsite_ASt_420740773-Kopie-scaled.jpeg 2560w, https:\/\/lbase.software\/wp-content\/uploads\/automat_Abrechnung_Blog_lbase_Wsite_ASt_420740773-Kopie-300x199.jpeg 300w, https:\/\/lbase.software\/wp-content\/uploads\/automat_Abrechnung_Blog_lbase_Wsite_ASt_420740773-Kopie-1024x680.jpeg 1024w, https:\/\/lbase.software\/wp-content\/uploads\/automat_Abrechnung_Blog_lbase_Wsite_ASt_420740773-Kopie-768x510.jpeg 768w, https:\/\/lbase.software\/wp-content\/uploads\/automat_Abrechnung_Blog_lbase_Wsite_ASt_420740773-Kopie-1536x1020.jpeg 1536w, https:\/\/lbase.software\/wp-content\/uploads\/automat_Abrechnung_Blog_lbase_Wsite_ASt_420740773-Kopie-2048x1360.jpeg 2048w, https:\/\/lbase.software\/wp-content\/uploads\/automat_Abrechnung_Blog_lbase_Wsite_ASt_420740773-Kopie-18x12.jpeg 18w\" sizes=\"auto, (max-width: 2560px) 100vw, 2560px\" \/><\/a><\/figure>\n\n\n<div class=\"wp-block-group has-global-padding is-layout-constrained wp-container-core-group-is-layout-92b9201d wp-block-group-is-layout-constrained\">\n<div class=\"wp-block-group has-global-padding is-layout-constrained wp-container-core-group-is-layout-19e250f3 wp-block-group-is-layout-constrained\"><h2 style=\"text-decoration:none;\" class=\"has-link-color wp-elements-a3904db4fa0ed1239f693daefff5ba41 wp-block-post-title has-text-color has-primary-color has-large-font-size\"><a href=\"https:\/\/lbase.software\/en\/maximale-flexibilitaet-mit-automatischer-abrechnung\/\" target=\"_self\" >Maximum flexibility with automatic billing<\/a><\/h2>\n\n<div style=\"text-decoration:none\" class=\"taxonomy-category has-link-color wp-elements-97bea2da9d7222971d9ab3b3a9f15549 wp-block-post-terms has-text-color has-secondary-color\"><a href=\"https:\/\/lbase.software\/en\/category\/webcast-stream\/\" rel=\"tag\">Webcast Stream<\/a><\/div><\/div>\n\n\n<div style=\"background-color:#005fb800;\" class=\"has-link-color wp-elements-f0ea351e1c2c5cce067a6c15e707d8b0 wp-block-post-excerpt has-background\"><p class=\"wp-block-post-excerpt__excerpt\">Find out how your company can sustainably improve cash flow and speed up payment processes - with our automated billing tailored to your requirements. <\/p><\/div><\/div>\n\n\n\n<div class=\"wp-block-group is-nowrap is-layout-flex wp-container-core-group-is-layout-6c531013 wp-block-group-is-layout-flex\"><a style=\"text-transform:uppercase; padding-top:0;padding-bottom:0;padding-left:0;padding-right:0;\" class=\"wp-elements-255724723a9d6b7d490d45b7e3167458 wp-block-read-more has-text-color has-secondary-color has-small-font-size\" href=\"https:\/\/lbase.software\/en\/maximale-flexibilitaet-mit-automatischer-abrechnung\/\" target=\"_self\">LEARN MORE \u2192<span class=\"screen-reader-text\">: Maximale Flexibilit\u00e4t mit Automatischer Abrechnung<\/span><\/a><\/div>\n<\/div>\n\n<\/li><li class=\"wp-block-post post-3348 post type-post status-publish format-standard has-post-thumbnail hentry category-webcast-stream\">\n\n<div class=\"wp-block-group has-global-padding is-layout-constrained wp-container-core-group-is-layout-64f842fa wp-block-group-is-layout-constrained\" style=\"min-height:100%;padding-top:0;padding-bottom:0\"><figure style=\"aspect-ratio:16\/9;\" class=\"wp-block-post-featured-image\"><a href=\"https:\/\/lbase.software\/en\/die-zukunft-der-lagerlogistik-mit-wms-scan-advanced\/\" target=\"_self\"  ><img loading=\"lazy\" decoding=\"async\" width=\"1536\" height=\"600\" src=\"https:\/\/lbase.software\/wp-content\/uploads\/WMS_Scan_Webcast_lbaseSite_FRP_13450094.jpg\" class=\"attachment-post-thumbnail size-post-thumbnail wp-post-image\" alt=\"Die Zukunft der Lagerlogistik mit &#8222;WMS Scan Advanced&#8220;\" style=\"border-radius:0.5rem;width:100%;height:100%;object-fit:cover;\" srcset=\"https:\/\/lbase.software\/wp-content\/uploads\/WMS_Scan_Webcast_lbaseSite_FRP_13450094.jpg 1536w, https:\/\/lbase.software\/wp-content\/uploads\/WMS_Scan_Webcast_lbaseSite_FRP_13450094-300x117.jpg 300w, https:\/\/lbase.software\/wp-content\/uploads\/WMS_Scan_Webcast_lbaseSite_FRP_13450094-1024x400.jpg 1024w, https:\/\/lbase.software\/wp-content\/uploads\/WMS_Scan_Webcast_lbaseSite_FRP_13450094-768x300.jpg 768w, https:\/\/lbase.software\/wp-content\/uploads\/WMS_Scan_Webcast_lbaseSite_FRP_13450094-18x7.jpg 18w\" sizes=\"auto, (max-width: 1536px) 100vw, 1536px\" \/><\/a><\/figure>\n\n\n<div class=\"wp-block-group has-global-padding is-layout-constrained wp-container-core-group-is-layout-92b9201d wp-block-group-is-layout-constrained\">\n<div class=\"wp-block-group has-global-padding is-layout-constrained wp-container-core-group-is-layout-19e250f3 wp-block-group-is-layout-constrained\"><h2 style=\"text-decoration:none;\" class=\"has-link-color wp-elements-a3904db4fa0ed1239f693daefff5ba41 wp-block-post-title has-text-color has-primary-color has-large-font-size\"><a href=\"https:\/\/lbase.software\/en\/die-zukunft-der-lagerlogistik-mit-wms-scan-advanced\/\" target=\"_self\" >The future of warehouse logistics with\n\"WMS Scan Advanced\"<\/a><\/h2>\n\n<div style=\"text-decoration:none\" class=\"taxonomy-category has-link-color wp-elements-97bea2da9d7222971d9ab3b3a9f15549 wp-block-post-terms has-text-color has-secondary-color\"><a href=\"https:\/\/lbase.software\/en\/category\/webcast-stream\/\" rel=\"tag\">Webcast Stream<\/a><\/div><\/div>\n\n\n<div style=\"background-color:#005fb800;\" class=\"has-link-color wp-elements-f0ea351e1c2c5cce067a6c15e707d8b0 wp-block-post-excerpt has-background\"><p class=\"wp-block-post-excerpt__excerpt\">With WMS Scan Advanced, you can rely on an innovative solution that makes your warehouse processes more efficient and secure. <\/p><\/div><\/div>\n\n\n\n<div class=\"wp-block-group is-nowrap is-layout-flex wp-container-core-group-is-layout-6c531013 wp-block-group-is-layout-flex\"><a style=\"text-transform:uppercase; padding-top:0;padding-bottom:0;padding-left:0;padding-right:0;\" class=\"wp-elements-255724723a9d6b7d490d45b7e3167458 wp-block-read-more has-text-color has-secondary-color has-small-font-size\" href=\"https:\/\/lbase.software\/en\/die-zukunft-der-lagerlogistik-mit-wms-scan-advanced\/\" target=\"_self\">LEARN MORE \u2192<span class=\"screen-reader-text\">: Die Zukunft der Lagerlogistik mit &#8222;WMS Scan Advanced&#8220;<\/span><\/a><\/div>\n<\/div>\n\n<\/li><\/ul><\/div>\n<\/div>","protected":false},"excerpt":{"rendered":"<p>Don't miss any more important content. In our media library, you can conveniently watch all webcasts at a later date - anytime and anywhere. Immerse yourself in exciting topics and stay informed at all times. Also take a look at the preview of the planned webcasts.<\/p>","protected":false},"author":1,"featured_media":3355,"parent":0,"menu_order":0,"comment_status":"closed","ping_status":"closed","template":"","meta":{"_acf_changed":false,"content-type":"","footnotes":""},"categories":[],"tags":[],"class_list":["post-439","page","type-page","status-publish","has-post-thumbnail","hentry"],"acf":[],"_links":{"self":[{"href":"https:\/\/lbase.software\/en\/wp-json\/wp\/v2\/pages\/439","targetHints":{"allow":["GET"]}}],"collection":[{"href":"https:\/\/lbase.software\/en\/wp-json\/wp\/v2\/pages"}],"about":[{"href":"https:\/\/lbase.software\/en\/wp-json\/wp\/v2\/types\/page"}],"author":[{"embeddable":true,"href":"https:\/\/lbase.software\/en\/wp-json\/wp\/v2\/users\/1"}],"replies":[{"embeddable":true,"href":"https:\/\/lbase.software\/en\/wp-json\/wp\/v2\/comments?post=439"}],"version-history":[{"count":10,"href":"https:\/\/lbase.software\/en\/wp-json\/wp\/v2\/pages\/439\/revisions"}],"predecessor-version":[{"id":4009,"href":"https:\/\/lbase.software\/en\/wp-json\/wp\/v2\/pages\/439\/revisions\/4009"}],"wp:featuredmedia":[{"embeddable":true,"href":"https:\/\/lbase.software\/en\/wp-json\/wp\/v2\/media\/3355"}],"wp:attachment":[{"href":"https:\/\/lbase.software\/en\/wp-json\/wp\/v2\/media?parent=439"}],"wp:term":[{"taxonomy":"category","embeddable":true,"href":"https:\/\/lbase.software\/en\/wp-json\/wp\/v2\/categories?post=439"},{"taxonomy":"post_tag","embeddable":true,"href":"https:\/\/lbase.software\/en\/wp-json\/wp\/v2\/tags?post=439"}],"curies":[{"name":"wp","href":"https:\/\/api.w.org\/{rel}","templated":true}]}}