{"id":49,"date":"2024-10-21T08:42:46","date_gmt":"2024-10-21T08:42:46","guid":{"rendered":"https:\/\/test.lbase.software\/?page_id=49"},"modified":"2025-01-09T15:10:01","modified_gmt":"2025-01-09T15:10:01","slug":"areas-of-application","status":"publish","type":"page","link":"https:\/\/lbase.software\/en\/einsatzbereiche\/","title":{"rendered":"Areas of application"},"content":{"rendered":"<div class=\"wp-block-cover alignfull is-style-default has-base-color has-text-color has-link-color wp-elements-cdcacfa4903927ed31ee6b0e85dc11c9\" style=\"padding-top:var(--wp--preset--spacing--80);padding-bottom:var(--wp--preset--spacing--80);min-height:25vw;aspect-ratio:unset;\"><span aria-hidden=\"true\" class=\"wp-block-cover__background has-fifth-background-color has-background-dim\"><\/span><img loading=\"lazy\" decoding=\"async\" width=\"1536\" height=\"600\" src=\"https:\/\/lbase.software\/wp-content\/uploads\/Einsatzbereiche_lbase_Wsite_iSt_1642457355.jpg\" class=\"wp-block-cover__image-background wp-post-image\" alt=\"Einsatzbereiche TMS WMS lbase Axians\" data-object-fit=\"cover\" data-object-position=\"47% 72%\" style=\"object-position:47% 72%;\" srcset=\"https:\/\/lbase.software\/wp-content\/uploads\/Einsatzbereiche_lbase_Wsite_iSt_1642457355.jpg 1536w, https:\/\/lbase.software\/wp-content\/uploads\/Einsatzbereiche_lbase_Wsite_iSt_1642457355-300x117.jpg 300w, https:\/\/lbase.software\/wp-content\/uploads\/Einsatzbereiche_lbase_Wsite_iSt_1642457355-1024x400.jpg 1024w, https:\/\/lbase.software\/wp-content\/uploads\/Einsatzbereiche_lbase_Wsite_iSt_1642457355-768x300.jpg 768w, https:\/\/lbase.software\/wp-content\/uploads\/Einsatzbereiche_lbase_Wsite_iSt_1642457355-18x7.jpg 18w\" sizes=\"auto, (max-width: 1536px) 100vw, 1536px\" \/><div class=\"wp-block-cover__inner-container is-layout-flow wp-block-cover-is-layout-flow\"><h1 class=\"has-text-align-center has-link-color wp-elements-8ad2f30048310261dbacf72256c7f0a4 wp-block-post-title has-text-color has-base-color\">Areas of application<\/h1><\/div><\/div>\n\n\n\n<div class=\"wp-block-group has-global-padding is-layout-constrained wp-block-group-is-layout-constrained\" style=\"margin-top:var(--wp--preset--spacing--80);margin-bottom:var(--wp--preset--spacing--80)\">\n<p class=\"has-large-font-size\">lbase, a business unit of the international company Axians, has stood for innovative solutions in process optimisation along the entire supply chain for decades. We are an experienced logistics software provider and develop flexible and sophisticated systems for the entire supply chain management - from transport management systems (TMS) to warehouse management systems (WMS).&nbsp;<\/p>\n<\/div>\n\n\n\n<div style=\"background-image:url(&apos;https:\/\/lbase.software\/wp-content\/uploads\/Helix.png&apos;);background-position:0% 50%;background-repeat:no-repeat;background-size:contain;\" class=\"wp-block-group alignfull has-global-padding is-layout-constrained wp-block-group-is-layout-constrained has-background\">\n<div class=\"wp-block-group has-global-padding is-layout-constrained wp-block-group-is-layout-constrained\">\n<h2 class=\"wp-block-heading\"><strong>Software solutions from lbase<\/strong>&nbsp;<\/h2>\n\n\n\n<p class=\"has-large-font-size\">In order to meet the individual requirements of different industries, lbase's software solutions are not only scalable, but can also be customised for individual extensions. With the help of AI, intelligent algorithms and cooperation with certified eco-partners, we help companies to organise their logistics processes more efficiently and at the same time be optimally prepared for rapid growth or strategic realignment. As an all-in-one provider, lbase ensures sustainable innovation and future-proofing in supply chain management.&nbsp;<\/p>\n<\/div>\n\n\n\n<div class=\"wp-block-group has-global-padding is-layout-constrained wp-block-group-is-layout-constrained\">\n<div class=\"wp-block-group is-layout-grid wp-container-core-group-is-layout-bf78fcb2 wp-block-group-is-layout-grid\" style=\"margin-top:var(--wp--preset--spacing--60);margin-bottom:var(--wp--preset--spacing--60)\">\n<div class=\"wp-block-group has-global-padding is-layout-constrained wp-container-core-group-is-layout-19e250f3 wp-block-group-is-layout-constrained\">\n<h3 class=\"wp-block-heading has-large-font-size\"><strong>Logistics \/ Transport<\/strong>&nbsp;<\/h3>\n\n\n\n<p>The challenge in the transport industry is to optimise routes and transparently track shipments as well as efficiently plan complex supply chains with multiple players. Whether for the planning of general cargo transport, FTL\/LTL or intermodal logistics: with the software solutions from lbase, you have your logistics under control.&nbsp;<\/p>\n<\/div>\n\n\n\n<div class=\"wp-block-group has-global-padding is-layout-constrained wp-container-core-group-is-layout-19e250f3 wp-block-group-is-layout-constrained\">\n<h3 class=\"wp-block-heading has-large-font-size\"><strong>Carrier<\/strong>&nbsp;<\/h3>\n\n\n\n<p>For carriers, managing capacities and integration into the systems of forwarders and shippers as well as on-time delivery is a daily challenge. With lbase, you get software that offers seamless interfaces and automated capacity management, real-time status reports and efficient billing.&nbsp;<\/p>\n<\/div>\n\n\n\n<div class=\"wp-block-group has-global-padding is-layout-constrained wp-container-core-group-is-layout-19e250f3 wp-block-group-is-layout-constrained\">\n<h3 class=\"wp-block-heading has-large-font-size\"><strong>Retail<\/strong>&nbsp;<\/h3>\n\n\n\n<p>The retail sector needs reliable digital solutions for just-in-time deliveries, the synchronisation of stock levels in shops and online and for returns management. With lbase, you get a flexible warehouse management system with a real-time inventory overview, automated picking and optimised transport planning for on-time deliveries.&nbsp;<\/p>\n<\/div>\n\n\n\n<div class=\"wp-block-group has-global-padding is-layout-constrained wp-container-core-group-is-layout-19e250f3 wp-block-group-is-layout-constrained\">\n<h3 class=\"wp-block-heading has-large-font-size\"><strong>3PL\/4PL<\/strong>&nbsp;<\/h3>\n\n\n\n<p>In 3PL and 4PL logistics, customised software solutions are required to guarantee specialised requirements such as temperature-controlled transport or time-critical deliveries. The centralised control of all processes, transparent tracking and integration of partners is just as much a matter of course with lbase as the coordination of sea, air and rail freight.&nbsp;<\/p>\n<\/div>\n<\/div>\n<\/div>\n<\/div>\n\n\n\n<div class=\"wp-block-group alignfull has-white-color has-text-color has-background is-layout-flow wp-block-group-is-layout-flow\" style=\"background:linear-gradient(224deg,rgb(65,192,240) 0%,rgb(162,0,103) 100%);margin-top:var(--wp--preset--spacing--80);margin-bottom:var(--wp--preset--spacing--80);padding-top:var(--wp--preset--spacing--60);padding-right:var(--wp--preset--spacing--60);padding-bottom:var(--wp--preset--spacing--60);padding-left:var(--wp--preset--spacing--60)\">\n<div class=\"wp-block-group has-global-padding is-layout-constrained wp-block-group-is-layout-constrained\">\n<div class=\"wp-block-columns is-layout-flex wp-container-core-columns-is-layout-f24b2f23 wp-block-columns-is-layout-flex\" style=\"padding-top:var(--wp--preset--spacing--80);padding-bottom:var(--wp--preset--spacing--80)\">\n<div class=\"wp-block-column is-layout-flow wp-container-core-column-is-layout-9f77543f wp-block-column-is-layout-flow\" style=\"flex-basis:75%\">\n<div class=\"wp-block-group is-vertical is-layout-flex wp-container-core-group-is-layout-c35747d5 wp-block-group-is-layout-flex\">\n<h2 class=\"wp-block-heading\" id=\"h-wen-wir-bereits-unterstutzen\">Who do we already support?<\/h2>\n\n\n\n<p class=\"has-medium-font-size\">Read through our references and get an overview of who is already using the TMS and WMS solutions from lbase.<\/p>\n<\/div>\n\n\n\n<div class=\"wp-block-buttons is-layout-flex wp-block-buttons-is-layout-flex\">\n<div class=\"wp-block-button is-style-fill\"><a class=\"wp-block-button__link has-secondary-color has-white-background-color has-text-color has-background has-link-color wp-element-button\" href=\"https:\/\/lbase.software\/en\/references\/\" style=\"border-style:none;border-width:0px\">To the references<\/a><\/div>\n<\/div>\n<\/div>\n\n\n\n<div class=\"wp-block-column is-layout-flow wp-block-column-is-layout-flow\" style=\"flex-basis:25%\">\n<div style=\"height:49px\" aria-hidden=\"true\" class=\"wp-block-spacer\"><\/div>\n<\/div>\n<\/div>\n<\/div>\n<\/div>\n\n\n\n<div class=\"wp-block-group has-global-padding is-layout-constrained wp-block-group-is-layout-constrained\" style=\"margin-top:var(--wp--preset--spacing--80);margin-bottom:var(--wp--preset--spacing--80)\">\n<div class=\"wp-block-group has-global-padding is-layout-constrained wp-container-core-group-is-layout-e0082cf6 wp-block-group-is-layout-constrained\">\n<h2 class=\"wp-block-heading\"><strong>Web solutions from addHelix<\/strong>&nbsp;<\/h2>\n\n\n\n<p class=\"has-large-font-size\">addHelix is a web service platform that has been specially developed for companies in the manufacturing industry, field service, retail and logistics. As part of the Axians family, addHelix offers customised, web-based solutions for the efficient movement of goods and people. Without superfluous functions or services, the platform enables future-oriented logistics management through cloud solutions and specifically addresses individual requirements.&nbsp;<\/p>\n<\/div>\n\n\n\n<div class=\"wp-block-group is-layout-grid wp-container-core-group-is-layout-c323f944 wp-block-group-is-layout-grid\" style=\"margin-top:var(--wp--preset--spacing--60);margin-bottom:var(--wp--preset--spacing--60)\">\n<div class=\"wp-block-group has-global-padding is-layout-constrained wp-container-core-group-is-layout-19e250f3 wp-block-group-is-layout-constrained\">\n<h3 class=\"wp-block-heading has-large-font-size\"><strong>e-Commerce<\/strong>&nbsp;<\/h3>\n\n\n\n<p>Online retailers need scalable solutions that can coordinate high order volumes, same-day delivery and returns management quickly and efficiently. With our web solutions, we enable real-time inventory management, automated warehouse processes, efficient returns management and fulfilment as well as optimised route planning.&nbsp;<\/p>\n<\/div>\n\n\n\n<div class=\"wp-block-group has-global-padding is-layout-constrained wp-container-core-group-is-layout-19e250f3 wp-block-group-is-layout-constrained\">\n<h3 class=\"wp-block-heading has-large-font-size\"><strong>Industrie<\/strong>&nbsp;<\/h3>\n\n\n\n<p>The flexible web solutions from addHelix offer the industry efficient procurement management, transparent production logistics and also answers to special requirements such as just-in-sequence deliveries through accurate inventory control, AI-supported forecasts and optimised deliveries for the least possible downtime in production.&nbsp;<\/p>\n<\/div>\n\n\n\n<div class=\"wp-block-group has-global-padding is-layout-constrained wp-container-core-group-is-layout-19e250f3 wp-block-group-is-layout-constrained\">\n<h3 class=\"wp-block-heading has-large-font-size\"><strong>Wholesale<\/strong>&nbsp;<\/h3>\n\n\n\n<p>Kontrolle der Warenmengen und die Vermeidung von \u00dcberbest\u00e4nden und R\u00fcckst\u00e4nden sowie die p\u00fcnktliche Auslieferung an Kundenstandorte sind t\u00e4gliche Herausforderungen des Gro\u00dfhandels. Mit den webbasierten L\u00f6sungen von addHelix ist die Verwaltung und Koordination von Lager und Transport ein Leichtes.\u00a0<\/p>\n<\/div>\n\n\n\n<div class=\"wp-block-group has-global-padding is-layout-constrained wp-container-core-group-is-layout-19e250f3 wp-block-group-is-layout-constrained\">\n<h3 class=\"wp-block-heading has-large-font-size\"><strong>CEP\/shipping<\/strong>&nbsp;<\/h3>\n\n\n\n<p>High time pressure and the coordination of many small consignments are part of everyday life for courier express and parcel services. With addHelix, you get flexible and location-independent solutions for real-time tracking, proof-of-delivery and automated communication as well as an accurate ETA calculation for optimised delivery times and reduced costs.&nbsp;<\/p>\n<\/div>\n\n\n\n<div class=\"wp-block-group has-global-padding is-layout-constrained wp-container-core-group-is-layout-19e250f3 wp-block-group-is-layout-constrained\">\n<h3 class=\"wp-block-heading has-large-font-size\"><strong>Service technicians and service providers<\/strong>&nbsp;<\/h3>\n\n\n\n<p>Service assignments - whether by technicians, nursing staff or the field service - must be well planned in order to utilise personnel resources in a targeted manner. With addHelix, you can use zone mapping, order prioritisation, efficient route planning and automated messaging to coordinate service assignments easily and ideally from anywhere.&nbsp;<\/p>\n<\/div>\n<\/div>\n<\/div>\n\n\n\n<div class=\"wp-block-group alignfull has-white-color has-text-color has-background is-layout-flow wp-block-group-is-layout-flow\" style=\"background:linear-gradient(224deg,rgb(65,192,240) 0%,rgb(162,0,103) 100%);margin-top:var(--wp--preset--spacing--80);margin-bottom:var(--wp--preset--spacing--80);padding-top:var(--wp--preset--spacing--60);padding-right:var(--wp--preset--spacing--60);padding-bottom:var(--wp--preset--spacing--60);padding-left:var(--wp--preset--spacing--60)\">\n<div class=\"wp-block-group has-global-padding is-layout-constrained wp-block-group-is-layout-constrained\">\n<div class=\"wp-block-columns is-layout-flex wp-container-core-columns-is-layout-f24b2f23 wp-block-columns-is-layout-flex\" style=\"padding-top:var(--wp--preset--spacing--80);padding-bottom:var(--wp--preset--spacing--80)\">\n<div class=\"wp-block-column is-layout-flow wp-container-core-column-is-layout-9f77543f wp-block-column-is-layout-flow\" style=\"flex-basis:75%\">\n<div class=\"wp-block-group is-vertical is-layout-flex wp-container-core-group-is-layout-c35747d5 wp-block-group-is-layout-flex\">\n<h2 class=\"wp-block-heading\" id=\"h-unsere-webservices-sind-ihre-losung\">Our web services are your solution?<\/h2>\n\n\n\n<p class=\"has-medium-font-size\">Under the addHelix brand, we offer a wide range of web services that can be customised to your requirements.<\/p>\n<\/div>\n\n\n\n<div class=\"wp-block-buttons is-layout-flex wp-block-buttons-is-layout-flex\">\n<div class=\"wp-block-button is-style-fill\"><a class=\"wp-block-button__link has-secondary-color has-white-background-color has-text-color has-background has-link-color wp-element-button\" href=\"https:\/\/www.addhelix.com\/\" style=\"border-style:none;border-width:0px\" target=\"_blank\" rel=\"noreferrer noopener\">VISIT THE ADDHELIX PAGE<\/a><\/div>\n<\/div>\n<\/div>\n\n\n\n<div class=\"wp-block-column is-layout-flow wp-block-column-is-layout-flow\" style=\"flex-basis:25%\">\n<div style=\"height:49px\" aria-hidden=\"true\" class=\"wp-block-spacer\"><\/div>\n<\/div>\n<\/div>\n<\/div>\n<\/div>\n\n\n\n<p><\/p>","protected":false},"excerpt":{"rendered":"<p>lbase, eine Business Unit des internationalen Unternehmens Axians, steht seit Jahrzehnten f\u00fcr innovative L\u00f6sungen in der Prozessoptimierung entlang der gesamten Lieferkette. Wir sind ein erfahrener Logistiksoftware-Anbieter und entwickeln flexible und durchdachte Systeme f\u00fcr das gesamte Lieferkettenmanagement \u2013&nbsp;von Transportmanagement- (TMS) bis zu Lagerverwaltungssysteme (WMS).&nbsp; Softwarel\u00f6sungen von lbase&nbsp; Um den individuellen Anforderungen verschiedener Branchen gerecht zu werden, [&hellip;]<\/p>\n","protected":false},"author":1,"featured_media":2579,"parent":0,"menu_order":0,"comment_status":"closed","ping_status":"closed","template":"","meta":{"_acf_changed":false,"content-type":"","footnotes":""},"categories":[],"tags":[],"class_list":["post-49","page","type-page","status-publish","has-post-thumbnail","hentry"],"acf":[],"_links":{"self":[{"href":"https:\/\/lbase.software\/en\/wp-json\/wp\/v2\/pages\/49","targetHints":{"allow":["GET"]}}],"collection":[{"href":"https:\/\/lbase.software\/en\/wp-json\/wp\/v2\/pages"}],"about":[{"href":"https:\/\/lbase.software\/en\/wp-json\/wp\/v2\/types\/page"}],"author":[{"embeddable":true,"href":"https:\/\/lbase.software\/en\/wp-json\/wp\/v2\/users\/1"}],"replies":[{"embeddable":true,"href":"https:\/\/lbase.software\/en\/wp-json\/wp\/v2\/comments?post=49"}],"version-history":[{"count":26,"href":"https:\/\/lbase.software\/en\/wp-json\/wp\/v2\/pages\/49\/revisions"}],"predecessor-version":[{"id":3322,"href":"https:\/\/lbase.software\/en\/wp-json\/wp\/v2\/pages\/49\/revisions\/3322"}],"wp:featuredmedia":[{"embeddable":true,"href":"https:\/\/lbase.software\/en\/wp-json\/wp\/v2\/media\/2579"}],"wp:attachment":[{"href":"https:\/\/lbase.software\/en\/wp-json\/wp\/v2\/media?parent=49"}],"wp:term":[{"taxonomy":"category","embeddable":true,"href":"https:\/\/lbase.software\/en\/wp-json\/wp\/v2\/categories?post=49"},{"taxonomy":"post_tag","embeddable":true,"href":"https:\/\/lbase.software\/en\/wp-json\/wp\/v2\/tags?post=49"}],"curies":[{"name":"wp","href":"https:\/\/api.w.org\/{rel}","templated":true}]}}