{"id":86,"date":"2024-10-21T09:33:42","date_gmt":"2024-10-21T09:33:42","guid":{"rendered":"https:\/\/test.lbase.software\/?page_id=86"},"modified":"2025-02-20T22:38:53","modified_gmt":"2025-02-20T22:38:53","slug":"collaborative-logistics","status":"publish","type":"page","link":"https:\/\/lbase.software\/en\/kooperationsverkehre\/","title":{"rendered":"Collaborative Logistics"},"content":{"rendered":"<div class=\"wp-block-cover alignfull is-style-default has-base-color has-text-color has-link-color wp-elements-e2070a1199022706f25b7650799dd0e1\" style=\"padding-top:var(--wp--preset--spacing--80);padding-bottom:var(--wp--preset--spacing--80);min-height:25vw;aspect-ratio:unset;\"><span aria-hidden=\"true\" class=\"wp-block-cover__background has-contrast-background-color has-background-dim\"><\/span><img loading=\"lazy\" decoding=\"async\" width=\"1536\" height=\"600\" src=\"https:\/\/lbase.software\/wp-content\/uploads\/Kooperationen_lbase_iSt_1412676783.jpg\" class=\"wp-block-cover__image-background wp-post-image\" alt=\"Kooperationen Kooperationsverkehre lbase Axians TMS Transport Management\" data-object-fit=\"cover\" data-object-position=\"49% 0%\" style=\"object-position:49% 0%;\" srcset=\"https:\/\/lbase.software\/wp-content\/uploads\/Kooperationen_lbase_iSt_1412676783.jpg 1536w, https:\/\/lbase.software\/wp-content\/uploads\/Kooperationen_lbase_iSt_1412676783-300x117.jpg 300w, https:\/\/lbase.software\/wp-content\/uploads\/Kooperationen_lbase_iSt_1412676783-1024x400.jpg 1024w, https:\/\/lbase.software\/wp-content\/uploads\/Kooperationen_lbase_iSt_1412676783-768x300.jpg 768w, https:\/\/lbase.software\/wp-content\/uploads\/Kooperationen_lbase_iSt_1412676783-18x7.jpg 18w\" sizes=\"auto, (max-width: 1536px) 100vw, 1536px\" \/><div class=\"wp-block-cover__inner-container is-layout-flow wp-block-cover-is-layout-flow\"><h2 class=\"has-text-align-center has-link-color wp-elements-6185a3863d3d479784602f2f05360429 wp-block-post-title has-text-color has-base-color\">Collaborative Logistics<\/h2><\/div><\/div>\n\n\n\n<div class=\"wp-block-group alignfull has-global-padding is-layout-constrained wp-container-core-group-is-layout-2cb48cf1 wp-block-group-is-layout-constrained has-background\" style=\"margin-top:var(--wp--preset--spacing--80);margin-bottom:var(--wp--preset--spacing--80);background-image:url(&apos;https:\/\/lbase.software\/wp-content\/uploads\/Helix.png&apos;);background-position:0% 50%;background-repeat:no-repeat;background-size:contain;\">\n<p class=\"has-large-font-size\">In the dynamic world of logistics, cooperative transport operations are the key to greater efficiency and lower costs. Cooperation between logistics service providers enables resources to be pooled and synergies to be optimally utilised. Networks such as Cargoline, ELVIS, CTL, VTL, 24plus, OSL, System Alliance Europe and IDS have established themselves across Europe for cross-border transport. With the transport management software from lbase, you can plan, control and monitor international transports efficiently and in real time.&nbsp;<\/p>\n\n\n\n<div class=\"wp-block-group is-layout-grid wp-container-core-group-is-layout-bec8567f wp-block-group-is-layout-grid\">\n<div class=\"wp-block-group has-global-padding is-layout-constrained wp-block-group-is-layout-constrained\">\n<h2 class=\"wp-block-heading has-large-font-size\" id=\"h-ihre-herausforderung-nbsp\"><strong>Your challenge<\/strong>&nbsp;<\/h2>\n\n\n\n<p>Cross-border transport alliances require specialised transport solutions. However, data connections along the supply chain are often complex and lack transparency. Precise tracking of data and goods poses a particular challenge.&nbsp;<\/p>\n<\/div>\n\n\n\n<div class=\"wp-block-group has-global-padding is-layout-constrained wp-block-group-is-layout-constrained\">\n<h2 class=\"wp-block-heading has-large-font-size\" id=\"h-unsere-losung-nbsp\"><strong>Our solution<\/strong>&nbsp;<\/h2>\n\n\n\n<p>The lbase TMS logistics software utilises the strengths of your partners and offers intelligent route planning and real-time transparency. The integrated, flexible clearing system makes financial processing error-free and transparent, which also significantly reduces your administrative costs.&nbsp;<\/p>\n<\/div>\n\n\n\n<div class=\"wp-block-group has-global-padding is-layout-constrained wp-block-group-is-layout-constrained\">\n<h2 class=\"wp-block-heading has-large-font-size\" id=\"h-die-zukunftsaussichten-nbsp\"><strong>The future prospects<\/strong>&nbsp;<\/h2>\n\n\n\n<p>With the integrated forecasting tool, you can also identify the best cooperation opportunities in the future. Data-based analyses help you to penetrate complex network structures and make well-founded decisions to ensure the long-term efficiency of your transport routes.&nbsp;<\/p>\n<\/div>\n<\/div>\n<\/div>\n\n\n\n<div class=\"wp-block-group alignfull has-white-color has-text-color has-background has-x-large-font-size is-layout-flow wp-block-group-is-layout-flow\" style=\"background:linear-gradient(224deg,rgb(65,192,240) 0%,rgb(162,0,103) 100%);padding-top:var(--wp--preset--spacing--60);padding-right:var(--wp--preset--spacing--60);padding-bottom:var(--wp--preset--spacing--60);padding-left:var(--wp--preset--spacing--60)\">\n<div class=\"wp-block-group has-global-padding is-layout-constrained wp-block-group-is-layout-constrained\">\n<div class=\"wp-block-columns is-layout-flex wp-container-core-columns-is-layout-f24b2f23 wp-block-columns-is-layout-flex\" style=\"padding-top:var(--wp--preset--spacing--80);padding-bottom:var(--wp--preset--spacing--80)\">\n<div class=\"wp-block-column is-layout-flow wp-container-core-column-is-layout-f751d6c2 wp-block-column-is-layout-flow\" style=\"flex-basis:75%\">\n<div class=\"wp-block-group is-vertical is-layout-flex wp-container-core-group-is-layout-cd86aea5 wp-block-group-is-layout-flex\">\n<p>With lbase TMS you can master the challenges of international transport. Our software makes cooperative transport an efficient and reliable solution for the transport of your goods.&nbsp;<\/p>\n\n\n\n<div class=\"wp-block-buttons is-layout-flex wp-block-buttons-is-layout-flex\">\n<div class=\"wp-block-button is-style-fill\"><a class=\"wp-block-button__link has-secondary-color has-white-background-color has-text-color has-background has-link-color wp-element-button\" href=\"https:\/\/lbase.software\/en\/contact\/\" style=\"border-style:none;border-width:0px\">CONTACT US<\/a><\/div>\n<\/div>\n<\/div>\n<\/div>\n\n\n\n<div class=\"wp-block-column is-layout-flow wp-block-column-is-layout-flow\" style=\"flex-basis:25%\">\n<div style=\"height:49px\" aria-hidden=\"true\" class=\"wp-block-spacer\"><\/div>\n<\/div>\n<\/div>\n<\/div>\n<\/div>","protected":false},"excerpt":{"rendered":"<p>In der dynamischen Logistikwelt sind Kooperationsverkehre ein Schl\u00fcssel zu mehr Effizienz und geringeren Kosten. Die Zusammenarbeit zwischen Logistikdienstleistern erm\u00f6glicht es, Ressourcen zu b\u00fcndeln und Synergien optimal zu nutzen. Europaweit haben sich Netzwerke wie Cargoline, ELVIS, CTL, VTL, 24plus, OSL, System Alliance Europe und IDS f\u00fcr grenz\u00fcberschreitende Transporte etabliert. Mit der Transport Management Software von lbase [&hellip;]<\/p>\n","protected":false},"author":1,"featured_media":2088,"parent":0,"menu_order":0,"comment_status":"closed","ping_status":"closed","template":"","meta":{"_acf_changed":false,"content-type":"","footnotes":""},"categories":[],"tags":[],"class_list":["post-86","page","type-page","status-publish","has-post-thumbnail","hentry"],"acf":[],"_links":{"self":[{"href":"https:\/\/lbase.software\/en\/wp-json\/wp\/v2\/pages\/86","targetHints":{"allow":["GET"]}}],"collection":[{"href":"https:\/\/lbase.software\/en\/wp-json\/wp\/v2\/pages"}],"about":[{"href":"https:\/\/lbase.software\/en\/wp-json\/wp\/v2\/types\/page"}],"author":[{"embeddable":true,"href":"https:\/\/lbase.software\/en\/wp-json\/wp\/v2\/users\/1"}],"replies":[{"embeddable":true,"href":"https:\/\/lbase.software\/en\/wp-json\/wp\/v2\/comments?post=86"}],"version-history":[{"count":12,"href":"https:\/\/lbase.software\/en\/wp-json\/wp\/v2\/pages\/86\/revisions"}],"predecessor-version":[{"id":3486,"href":"https:\/\/lbase.software\/en\/wp-json\/wp\/v2\/pages\/86\/revisions\/3486"}],"wp:featuredmedia":[{"embeddable":true,"href":"https:\/\/lbase.software\/en\/wp-json\/wp\/v2\/media\/2088"}],"wp:attachment":[{"href":"https:\/\/lbase.software\/en\/wp-json\/wp\/v2\/media?parent=86"}],"wp:term":[{"taxonomy":"category","embeddable":true,"href":"https:\/\/lbase.software\/en\/wp-json\/wp\/v2\/categories?post=86"},{"taxonomy":"post_tag","embeddable":true,"href":"https:\/\/lbase.software\/en\/wp-json\/wp\/v2\/tags?post=86"}],"curies":[{"name":"wp","href":"https:\/\/api.w.org\/{rel}","templated":true}]}}