{"id":88,"date":"2024-10-21T09:34:05","date_gmt":"2024-10-21T09:34:05","guid":{"rendered":"https:\/\/test.lbase.software\/?page_id=88"},"modified":"2025-02-20T22:29:06","modified_gmt":"2025-02-20T22:29:06","slug":"general-cargo","status":"publish","type":"page","link":"https:\/\/lbase.software\/en\/stueckgut\/","title":{"rendered":"General cargo"},"content":{"rendered":"<div class=\"wp-block-cover alignfull is-style-default has-base-color has-text-color has-link-color wp-elements-3b5b39e17da4676e84b2ac4caae8fa28\" style=\"padding-top:var(--wp--preset--spacing--80);padding-bottom:var(--wp--preset--spacing--80);min-height:25vw;aspect-ratio:unset;\"><span aria-hidden=\"true\" class=\"wp-block-cover__background has-fifth-background-color has-background-dim\"><\/span><img loading=\"lazy\" decoding=\"async\" width=\"1536\" height=\"600\" src=\"https:\/\/lbase.software\/wp-content\/uploads\/Stueckgut_lbase_iSt_1339565092.jpg\" class=\"wp-block-cover__image-background wp-post-image\" alt=\"St\u00fcckgut, L\u00f6sungen, TMS, Transport Mangement System, lbase, Axians\" data-object-fit=\"cover\" srcset=\"https:\/\/lbase.software\/wp-content\/uploads\/Stueckgut_lbase_iSt_1339565092.jpg 1536w, https:\/\/lbase.software\/wp-content\/uploads\/Stueckgut_lbase_iSt_1339565092-300x117.jpg 300w, https:\/\/lbase.software\/wp-content\/uploads\/Stueckgut_lbase_iSt_1339565092-1024x400.jpg 1024w, https:\/\/lbase.software\/wp-content\/uploads\/Stueckgut_lbase_iSt_1339565092-768x300.jpg 768w, https:\/\/lbase.software\/wp-content\/uploads\/Stueckgut_lbase_iSt_1339565092-18x7.jpg 18w\" sizes=\"auto, (max-width: 1536px) 100vw, 1536px\" \/><div class=\"wp-block-cover__inner-container is-layout-flow wp-block-cover-is-layout-flow\"><h2 class=\"has-text-align-center has-link-color wp-elements-6185a3863d3d479784602f2f05360429 wp-block-post-title has-text-color has-base-color\">General cargo<\/h2><\/div><\/div>\n\n\n\n<div class=\"wp-block-group alignfull has-global-padding is-layout-constrained wp-container-core-group-is-layout-2cb48cf1 wp-block-group-is-layout-constrained has-background\" style=\"margin-top:var(--wp--preset--spacing--80);margin-bottom:var(--wp--preset--spacing--80);background-image:url(&apos;https:\/\/lbase.software\/wp-content\/uploads\/Helix.png&apos;);background-position:0% 50%;background-repeat:no-repeat;background-size:contain;\">\n<p class=\"has-large-font-size\">Groupage transport conserves resources by bundling and distributing smaller consignments that do not take up the entire loading capacity of a vehicle. With the lbase TMS software, you can integrate seamlessly into existing groupage networks and simplify the planning, management and monitoring of these transports. Shipping and receiving forwarders benefit from centralised control of all processes - from collection to delivery.&nbsp;<\/p>\n\n\n\n<div class=\"wp-block-group is-layout-grid wp-container-core-group-is-layout-bec8567f wp-block-group-is-layout-grid\">\n<div class=\"wp-block-group has-global-padding is-layout-constrained wp-block-group-is-layout-constrained\">\n<h2 class=\"wp-block-heading has-large-font-size\" id=\"h-ihre-herausforderung-nbsp\"><strong>Your challenge<\/strong>&nbsp;<\/h2>\n\n\n\n<p>General cargo transports require careful route and utilisation planning as well as a high level of communication between all parties involved. Transparent tracking and error-free invoicing are just as essential as the efficient management of resources.&nbsp;<\/p>\n<\/div>\n\n\n\n<div class=\"wp-block-group has-global-padding is-layout-constrained wp-block-group-is-layout-constrained\">\n<h2 class=\"wp-block-heading has-large-font-size\" id=\"h-unsere-losung-nbsp\"><strong>Our solution<\/strong>&nbsp;<\/h2>\n\n\n\n<p>With lbase TMS, you can rely on binding standards for clear processes in general cargo shipping. A common set of rules defines destinations, transit times and service levels. The use of transshipment centres (hubs) means that transport is optimally organised, while all parties involved benefit from smooth distribution and clear communication.&nbsp;<\/p>\n<\/div>\n\n\n\n<div class=\"wp-block-group has-global-padding is-layout-constrained wp-block-group-is-layout-constrained\">\n<h2 class=\"wp-block-heading has-large-font-size\" id=\"h-die-zukunftsaussichten\"><strong>The future prospects<\/strong><\/h2>\n\n\n\n<p>Our software already offers real-time track &amp; trace information, reliable communication and transparent billing for tolls, customs and other expenses. In the future, we will continue to develop general cargo logistics in order to optimise the requirements for sustainability and your digital transparency in particular.&nbsp;<\/p>\n<\/div>\n<\/div>\n<\/div>\n\n\n\n<div class=\"wp-block-group alignfull has-white-color has-text-color has-background has-x-large-font-size is-layout-flow wp-block-group-is-layout-flow\" style=\"background:linear-gradient(224deg,rgb(65,192,240) 0%,rgb(162,0,103) 100%);padding-top:var(--wp--preset--spacing--60);padding-right:var(--wp--preset--spacing--60);padding-bottom:var(--wp--preset--spacing--60);padding-left:var(--wp--preset--spacing--60)\">\n<div class=\"wp-block-group has-global-padding is-layout-constrained wp-block-group-is-layout-constrained\">\n<div class=\"wp-block-columns is-layout-flex wp-container-core-columns-is-layout-f24b2f23 wp-block-columns-is-layout-flex\" style=\"padding-top:var(--wp--preset--spacing--80);padding-bottom:var(--wp--preset--spacing--80)\">\n<div class=\"wp-block-column is-layout-flow wp-container-core-column-is-layout-f751d6c2 wp-block-column-is-layout-flow\" style=\"flex-basis:75%\">\n<div class=\"wp-block-group is-vertical is-layout-flex wp-container-core-group-is-layout-cd86aea5 wp-block-group-is-layout-flex\">\n<p>Maximise the efficiency of your general cargo logistics with lbase TMS. Our software combines intelligent network control, simplified data exchange and clear standards to reduce costs, increase customer satisfaction and utilise the full potential of a modern groupage solution.&nbsp;<\/p>\n\n\n\n<div class=\"wp-block-buttons is-layout-flex wp-block-buttons-is-layout-flex\">\n<div class=\"wp-block-button is-style-fill\"><a class=\"wp-block-button__link has-secondary-color has-white-background-color has-text-color has-background has-link-color wp-element-button\" href=\"https:\/\/lbase.software\/en\/contact\/\" style=\"border-style:none;border-width:0px\">CONTACT US<\/a><\/div>\n<\/div>\n<\/div>\n<\/div>\n\n\n\n<div class=\"wp-block-column is-layout-flow wp-block-column-is-layout-flow\" style=\"flex-basis:25%\">\n<div style=\"height:49px\" aria-hidden=\"true\" class=\"wp-block-spacer\"><\/div>\n<\/div>\n<\/div>\n<\/div>\n<\/div>","protected":false},"excerpt":{"rendered":"<p>Im Sammelgutverkehr schont Ressourcen durch die B\u00fcndelung und Verteilung kleinerer Sendungen, die nicht die gesamte Ladekapazit\u00e4t eines Fahrzeugs beanspruchen. Mit der lbase TMS-Software integrieren Sie sich nahtlos in bestehende St\u00fcckgutnetzwerke und vereinfachen die Planung, Verwaltung und \u00dcberwachung dieser Transporte. Versand- und Empfangsspediteure profitieren von einer zentralen Steuerung aller Prozesse \u2013 von der Sammlung bis zur [&hellip;]<\/p>\n","protected":false},"author":1,"featured_media":2100,"parent":0,"menu_order":0,"comment_status":"closed","ping_status":"closed","template":"","meta":{"_acf_changed":false,"content-type":"","footnotes":""},"categories":[],"tags":[],"class_list":["post-88","page","type-page","status-publish","has-post-thumbnail","hentry"],"acf":[],"_links":{"self":[{"href":"https:\/\/lbase.software\/en\/wp-json\/wp\/v2\/pages\/88","targetHints":{"allow":["GET"]}}],"collection":[{"href":"https:\/\/lbase.software\/en\/wp-json\/wp\/v2\/pages"}],"about":[{"href":"https:\/\/lbase.software\/en\/wp-json\/wp\/v2\/types\/page"}],"author":[{"embeddable":true,"href":"https:\/\/lbase.software\/en\/wp-json\/wp\/v2\/users\/1"}],"replies":[{"embeddable":true,"href":"https:\/\/lbase.software\/en\/wp-json\/wp\/v2\/comments?post=88"}],"version-history":[{"count":19,"href":"https:\/\/lbase.software\/en\/wp-json\/wp\/v2\/pages\/88\/revisions"}],"predecessor-version":[{"id":3484,"href":"https:\/\/lbase.software\/en\/wp-json\/wp\/v2\/pages\/88\/revisions\/3484"}],"wp:featuredmedia":[{"embeddable":true,"href":"https:\/\/lbase.software\/en\/wp-json\/wp\/v2\/media\/2100"}],"wp:attachment":[{"href":"https:\/\/lbase.software\/en\/wp-json\/wp\/v2\/media?parent=88"}],"wp:term":[{"taxonomy":"category","embeddable":true,"href":"https:\/\/lbase.software\/en\/wp-json\/wp\/v2\/categories?post=88"},{"taxonomy":"post_tag","embeddable":true,"href":"https:\/\/lbase.software\/en\/wp-json\/wp\/v2\/tags?post=88"}],"curies":[{"name":"wp","href":"https:\/\/api.w.org\/{rel}","templated":true}]}}