{"id":90,"date":"2024-10-21T09:34:14","date_gmt":"2024-10-21T09:34:14","guid":{"rendered":"https:\/\/test.lbase.software\/?page_id=90"},"modified":"2025-02-20T22:33:58","modified_gmt":"2025-02-20T22:33:58","slug":"ftl-ltl","status":"publish","type":"page","link":"https:\/\/lbase.software\/en\/ftl-ltl\/","title":{"rendered":"FTL \/ LTL"},"content":{"rendered":"<div class=\"wp-block-cover alignfull is-style-default has-base-color has-text-color has-link-color wp-elements-4bdbf4aff56084d03c94a590fcf5ae52\" style=\"padding-top:var(--wp--preset--spacing--80);padding-bottom:var(--wp--preset--spacing--80);min-height:25vw;aspect-ratio:unset;\"><span aria-hidden=\"true\" class=\"wp-block-cover__background has-contrast-background-color has-background-dim\"><\/span><img loading=\"lazy\" decoding=\"async\" width=\"1536\" height=\"600\" src=\"https:\/\/lbase.software\/wp-content\/uploads\/FTL_LTL_lbase_Wsite_Playgr.jpg\" class=\"wp-block-cover__image-background wp-post-image\" alt=\"FTL Full Truck Load LTL Less Than Truckload lbase Axians TMS\" data-object-fit=\"cover\" data-object-position=\"48% 33%\" style=\"object-position:48% 33%;\" srcset=\"https:\/\/lbase.software\/wp-content\/uploads\/FTL_LTL_lbase_Wsite_Playgr.jpg 1536w, https:\/\/lbase.software\/wp-content\/uploads\/FTL_LTL_lbase_Wsite_Playgr-300x117.jpg 300w, https:\/\/lbase.software\/wp-content\/uploads\/FTL_LTL_lbase_Wsite_Playgr-1024x400.jpg 1024w, https:\/\/lbase.software\/wp-content\/uploads\/FTL_LTL_lbase_Wsite_Playgr-768x300.jpg 768w, https:\/\/lbase.software\/wp-content\/uploads\/FTL_LTL_lbase_Wsite_Playgr-18x7.jpg 18w\" sizes=\"auto, (max-width: 1536px) 100vw, 1536px\" \/><div class=\"wp-block-cover__inner-container is-layout-flow wp-block-cover-is-layout-flow\"><h2 class=\"has-text-align-center has-link-color wp-elements-6185a3863d3d479784602f2f05360429 wp-block-post-title has-text-color has-base-color\">FTL \/ LTL<\/h2><\/div><\/div>\n\n\n\n<div class=\"wp-block-group alignfull has-global-padding is-layout-constrained wp-container-core-group-is-layout-2cb48cf1 wp-block-group-is-layout-constrained has-background\" style=\"margin-top:var(--wp--preset--spacing--80);margin-bottom:var(--wp--preset--spacing--80);background-image:url(&apos;https:\/\/lbase.software\/wp-content\/uploads\/Helix.png&apos;);background-position:0% 50%;background-repeat:no-repeat;background-size:contain;\">\n<p class=\"has-large-font-size\">In freight transport, whether part or full truckload (LTL\/FTL), precise planning and reliability are crucial. We offer a software solution that is specially tailored to the requirements of freight calculation and direct load services. The TMS software makes it possible to efficiently manage consignments from two loading metres, six Euro pallet spaces or 2,500 kg and deliver them to their destination on time.&nbsp;<\/p>\n\n\n\n<div class=\"wp-block-group is-layout-grid wp-container-core-group-is-layout-bec8567f wp-block-group-is-layout-grid\">\n<div class=\"wp-block-group has-global-padding is-layout-constrained wp-block-group-is-layout-constrained\">\n<h2 class=\"wp-block-heading has-large-font-size\" id=\"h-ihre-herausforderung-nbsp\"><strong>Your challenge<\/strong>&nbsp;<\/h2>\n\n\n\n<p>Large loads place high demands on planning and organisation. Suitable equipment such as articulated lorries or mega trailers must be selected and special requirements such as ADR transports, lifting platforms or same-day delivery must be reliably taken into account. At the same time, transparency in the shipment process and the security of the supply chain are essential.&nbsp;<\/p>\n<\/div>\n\n\n\n<div class=\"wp-block-group has-global-padding is-layout-constrained wp-block-group-is-layout-constrained\">\n<h2 class=\"wp-block-heading has-large-font-size\" id=\"h-unsere-losung-nbsp\"><strong>Our solution<\/strong>&nbsp;<\/h2>\n\n\n\n<p>Our haulage software makes planning and communication much easier. The scheduling dashboard offers real-time transparency and dynamic forecasts that allow you to flexibly adjust routes and resources. Special functions such as meeting traffic planning also make it easier to organise complex transports by exchanging trucks and drivers at specified points.&nbsp;<\/p>\n<\/div>\n\n\n\n<div class=\"wp-block-group has-global-padding is-layout-constrained wp-block-group-is-layout-constrained\">\n<h2 class=\"wp-block-heading has-large-font-size\" id=\"h-die-zukunftsaussichten-nbsp\"><strong>The future prospects<\/strong>&nbsp;<\/h2>\n\n\n\n<p>Our haulage software makes planning and communication much easier. The scheduling dashboard offers real-time transparency and dynamic forecasts that allow you to flexibly adjust routes and resources. Special functions such as meeting traffic planning also make it easier to organise complex transports by exchanging trucks and drivers at specified points.&nbsp;<\/p>\n<\/div>\n<\/div>\n<\/div>\n\n\n\n<div class=\"wp-block-group alignfull has-white-color has-text-color has-background has-x-large-font-size is-layout-flow wp-block-group-is-layout-flow\" style=\"background:linear-gradient(224deg,rgb(65,192,240) 0%,rgb(162,0,103) 100%);padding-top:var(--wp--preset--spacing--60);padding-right:var(--wp--preset--spacing--60);padding-bottom:var(--wp--preset--spacing--60);padding-left:var(--wp--preset--spacing--60)\">\n<div class=\"wp-block-group has-global-padding is-layout-constrained wp-block-group-is-layout-constrained\">\n<div class=\"wp-block-columns is-layout-flex wp-container-core-columns-is-layout-f24b2f23 wp-block-columns-is-layout-flex\" style=\"padding-top:var(--wp--preset--spacing--80);padding-bottom:var(--wp--preset--spacing--80)\">\n<div class=\"wp-block-column is-layout-flow wp-container-core-column-is-layout-f751d6c2 wp-block-column-is-layout-flow\" style=\"flex-basis:75%\">\n<div class=\"wp-block-group is-vertical is-layout-flex wp-container-core-group-is-layout-cd86aea5 wp-block-group-is-layout-flex\">\n<p>With lbase TMS, you can increase the efficiency and reliability of your LTL and FTL transport operations. You retain control of your logistics processes and ensure precise, punctual and safe deliveries - for part and full loads alike.&nbsp;<\/p>\n\n\n\n<div class=\"wp-block-buttons is-layout-flex wp-block-buttons-is-layout-flex\">\n<div class=\"wp-block-button is-style-fill\"><a class=\"wp-block-button__link has-secondary-color has-white-background-color has-text-color has-background has-link-color wp-element-button\" href=\"https:\/\/lbase.software\/en\/contact\/\" style=\"border-style:none;border-width:0px\">CONTACT US<\/a><\/div>\n<\/div>\n<\/div>\n<\/div>\n\n\n\n<div class=\"wp-block-column is-layout-flow wp-block-column-is-layout-flow\" style=\"flex-basis:25%\">\n<div style=\"height:49px\" aria-hidden=\"true\" class=\"wp-block-spacer\"><\/div>\n<\/div>\n<\/div>\n<\/div>\n<\/div>","protected":false},"excerpt":{"rendered":"<p>Im Ladungsverkehr, ob Teil- oder Komplettladung (LTL\/FTL), sind pr\u00e4zise Planung und Zuverl\u00e4ssigkeit entscheidend. Wir bieten eine Softwarel\u00f6sung, die speziell auf die Anforderungen von Frachtkalkulation und Direct Load-Services zugeschnitten ist. Die TMS-Software erm\u00f6glicht es, Sendungen ab zwei Lademetern, sechs Europaletten-Stellpl\u00e4tzen oder 2.500 kg effizient zu verwalten und termingerecht ans Ziel zu bringen.&nbsp; Ihre Herausforderung&nbsp; Gro\u00dfe Frachten [&hellip;]<\/p>\n","protected":false},"author":1,"featured_media":2565,"parent":0,"menu_order":0,"comment_status":"closed","ping_status":"closed","template":"","meta":{"_acf_changed":false,"content-type":"","footnotes":""},"categories":[],"tags":[],"class_list":["post-90","page","type-page","status-publish","has-post-thumbnail","hentry"],"acf":[],"_links":{"self":[{"href":"https:\/\/lbase.software\/en\/wp-json\/wp\/v2\/pages\/90","targetHints":{"allow":["GET"]}}],"collection":[{"href":"https:\/\/lbase.software\/en\/wp-json\/wp\/v2\/pages"}],"about":[{"href":"https:\/\/lbase.software\/en\/wp-json\/wp\/v2\/types\/page"}],"author":[{"embeddable":true,"href":"https:\/\/lbase.software\/en\/wp-json\/wp\/v2\/users\/1"}],"replies":[{"embeddable":true,"href":"https:\/\/lbase.software\/en\/wp-json\/wp\/v2\/comments?post=90"}],"version-history":[{"count":21,"href":"https:\/\/lbase.software\/en\/wp-json\/wp\/v2\/pages\/90\/revisions"}],"predecessor-version":[{"id":3485,"href":"https:\/\/lbase.software\/en\/wp-json\/wp\/v2\/pages\/90\/revisions\/3485"}],"wp:featuredmedia":[{"embeddable":true,"href":"https:\/\/lbase.software\/en\/wp-json\/wp\/v2\/media\/2565"}],"wp:attachment":[{"href":"https:\/\/lbase.software\/en\/wp-json\/wp\/v2\/media?parent=90"}],"wp:term":[{"taxonomy":"category","embeddable":true,"href":"https:\/\/lbase.software\/en\/wp-json\/wp\/v2\/categories?post=90"},{"taxonomy":"post_tag","embeddable":true,"href":"https:\/\/lbase.software\/en\/wp-json\/wp\/v2\/tags?post=90"}],"curies":[{"name":"wp","href":"https:\/\/api.w.org\/{rel}","templated":true}]}}