{"id":92,"date":"2024-10-21T09:34:20","date_gmt":"2024-10-21T09:34:20","guid":{"rendered":"https:\/\/test.lbase.software\/?page_id=92"},"modified":"2026-04-13T14:59:32","modified_gmt":"2026-04-13T14:59:32","slug":"cross-docking","status":"publish","type":"page","link":"https:\/\/lbase.software\/en\/cross-docking\/","title":{"rendered":"Cross-Docking"},"content":{"rendered":"<div class=\"wp-block-cover alignfull is-style-default has-base-color has-text-color has-link-color wp-elements-5431b45ce8ac9b5cba9b217b148f2797\" style=\"padding-top:var(--wp--preset--spacing--80);padding-bottom:var(--wp--preset--spacing--80);min-height:25vw;aspect-ratio:unset;\"><span aria-hidden=\"true\" class=\"wp-block-cover__background has-contrast-background-color has-background-dim-30 has-background-dim\"><\/span><img loading=\"lazy\" decoding=\"async\" width=\"1536\" height=\"600\" src=\"https:\/\/lbase.software\/wp-content\/uploads\/Cross_Docking_lbase_Website_FPik.jpg\" class=\"wp-block-cover__image-background wp-post-image\" alt=\"Cross Docking, Warenprozesse, TMS Transport Management System lbase axians\" data-object-fit=\"cover\" data-object-position=\"53% 49%\" style=\"object-position:53% 49%;\" srcset=\"https:\/\/lbase.software\/wp-content\/uploads\/Cross_Docking_lbase_Website_FPik.jpg 1536w, https:\/\/lbase.software\/wp-content\/uploads\/Cross_Docking_lbase_Website_FPik-300x117.jpg 300w, https:\/\/lbase.software\/wp-content\/uploads\/Cross_Docking_lbase_Website_FPik-1024x400.jpg 1024w, https:\/\/lbase.software\/wp-content\/uploads\/Cross_Docking_lbase_Website_FPik-768x300.jpg 768w, https:\/\/lbase.software\/wp-content\/uploads\/Cross_Docking_lbase_Website_FPik-18x7.jpg 18w\" sizes=\"auto, (max-width: 1536px) 100vw, 1536px\" \/><div class=\"wp-block-cover__inner-container is-layout-flow wp-block-cover-is-layout-flow\"><h2 class=\"has-text-align-center has-link-color wp-elements-6185a3863d3d479784602f2f05360429 wp-block-post-title has-text-color has-base-color\">Cross-Docking<\/h2><\/div><\/div>\n\n\n\n<div class=\"wp-block-group alignfull has-global-padding is-layout-constrained wp-container-core-group-is-layout-2cb48cf1 wp-block-group-is-layout-constrained has-background\" style=\"margin-top:var(--wp--preset--spacing--80);margin-bottom:var(--wp--preset--spacing--80);background-image:url(&apos;https:\/\/lbase.software\/wp-content\/uploads\/Helix.png&apos;);background-position:0% 50%;background-repeat:no-repeat;background-size:contain;\">\n<p class=\"has-large-font-size\">With lbase TMS, you can increase the efficiency and reliability of your LTL and FTL transport operations. You retain control of your logistics processes and ensure precise, punctual and safe deliveries - for part and full loads alike.&nbsp;<\/p>\n\n\n\n<div class=\"wp-block-group is-layout-grid wp-container-core-group-is-layout-bec8567f wp-block-group-is-layout-grid\">\n<div class=\"wp-block-group has-global-padding is-layout-constrained wp-block-group-is-layout-constrained\">\n<h2 class=\"wp-block-heading has-large-font-size\" id=\"h-ihre-herausforderung-nbsp\"><strong>Your challenge<\/strong>&nbsp;<\/h2>\n\n\n\n<p>Smooth cross-docking requires precise planning and perfect time management. Storage times can only be minimised and the benefits of this handling method fully exploited if the processes interlock seamlessly.&nbsp;<\/p>\n<\/div>\n\n\n\n<div class=\"wp-block-group has-global-padding is-layout-constrained wp-block-group-is-layout-constrained\">\n<h2 class=\"wp-block-heading has-large-font-size\" id=\"h-unsere-losung-nbsp\"><strong>Our solution<\/strong>&nbsp;<\/h2>\n\n\n\n<p>Our software supports various cross-docking models: with pre-distributed cross-docking, the goods are already pre-picked by the supplier and are only briefly checked before they are forwarded. Consolidated cross-docking, ideal for wholesalers and the automotive industry, organises the goods in the warehouse individually for onward transport. In the hybrid model, incoming goods can be combined with warehouse stock to fulfil even complex requirements.&nbsp;<\/p>\n<\/div>\n\n\n\n<div class=\"wp-block-group has-global-padding is-layout-constrained wp-block-group-is-layout-constrained\">\n<h2 class=\"wp-block-heading has-large-font-size\" id=\"h-die-zukunftsaussichten-nbsp\"><strong>The future prospects<\/strong>&nbsp;<\/h2>\n\n\n\n<p>The difference between traditional warehouses and cross-docking platforms is becoming increasingly blurred. Future warehouse management systems must integrate cross-docking efficiently in order to reduce warehousing costs, offer flexibility and optimise the use of resources.&nbsp;<\/p>\n<\/div>\n<\/div>\n<\/div>\n\n\n\n<div class=\"wp-block-group alignfull has-white-color has-luminous-vivid-amber-to-luminous-vivid-orange-gradient-background has-text-color has-background has-x-large-font-size is-layout-flow wp-block-group-is-layout-flow\" style=\"padding-top:var(--wp--preset--spacing--60);padding-right:var(--wp--preset--spacing--60);padding-bottom:var(--wp--preset--spacing--60);padding-left:var(--wp--preset--spacing--60)\">\n<div class=\"wp-block-group has-global-padding is-layout-constrained wp-block-group-is-layout-constrained\">\n<div class=\"wp-block-columns is-layout-flex wp-container-core-columns-is-layout-f24b2f23 wp-block-columns-is-layout-flex\" style=\"padding-top:var(--wp--preset--spacing--80);padding-bottom:var(--wp--preset--spacing--80)\">\n<div class=\"wp-block-column is-layout-flow wp-container-core-column-is-layout-f751d6c2 wp-block-column-is-layout-flow\" style=\"flex-basis:75%\">\n<div class=\"wp-block-group is-vertical is-layout-flex wp-container-core-group-is-layout-cd86aea5 wp-block-group-is-layout-flex\">\n<p>With our software solution for cross-docking, you can reduce storage times, cut costs and speed up your supply chain. This allows you to optimise your resources and ensure greater customer satisfaction.&nbsp;<\/p>\n\n\n\n<div class=\"wp-block-buttons is-layout-flex wp-block-buttons-is-layout-flex\">\n<div class=\"wp-block-button is-style-fill\"><a class=\"wp-block-button__link has-secondary-color has-white-background-color has-text-color has-background has-link-color wp-element-button\" href=\"https:\/\/lbase.software\/en\/contact\/\" style=\"border-style:none;border-width:0px\">CONTACT US<\/a><\/div>\n<\/div>\n<\/div>\n<\/div>\n\n\n\n<div class=\"wp-block-column is-layout-flow wp-block-column-is-layout-flow\" style=\"flex-basis:25%\">\n<div style=\"height:49px\" aria-hidden=\"true\" class=\"wp-block-spacer\"><\/div>\n<\/div>\n<\/div>\n<\/div>\n<\/div>","protected":false},"excerpt":{"rendered":"<p>Mit Cross-Docking optimieren Sie Ihren Warenfluss, indem eingehende Bestellungen direkt, ohne aufwendige Lagerung, vom Distributionszentrum zum Kunden oder zur Verkaufsstelle weitergeleitet werden. Unsere Software unterst\u00fctzt Sie bei der Planung und Koordination dieser Prozesse. Die Anlieferung wird pr\u00e4zise abgestimmt, die Waren sofort nach Ankunft sortiert, verpackt und f\u00fcr den Versand vorbereitet. Das spart Lagerkosten und verk\u00fcrzt [&hellip;]<\/p>\n","protected":false},"author":1,"featured_media":2538,"parent":0,"menu_order":0,"comment_status":"closed","ping_status":"closed","template":"","meta":{"_acf_changed":false,"content-type":"","footnotes":""},"categories":[],"tags":[],"class_list":["post-92","page","type-page","status-publish","has-post-thumbnail","hentry"],"acf":[],"_links":{"self":[{"href":"https:\/\/lbase.software\/en\/wp-json\/wp\/v2\/pages\/92","targetHints":{"allow":["GET"]}}],"collection":[{"href":"https:\/\/lbase.software\/en\/wp-json\/wp\/v2\/pages"}],"about":[{"href":"https:\/\/lbase.software\/en\/wp-json\/wp\/v2\/types\/page"}],"author":[{"embeddable":true,"href":"https:\/\/lbase.software\/en\/wp-json\/wp\/v2\/users\/1"}],"replies":[{"embeddable":true,"href":"https:\/\/lbase.software\/en\/wp-json\/wp\/v2\/comments?post=92"}],"version-history":[{"count":14,"href":"https:\/\/lbase.software\/en\/wp-json\/wp\/v2\/pages\/92\/revisions"}],"predecessor-version":[{"id":4715,"href":"https:\/\/lbase.software\/en\/wp-json\/wp\/v2\/pages\/92\/revisions\/4715"}],"wp:featuredmedia":[{"embeddable":true,"href":"https:\/\/lbase.software\/en\/wp-json\/wp\/v2\/media\/2538"}],"wp:attachment":[{"href":"https:\/\/lbase.software\/en\/wp-json\/wp\/v2\/media?parent=92"}],"wp:term":[{"taxonomy":"category","embeddable":true,"href":"https:\/\/lbase.software\/en\/wp-json\/wp\/v2\/categories?post=92"},{"taxonomy":"post_tag","embeddable":true,"href":"https:\/\/lbase.software\/en\/wp-json\/wp\/v2\/tags?post=92"}],"curies":[{"name":"wp","href":"https:\/\/api.w.org\/{rel}","templated":true}]}}