{"id":94,"date":"2024-10-21T09:34:27","date_gmt":"2024-10-21T09:34:27","guid":{"rendered":"https:\/\/test.lbase.software\/?page_id=94"},"modified":"2025-02-20T23:04:51","modified_gmt":"2025-02-20T23:04:51","slug":"intermodal-logistics","status":"publish","type":"page","link":"https:\/\/lbase.software\/en\/intermodale-logistik\/","title":{"rendered":"Intermodal Logistics"},"content":{"rendered":"<div class=\"wp-block-cover alignfull is-style-default has-base-color has-text-color has-link-color wp-elements-68f1db2848a3d24f8b8c79b4c347d631\" style=\"padding-top:var(--wp--preset--spacing--80);padding-bottom:var(--wp--preset--spacing--80);min-height:25vw;aspect-ratio:unset;\"><span aria-hidden=\"true\" class=\"wp-block-cover__background has-contrast-background-color has-background-dim\"><\/span><img loading=\"lazy\" decoding=\"async\" width=\"1536\" height=\"600\" src=\"https:\/\/lbase.software\/wp-content\/uploads\/Intermodal_lbase_Freepik_236218595.jpg\" class=\"wp-block-cover__image-background wp-post-image\" alt=\"Intermodale Logistik lbase TMS Transport Management Axians\" data-object-fit=\"cover\" data-object-position=\"49% 66%\" style=\"object-position:49% 66%;\" srcset=\"https:\/\/lbase.software\/wp-content\/uploads\/Intermodal_lbase_Freepik_236218595.jpg 1536w, https:\/\/lbase.software\/wp-content\/uploads\/Intermodal_lbase_Freepik_236218595-300x117.jpg 300w, https:\/\/lbase.software\/wp-content\/uploads\/Intermodal_lbase_Freepik_236218595-1024x400.jpg 1024w, https:\/\/lbase.software\/wp-content\/uploads\/Intermodal_lbase_Freepik_236218595-768x300.jpg 768w, https:\/\/lbase.software\/wp-content\/uploads\/Intermodal_lbase_Freepik_236218595-18x7.jpg 18w\" sizes=\"auto, (max-width: 1536px) 100vw, 1536px\" \/><div class=\"wp-block-cover__inner-container is-layout-flow wp-block-cover-is-layout-flow\"><h2 class=\"has-text-align-center has-link-color wp-elements-6185a3863d3d479784602f2f05360429 wp-block-post-title has-text-color has-base-color\">Intermodal Logistics<\/h2><\/div><\/div>\n\n\n\n<div class=\"wp-block-group alignfull has-global-padding is-layout-constrained wp-container-core-group-is-layout-2cb48cf1 wp-block-group-is-layout-constrained has-background\" style=\"margin-top:var(--wp--preset--spacing--80);margin-bottom:var(--wp--preset--spacing--80);background-image:url(&apos;https:\/\/lbase.software\/wp-content\/uploads\/Helix.png&apos;);background-position:0% 50%;background-repeat:no-repeat;background-size:contain;\">\n<p class=\"has-large-font-size\">In intermodal transport, different modes of transport such as air, sea and rail work together to make global supply chains efficient, flexible and sustainable. A reliable software solution is crucial for managing these complex processes and seamlessly connecting all players.&nbsp;<\/p>\n\n\n\n<div class=\"wp-block-group is-layout-grid wp-container-core-group-is-layout-bec8567f wp-block-group-is-layout-grid\">\n<div class=\"wp-block-group has-global-padding is-layout-constrained wp-block-group-is-layout-constrained\">\n<h2 class=\"wp-block-heading has-large-font-size\" id=\"h-fur-die-luftfracht-nbsp\"><strong>For air freight<\/strong>&nbsp;<\/h2>\n\n\n\n<p>Flexibility is crucial in air freight in order to compensate for fluctuating demand and capacity adjustments. With TMS Air, you get software that covers everything from quotation preparation to CASS invoicing. IATA-compliant rate calculations, interfaces to airlines, customs systems and flight plan data facilitate transport processing. Thanks to Track &amp; Trace, you always have an overview of your shipments in real time.&nbsp;<\/p>\n<\/div>\n\n\n\n<div class=\"wp-block-group has-global-padding is-layout-constrained wp-block-group-is-layout-constrained\">\n<h2 class=\"wp-block-heading has-large-font-size\" id=\"h-fur-die-seefracht-nbsp\"><strong>For sea freight<\/strong>&nbsp;<\/h2>\n\n\n\n<p>Reliable delivery times and competitive rates are crucial in sea freight. Our transport management software supports FCL, LCL and breakbulk shipments and adapts seamlessly to your processes. Interfaces to shipping companies, port telematics and customs systems ensure transparency for your shipments and planned arrival times - combined with modern automation functions for maximum efficiency.&nbsp;<\/p>\n<\/div>\n\n\n\n<div class=\"wp-block-group has-global-padding is-layout-constrained wp-block-group-is-layout-constrained\">\n<h2 class=\"wp-block-heading has-large-font-size\" id=\"h-fur-die-bahnfracht-nbsp\"><strong>For rail freight<\/strong>&nbsp;<\/h2>\n\n\n\n<p>Rail freight is becoming increasingly important due to the focus on sustainable logistics. With lbase Rail, you can plan and coordinate transports between rail and road efficiently. Functions such as real-time monitoring give you full control over your shipments and allow you to react early in the event of delays - for environmentally friendly and reliable logistics.&nbsp;<\/p>\n<\/div>\n<\/div>\n<\/div>\n\n\n\n<div class=\"wp-block-group alignfull has-white-color has-text-color has-background is-layout-flow wp-block-group-is-layout-flow\" style=\"background:linear-gradient(224deg,rgb(65,192,240) 0%,rgb(162,0,103) 100%);padding-top:var(--wp--preset--spacing--60);padding-right:var(--wp--preset--spacing--60);padding-bottom:var(--wp--preset--spacing--60);padding-left:var(--wp--preset--spacing--60)\">\n<div class=\"wp-block-group has-global-padding is-layout-constrained wp-block-group-is-layout-constrained\">\n<div class=\"wp-block-columns is-layout-flex wp-container-core-columns-is-layout-f24b2f23 wp-block-columns-is-layout-flex\" style=\"padding-top:var(--wp--preset--spacing--80);padding-bottom:var(--wp--preset--spacing--80)\">\n<div class=\"wp-block-column is-layout-flow wp-container-core-column-is-layout-f751d6c2 wp-block-column-is-layout-flow\" style=\"flex-basis:75%\">\n<div class=\"wp-block-group is-vertical is-layout-flex wp-container-core-group-is-layout-cd86aea5 wp-block-group-is-layout-flex\">\n<p class=\"has-x-large-font-size\">Our transport management software networks air, sea and rail freight and offers you the flexibility and transparency that modern logistics requires. This makes intermodal transport simpler, more efficient and more sustainable.&nbsp;<\/p>\n\n\n\n<div class=\"wp-block-buttons is-layout-flex wp-block-buttons-is-layout-flex\">\n<div class=\"wp-block-button is-style-fill\"><a class=\"wp-block-button__link has-secondary-color has-white-background-color has-text-color has-background has-link-color wp-element-button\" href=\"https:\/\/lbase.software\/en\/contact\/\" style=\"border-style:none;border-width:0px\">CONTACT US<\/a><\/div>\n<\/div>\n<\/div>\n<\/div>\n\n\n\n<div class=\"wp-block-column is-layout-flow wp-block-column-is-layout-flow\" style=\"flex-basis:25%\">\n<div style=\"height:49px\" aria-hidden=\"true\" class=\"wp-block-spacer\"><\/div>\n<\/div>\n<\/div>\n<\/div>\n<\/div>","protected":false},"excerpt":{"rendered":"<p>Im intermodalen Transport arbeiten verschiedene Verkehrstr\u00e4ger wie Luft, See und Schiene zusammen, um globale Lieferketten effizient, flexibel und nachhaltig zu gestalten. Eine zuverl\u00e4ssige Softwarel\u00f6sung ist entscheidend, um diese komplexen Prozesse zu steuern und alle Akteure nahtlos zu vernetzen.&nbsp; F\u00fcr die Luftfracht&nbsp; Flexibilit\u00e4t ist in der Luftfracht entscheidend, um schwankende Nachfrage und Kapazit\u00e4tsanpassungen auszugleichen. Mit TMS [&hellip;]<\/p>\n","protected":false},"author":1,"featured_media":2074,"parent":0,"menu_order":0,"comment_status":"closed","ping_status":"closed","template":"","meta":{"_acf_changed":false,"content-type":"","footnotes":""},"categories":[],"tags":[],"class_list":["post-94","page","type-page","status-publish","has-post-thumbnail","hentry"],"acf":[],"_links":{"self":[{"href":"https:\/\/lbase.software\/en\/wp-json\/wp\/v2\/pages\/94","targetHints":{"allow":["GET"]}}],"collection":[{"href":"https:\/\/lbase.software\/en\/wp-json\/wp\/v2\/pages"}],"about":[{"href":"https:\/\/lbase.software\/en\/wp-json\/wp\/v2\/types\/page"}],"author":[{"embeddable":true,"href":"https:\/\/lbase.software\/en\/wp-json\/wp\/v2\/users\/1"}],"replies":[{"embeddable":true,"href":"https:\/\/lbase.software\/en\/wp-json\/wp\/v2\/comments?post=94"}],"version-history":[{"count":13,"href":"https:\/\/lbase.software\/en\/wp-json\/wp\/v2\/pages\/94\/revisions"}],"predecessor-version":[{"id":3488,"href":"https:\/\/lbase.software\/en\/wp-json\/wp\/v2\/pages\/94\/revisions\/3488"}],"wp:featuredmedia":[{"embeddable":true,"href":"https:\/\/lbase.software\/en\/wp-json\/wp\/v2\/media\/2074"}],"wp:attachment":[{"href":"https:\/\/lbase.software\/en\/wp-json\/wp\/v2\/media?parent=94"}],"wp:term":[{"taxonomy":"category","embeddable":true,"href":"https:\/\/lbase.software\/en\/wp-json\/wp\/v2\/categories?post=94"},{"taxonomy":"post_tag","embeddable":true,"href":"https:\/\/lbase.software\/en\/wp-json\/wp\/v2\/tags?post=94"}],"curies":[{"name":"wp","href":"https:\/\/api.w.org\/{rel}","templated":true}]}}