{"id":96,"date":"2024-10-21T09:34:35","date_gmt":"2024-10-21T09:34:35","guid":{"rendered":"https:\/\/test.lbase.software\/?page_id=96"},"modified":"2025-02-20T23:10:48","modified_gmt":"2025-02-20T23:10:48","slug":"express-logistics","status":"publish","type":"page","link":"https:\/\/lbase.software\/en\/expresslogistik\/","title":{"rendered":"Express Logistics"},"content":{"rendered":"<div class=\"wp-block-cover alignfull is-style-default has-base-color has-text-color has-link-color wp-elements-d6ee0bdeae270e30ae0a154137ebc701\" style=\"padding-top:var(--wp--preset--spacing--80);padding-bottom:var(--wp--preset--spacing--80);min-height:25vw;aspect-ratio:unset;\"><span aria-hidden=\"true\" class=\"wp-block-cover__background has-fifth-background-color has-background-dim\"><\/span><img loading=\"lazy\" decoding=\"async\" width=\"2560\" height=\"1713\" src=\"https:\/\/lbase.software\/wp-content\/uploads\/iStock-480286794-scaled.jpg\" class=\"wp-block-cover__image-background wp-post-image\" alt=\"Expresslogistik lbase Transportmanagement Axians L\u00f6sungen\" data-object-fit=\"cover\" data-object-position=\"31% 45%\" style=\"object-position:31% 45%;\" srcset=\"https:\/\/lbase.software\/wp-content\/uploads\/iStock-480286794-scaled.jpg 2560w, https:\/\/lbase.software\/wp-content\/uploads\/iStock-480286794-300x201.jpg 300w, https:\/\/lbase.software\/wp-content\/uploads\/iStock-480286794-1024x685.jpg 1024w, https:\/\/lbase.software\/wp-content\/uploads\/iStock-480286794-768x514.jpg 768w, https:\/\/lbase.software\/wp-content\/uploads\/iStock-480286794-1536x1028.jpg 1536w, https:\/\/lbase.software\/wp-content\/uploads\/iStock-480286794-2048x1370.jpg 2048w, https:\/\/lbase.software\/wp-content\/uploads\/iStock-480286794-18x12.jpg 18w\" sizes=\"auto, (max-width: 2560px) 100vw, 2560px\" \/><div class=\"wp-block-cover__inner-container is-layout-flow wp-block-cover-is-layout-flow\"><h2 class=\"has-text-align-center has-link-color wp-elements-6185a3863d3d479784602f2f05360429 wp-block-post-title has-text-color has-base-color\">Express Logistics<\/h2><\/div><\/div>\n\n\n\n<div class=\"wp-block-group alignfull has-global-padding is-layout-constrained wp-container-core-group-is-layout-2cb48cf1 wp-block-group-is-layout-constrained has-background\" style=\"margin-top:var(--wp--preset--spacing--80);margin-bottom:var(--wp--preset--spacing--80);background-image:url(&apos;https:\/\/lbase.software\/wp-content\/uploads\/Helix.png&apos;);background-position:0% 50%;background-repeat:no-repeat;background-size:contain;\">\n<p class=\"has-large-font-size\">Courier, express and parcel services (CEP) fulfil key tasks in business and society. They enable the fast and reliable delivery of consignments weighing up to 50 kg, including overnight express services. lbase offers a specialised software solution for efficient pre-distribution in the network. Consignments are bundled in distribution centres and optimally prepared for the main run, saving time and resources.&nbsp;<\/p>\n\n\n\n<div class=\"wp-block-group is-layout-grid wp-container-core-group-is-layout-bec8567f wp-block-group-is-layout-grid\">\n<div class=\"wp-block-group has-global-padding is-layout-constrained wp-block-group-is-layout-constrained\">\n<h2 class=\"wp-block-heading has-large-font-size\" id=\"h-ihre-herausforderung-nbsp\"><strong>Your challenge<\/strong>&nbsp;<\/h2>\n\n\n\n<p>In express logistics, large volumes of consignments have to be distributed across complex networks. Efficient pre-distribution, end-to-end automation and live tracking through to proof of delivery (POD) are essential. This requires complete control and seamless monitoring of all processes.&nbsp;<\/p>\n<\/div>\n\n\n\n<div class=\"wp-block-group has-global-padding is-layout-constrained wp-block-group-is-layout-constrained\">\n<h2 class=\"wp-block-heading has-large-font-size\" id=\"h-unsere-losung-nbsp\"><strong>Our solution<\/strong>&nbsp;<\/h2>\n\n\n\n<p>lbase TMS offers a reliable solution for punctual deliveries with defined standard lead times, precise planning functions and real-time tracking information. The software also ensures seamless global data exchange and efficient EDI communication with all partners.&nbsp;<\/p>\n<\/div>\n\n\n\n<div class=\"wp-block-group has-global-padding is-layout-constrained wp-block-group-is-layout-constrained\">\n<h2 class=\"wp-block-heading has-large-font-size\" id=\"h-die-zukunftsaussichten-nbsp\"><strong>The future prospects<\/strong>&nbsp;<\/h2>\n\n\n\n<p>Growing online trade and increasing expectations of fast delivery times will continue to put pressure on CEP services in the future. lbase TMS supports you with digitalised processes, intelligent automation and technologies such as AI and IoT to meet the demands of express logistics in the future.&nbsp;<\/p>\n<\/div>\n<\/div>\n<\/div>\n\n\n\n<div class=\"wp-block-group alignfull has-white-color has-text-color has-background is-layout-flow wp-block-group-is-layout-flow\" style=\"background:linear-gradient(224deg,rgb(65,192,240) 0%,rgb(162,0,103) 100%);padding-top:var(--wp--preset--spacing--60);padding-right:var(--wp--preset--spacing--60);padding-bottom:var(--wp--preset--spacing--60);padding-left:var(--wp--preset--spacing--60)\">\n<div class=\"wp-block-group has-global-padding is-layout-constrained wp-block-group-is-layout-constrained\">\n<div class=\"wp-block-columns is-layout-flex wp-container-core-columns-is-layout-f24b2f23 wp-block-columns-is-layout-flex\" style=\"padding-top:var(--wp--preset--spacing--80);padding-bottom:var(--wp--preset--spacing--80)\">\n<div class=\"wp-block-column is-layout-flow wp-container-core-column-is-layout-f751d6c2 wp-block-column-is-layout-flow\" style=\"flex-basis:75%\">\n<div class=\"wp-block-group is-vertical is-layout-flex wp-container-core-group-is-layout-cd86aea5 wp-block-group-is-layout-flex\">\n<p class=\"has-x-large-font-size\">Thanks to standardised processes such as automated sorting and forwarding, our solution increases efficiency and reduces costs throughout the entire transport chain. This makes your express logistics even more efficient and future-proof.&nbsp;<\/p>\n\n\n\n<div class=\"wp-block-buttons is-layout-flex wp-block-buttons-is-layout-flex\">\n<div class=\"wp-block-button is-style-fill\"><a class=\"wp-block-button__link has-secondary-color has-white-background-color has-text-color has-background has-link-color wp-element-button\" href=\"https:\/\/lbase.software\/en\/contact\/\" style=\"border-style:none;border-width:0px\">CONTACT US<\/a><\/div>\n<\/div>\n<\/div>\n<\/div>\n\n\n\n<div class=\"wp-block-column is-layout-flow wp-block-column-is-layout-flow\" style=\"flex-basis:25%\">\n<div style=\"height:49px\" aria-hidden=\"true\" class=\"wp-block-spacer\"><\/div>\n<\/div>\n<\/div>\n<\/div>\n<\/div>","protected":false},"excerpt":{"rendered":"<p>Kurier-, Express- und Paketdienste (KEP) \u00fcbernehmen zentrale Aufgaben in Wirtschaft und Gesellschaft. Sie erm\u00f6glichen die schnelle und zuverl\u00e4ssige Zustellung von Sendungen bis zu 50 kg, einschlie\u00dflich Nachtexpress-Services. lbase bietet eine spezialisierte Softwarel\u00f6sung f\u00fcr die effiziente Vorverteilung im Netzwerk. Die Sendungen werden in Verteilzentren geb\u00fcndelt und optimal f\u00fcr den Hauptlauf vorbereitet, was Zeit und Ressourcen spart.&nbsp; [&hellip;]<\/p>\n","protected":false},"author":1,"featured_media":2744,"parent":0,"menu_order":0,"comment_status":"closed","ping_status":"closed","template":"","meta":{"_acf_changed":false,"content-type":"","footnotes":""},"categories":[],"tags":[],"class_list":["post-96","page","type-page","status-publish","has-post-thumbnail","hentry"],"acf":[],"_links":{"self":[{"href":"https:\/\/lbase.software\/en\/wp-json\/wp\/v2\/pages\/96","targetHints":{"allow":["GET"]}}],"collection":[{"href":"https:\/\/lbase.software\/en\/wp-json\/wp\/v2\/pages"}],"about":[{"href":"https:\/\/lbase.software\/en\/wp-json\/wp\/v2\/types\/page"}],"author":[{"embeddable":true,"href":"https:\/\/lbase.software\/en\/wp-json\/wp\/v2\/users\/1"}],"replies":[{"embeddable":true,"href":"https:\/\/lbase.software\/en\/wp-json\/wp\/v2\/comments?post=96"}],"version-history":[{"count":16,"href":"https:\/\/lbase.software\/en\/wp-json\/wp\/v2\/pages\/96\/revisions"}],"predecessor-version":[{"id":3489,"href":"https:\/\/lbase.software\/en\/wp-json\/wp\/v2\/pages\/96\/revisions\/3489"}],"wp:featuredmedia":[{"embeddable":true,"href":"https:\/\/lbase.software\/en\/wp-json\/wp\/v2\/media\/2744"}],"wp:attachment":[{"href":"https:\/\/lbase.software\/en\/wp-json\/wp\/v2\/media?parent=96"}],"wp:term":[{"taxonomy":"category","embeddable":true,"href":"https:\/\/lbase.software\/en\/wp-json\/wp\/v2\/categories?post=96"},{"taxonomy":"post_tag","embeddable":true,"href":"https:\/\/lbase.software\/en\/wp-json\/wp\/v2\/tags?post=96"}],"curies":[{"name":"wp","href":"https:\/\/api.w.org\/{rel}","templated":true}]}}